{"id":165,"date":"2024-11-20T14:53:13","date_gmt":"2024-11-20T12:53:13","guid":{"rendered":"https:\/\/casos-practics-identitat-digital.recursos.uoc.edu\/comunitats-practica-i-portafolis-professionals-en-lera-digital\/?page_id=165"},"modified":"2025-01-10T11:36:24","modified_gmt":"2025-01-10T09:36:24","slug":"1-1-introduccion","status":"publish","type":"page","link":"https:\/\/casos-practics-identitat-digital.recursos.uoc.edu\/comunitats-practica-i-portafolis-professionals-en-lera-digital\/es\/1-1-introduccion\/","title":{"rendered":"1.1. Introducci\u00f3n"},"content":{"rendered":"<p>En el actual contexto educativo, los porfolios profesionales sirven como una herramienta clave para la reflexi\u00f3n, el aprendizaje continuado y la demostraci\u00f3n de competencias. La implementaci\u00f3n de porfolios virtuales permite a los docentes documentar y compartir su desarrollo profesional de manera accesible y organizada (Joyes et al., 2020; Jafari y Kaufman, 2021). Los porfolios profesionales no \u00fanicamente benefician el desarrollo profesional de los docentes, sino que tambi\u00e9n pueden contribuir significativamente a desarrollar las competencias digitales del alumnado. Los alumnos aprenden a gestionar su propia identidad digital, a presentar sus trabajos de manera organizada y a reflexionar sobre su propio aprendizaje.<\/p>\n","protected":false},"excerpt":{"rendered":"<p>En el actual contexto educativo, los porfolios profesionales sirven como una herramienta clave para la reflexi\u00f3n, el aprendizaje continuado y la demostraci\u00f3n de competencias. La implementaci\u00f3n de porfolios virtuales permite a los docentes documentar y compartir su desarrollo profesional de manera accesible y organizada (Joyes et al., 2020; Jafari y Kaufman, 2021). Los porfolios profesionales [&hellip;]<\/p>\n","protected":false},"author":1,"featured_media":0,"parent":0,"menu_order":0,"comment_status":"closed","ping_status":"closed","template":"","meta":{"_acf_changed":false,"footnotes":""},"class_list":["post-165","page","type-page","status-publish","hentry"],"acf":[],"_links":{"self":[{"href":"https:\/\/casos-practics-identitat-digital.recursos.uoc.edu\/comunitats-practica-i-portafolis-professionals-en-lera-digital\/es\/wp-json\/wp\/v2\/pages\/165"}],"collection":[{"href":"https:\/\/casos-practics-identitat-digital.recursos.uoc.edu\/comunitats-practica-i-portafolis-professionals-en-lera-digital\/es\/wp-json\/wp\/v2\/pages"}],"about":[{"href":"https:\/\/casos-practics-identitat-digital.recursos.uoc.edu\/comunitats-practica-i-portafolis-professionals-en-lera-digital\/es\/wp-json\/wp\/v2\/types\/page"}],"author":[{"embeddable":true,"href":"https:\/\/casos-practics-identitat-digital.recursos.uoc.edu\/comunitats-practica-i-portafolis-professionals-en-lera-digital\/es\/wp-json\/wp\/v2\/users\/1"}],"replies":[{"embeddable":true,"href":"https:\/\/casos-practics-identitat-digital.recursos.uoc.edu\/comunitats-practica-i-portafolis-professionals-en-lera-digital\/es\/wp-json\/wp\/v2\/comments?post=165"}],"version-history":[{"count":2,"href":"https:\/\/casos-practics-identitat-digital.recursos.uoc.edu\/comunitats-practica-i-portafolis-professionals-en-lera-digital\/es\/wp-json\/wp\/v2\/pages\/165\/revisions"}],"predecessor-version":[{"id":168,"href":"https:\/\/casos-practics-identitat-digital.recursos.uoc.edu\/comunitats-practica-i-portafolis-professionals-en-lera-digital\/es\/wp-json\/wp\/v2\/pages\/165\/revisions\/168"}],"wp:attachment":[{"href":"https:\/\/casos-practics-identitat-digital.recursos.uoc.edu\/comunitats-practica-i-portafolis-professionals-en-lera-digital\/es\/wp-json\/wp\/v2\/media?parent=165"}],"curies":[{"name":"wp","href":"https:\/\/api.w.org\/{rel}","templated":true}]}}