{"id":199,"date":"2024-11-21T10:35:56","date_gmt":"2024-11-21T08:35:56","guid":{"rendered":"https:\/\/casos-practics-identitat-digital.recursos.uoc.edu\/comunitats-practica-i-portafolis-professionals-en-lera-digital\/?page_id=199"},"modified":"2025-01-10T12:23:40","modified_gmt":"2025-01-10T10:23:40","slug":"2-4-recursos-humanos-y-de-gestion-del-centro","status":"publish","type":"page","link":"https:\/\/casos-practics-identitat-digital.recursos.uoc.edu\/comunitats-practica-i-portafolis-professionals-en-lera-digital\/es\/2-4-recursos-humanos-y-de-gestion-del-centro\/","title":{"rendered":"2.4.\tRecursos humanos y de gesti\u00f3n del centro"},"content":{"rendered":"<p>La escuela Els Estels dispone de un equipo humano comprometido con la educaci\u00f3n de sus alumnos, a pesar de las limitaciones tecnol\u00f3gicas y los retos que conlleva la digitalizaci\u00f3n en una zona rural. A continuaci\u00f3n, se detallan los recursos humanos y de gesti\u00f3n del centro:<\/p>\n<ul>\n<li><strong>Equipo docente<\/strong>. El equipo docente de la escuela Els Estels est\u00e1 formado por veinte maestros que imparten clases desde educaci\u00f3n infantil hasta sexto de primaria. Los docentes tienen una amplia experiencia en su campo y est\u00e1n comprometidos con la mejora continua de la calidad educativa del centro. Aunque la mayor\u00eda de los maestros tienen una formaci\u00f3n tradicional, algunos han empezado a incorporar herramientas digitales en sus clases para mejorar los procesos de ense\u00f1anza y aprendizaje.<\/li>\n<li><strong>Especialista en apoyo educativo<\/strong>. La escuela dispone de un orientador que trabaja con alumnos con necesidades educativas especiales o dificultades de aprendizaje. Este profesional proporciona atenci\u00f3n individualizada y adaptaciones curriculares para asegurar que todos los alumnos tengan acceso a una educaci\u00f3n de calidad y puedan alcanzar sus objetivos acad\u00e9micos.<\/li>\n<li><strong>Coordinador digital<\/strong>. Tiene un papel crucial en el esfuerzo por digitalizar el centro. A pesar de ser maestro de ingl\u00e9s y no tener una formaci\u00f3n t\u00e9cnica espec\u00edfica, este coordinador lidera la implementaci\u00f3n de tecnolog\u00edas educativas y fomenta el uso de las tecnolog\u00edas de la informaci\u00f3n y la comunicaci\u00f3n (TIC) entre el personal docente. Sus tareas incluyen la gesti\u00f3n de la plataforma digital b\u00e1sica del centro y de los dispositivos digitales, as\u00ed como la coordinaci\u00f3n con el equipo directivo para definir las estrategias de digitalizaci\u00f3n de la escuela.<\/li>\n<\/ul>\n<p>Debido a las modestas dimensiones del centro, los cargos de coordinaci\u00f3n se distribuyen entre los docentes para garantizar una gesti\u00f3n eficiente y una atenci\u00f3n adecuada a todas las necesidades educativas:<\/p>\n<ul>\n<li><strong>Equipo directivo<\/strong>. El equipo directivo de la escuela est\u00e1 formado por tres miembros clave que gestionan y coordinan las actividades educativas y administrativas del centro.\n<ul>\n<li><strong>Director<\/strong>. Es el m\u00e1ximo responsable de la gesti\u00f3n del centro. Se encarga de liderar el equipo docente, coordinar las actividades escolares, supervisar el cumplimiento de los objetivos educativos y mantener una comunicaci\u00f3n fluida con las familias y las instituciones educativas.<\/li>\n<li><strong>Jefe de estudios<\/strong>. Es responsable de la organizaci\u00f3n acad\u00e9mica. Planifica los horarios, distribuye las tareas docentes y se asegura de que el curr\u00edculo se cumpla adecuadamente. Tambi\u00e9n coordina las actividades extraescolares y supervisa la evaluaci\u00f3n del estudiantado.<\/li>\n<li><strong>Coordinador pedag\u00f3gico<\/strong>. Se encarga de supervisar e implementar las metodolog\u00edas pedag\u00f3gicas en el centro. Trabaja estrechamente con los maestros para garantizar que las estrategias educativas se adapten a las necesidades de los alumnos y promueve la formaci\u00f3n continua de los docentes.<\/li>\n<\/ul>\n<\/li>\n<li><strong>Coordinadores de ciclo<\/strong>. Cada ciclo (inicial, medio y superior) tiene un coordinador que se encarga de supervisar y coordinar las actividades acad\u00e9micas y administrativas de su ciclo. Este coordinador trabaja con los maestros para asegurar la coherencia y la calidad educativa.<\/li>\n<li><strong>Coordinador COCOBE<\/strong>. El coordinador de coeducaci\u00f3n, convivencia y bienestar del alumnado (COCOBE) es el responsable de promover un ambiente escolar positivo y gestionar los conflictos entre alumnos. Trabaja en estrecha colaboraci\u00f3n con los docentes, el orientador y las familias para fomentar valores de respeto y convivencia pac\u00edfica.<\/li>\n<li><strong>Coordinador de tutor\u00edas<\/strong>. Se encarga de supervisar y coordinar las actividades de tutor\u00eda en el centro. Este papel incluye organizar las reuniones de tutor\u00eda con los alumnos, planificar y ejecutar programas de desarrollo personal y emocional y dar apoyo a los tutores en la gesti\u00f3n de sus responsabilidades. Tambi\u00e9n promueve actividades que fomentan la cohesi\u00f3n del grupo y el clima positivo en el aula, as\u00ed como la resoluci\u00f3n de conflictos de manera constructiva.<\/li>\n<\/ul>\n","protected":false},"excerpt":{"rendered":"<p>La escuela Els Estels dispone de un equipo humano comprometido con la educaci\u00f3n de sus alumnos, a pesar de las limitaciones tecnol\u00f3gicas y los retos que conlleva la digitalizaci\u00f3n en una zona rural. A continuaci\u00f3n, se detallan los recursos humanos y de gesti\u00f3n del centro: Equipo docente. El equipo docente de la escuela Els Estels [&hellip;]<\/p>\n","protected":false},"author":1,"featured_media":0,"parent":0,"menu_order":0,"comment_status":"closed","ping_status":"closed","template":"","meta":{"_acf_changed":false,"footnotes":""},"class_list":["post-199","page","type-page","status-publish","hentry"],"acf":[],"_links":{"self":[{"href":"https:\/\/casos-practics-identitat-digital.recursos.uoc.edu\/comunitats-practica-i-portafolis-professionals-en-lera-digital\/es\/wp-json\/wp\/v2\/pages\/199"}],"collection":[{"href":"https:\/\/casos-practics-identitat-digital.recursos.uoc.edu\/comunitats-practica-i-portafolis-professionals-en-lera-digital\/es\/wp-json\/wp\/v2\/pages"}],"about":[{"href":"https:\/\/casos-practics-identitat-digital.recursos.uoc.edu\/comunitats-practica-i-portafolis-professionals-en-lera-digital\/es\/wp-json\/wp\/v2\/types\/page"}],"author":[{"embeddable":true,"href":"https:\/\/casos-practics-identitat-digital.recursos.uoc.edu\/comunitats-practica-i-portafolis-professionals-en-lera-digital\/es\/wp-json\/wp\/v2\/users\/1"}],"replies":[{"embeddable":true,"href":"https:\/\/casos-practics-identitat-digital.recursos.uoc.edu\/comunitats-practica-i-portafolis-professionals-en-lera-digital\/es\/wp-json\/wp\/v2\/comments?post=199"}],"version-history":[{"count":2,"href":"https:\/\/casos-practics-identitat-digital.recursos.uoc.edu\/comunitats-practica-i-portafolis-professionals-en-lera-digital\/es\/wp-json\/wp\/v2\/pages\/199\/revisions"}],"predecessor-version":[{"id":201,"href":"https:\/\/casos-practics-identitat-digital.recursos.uoc.edu\/comunitats-practica-i-portafolis-professionals-en-lera-digital\/es\/wp-json\/wp\/v2\/pages\/199\/revisions\/201"}],"wp:attachment":[{"href":"https:\/\/casos-practics-identitat-digital.recursos.uoc.edu\/comunitats-practica-i-portafolis-professionals-en-lera-digital\/es\/wp-json\/wp\/v2\/media?parent=199"}],"curies":[{"name":"wp","href":"https:\/\/api.w.org\/{rel}","templated":true}]}}