{"id":202,"date":"2024-11-21T10:38:25","date_gmt":"2024-11-21T08:38:25","guid":{"rendered":"https:\/\/casos-practics-identitat-digital.recursos.uoc.edu\/comunitats-practica-i-portafolis-professionals-en-lera-digital\/?page_id=202"},"modified":"2025-01-10T12:34:49","modified_gmt":"2025-01-10T10:34:49","slug":"2-5-principios-metodologicos-del-centro","status":"publish","type":"page","link":"https:\/\/casos-practics-identitat-digital.recursos.uoc.edu\/comunitats-practica-i-portafolis-professionals-en-lera-digital\/es\/2-5-principios-metodologicos-del-centro\/","title":{"rendered":"2.5.\tPrincipios metodol\u00f3gicos del centro"},"content":{"rendered":"<p>El centro se compromete a ofrecer una educaci\u00f3n de calidad centrada en el desarrollo integral de sus alumnos. Los principios metodol\u00f3gicos del centro se basan en una serie de ejes tem\u00e1ticos que gu\u00edan la pr\u00e1ctica educativa diaria, asegurando que la ense\u00f1anza sea activa, participativa y adaptada a las necesidades de los estudiantes.<\/p>\n<ul>\n<li><strong>Metodolog\u00eda activa y participativa<\/strong>. El centro promueve una metodolog\u00eda que implica a los alumnos en su propio proceso de aprendizaje. Esto se traduce en actividades que requieren la participaci\u00f3n activa de los estudiantes, como proyectos, experimentos y actividades pr\u00e1cticas que fomentan el aprendizaje significativo. Los maestros act\u00faan como gu\u00edas: facilitan el descubrimiento y la construcci\u00f3n del conocimiento de los alumnos.<\/li>\n<li><strong>Desarrollo integral del alumno<\/strong>. La educaci\u00f3n en la escuela Els Estels no se limita a la adquisici\u00f3n de conocimientos acad\u00e9micos, sino que incluye tambi\u00e9n el desarrollo emocional, social y f\u00edsico de los alumnos. Se prioriza la educaci\u00f3n en valores, la gesti\u00f3n emocional y las habilidades sociales para formar personas completas y preparadas para afrontar los retos del futuro.<\/li>\n<li><strong>Fomento de la autonom\u00eda<\/strong>. Uno de los principales objetivos del centro es que los alumnos aprendan a ser aut\u00f3nomos y responsables de su propio aprendizaje. Esto se promueve por medio de la autoevaluaci\u00f3n, la toma de decisiones y la gesti\u00f3n del tiempo y los recursos personales. Los maestros proporcionan las herramientas necesarias para que los alumnos puedan gestionar su aprendizaje de manera independiente.<\/li>\n<li><strong>Creatividad e innovaci\u00f3n<\/strong>. La creatividad es un elemento clave en el proceso de aprendizaje en la escuela Els Estels. Se busca que los alumnos desarrollen el pensamiento creativo e innovador mediante actividades que desaf\u00edan su imaginaci\u00f3n y capacidad de resoluci\u00f3n de problemas. Esto incluye el arte, la m\u00fasica, la dramatizaci\u00f3n y otras formas de expresi\u00f3n creativa.<\/li>\n<li><strong>Trabajo colaborativo<\/strong>. El trabajo en equipo es una habilidad fundamental que se promueve activamente en el centro. Los alumnos trabajan conjuntamente en proyectos y actividades. Aprenden a cooperar, a escuchar y a respetar las ideas de los dem\u00e1s. Este enfoque fomenta un ambiente de apoyo mutuo y de desarrollo de competencias sociales esenciales para la vida en sociedad.<\/li>\n<\/ul>\n","protected":false},"excerpt":{"rendered":"<p>El centro se compromete a ofrecer una educaci\u00f3n de calidad centrada en el desarrollo integral de sus alumnos. Los principios metodol\u00f3gicos del centro se basan en una serie de ejes tem\u00e1ticos que gu\u00edan la pr\u00e1ctica educativa diaria, asegurando que la ense\u00f1anza sea activa, participativa y adaptada a las necesidades de los estudiantes. Metodolog\u00eda activa y [&hellip;]<\/p>\n","protected":false},"author":1,"featured_media":0,"parent":0,"menu_order":0,"comment_status":"closed","ping_status":"closed","template":"","meta":{"_acf_changed":false,"footnotes":""},"class_list":["post-202","page","type-page","status-publish","hentry"],"acf":[],"_links":{"self":[{"href":"https:\/\/casos-practics-identitat-digital.recursos.uoc.edu\/comunitats-practica-i-portafolis-professionals-en-lera-digital\/es\/wp-json\/wp\/v2\/pages\/202"}],"collection":[{"href":"https:\/\/casos-practics-identitat-digital.recursos.uoc.edu\/comunitats-practica-i-portafolis-professionals-en-lera-digital\/es\/wp-json\/wp\/v2\/pages"}],"about":[{"href":"https:\/\/casos-practics-identitat-digital.recursos.uoc.edu\/comunitats-practica-i-portafolis-professionals-en-lera-digital\/es\/wp-json\/wp\/v2\/types\/page"}],"author":[{"embeddable":true,"href":"https:\/\/casos-practics-identitat-digital.recursos.uoc.edu\/comunitats-practica-i-portafolis-professionals-en-lera-digital\/es\/wp-json\/wp\/v2\/users\/1"}],"replies":[{"embeddable":true,"href":"https:\/\/casos-practics-identitat-digital.recursos.uoc.edu\/comunitats-practica-i-portafolis-professionals-en-lera-digital\/es\/wp-json\/wp\/v2\/comments?post=202"}],"version-history":[{"count":2,"href":"https:\/\/casos-practics-identitat-digital.recursos.uoc.edu\/comunitats-practica-i-portafolis-professionals-en-lera-digital\/es\/wp-json\/wp\/v2\/pages\/202\/revisions"}],"predecessor-version":[{"id":205,"href":"https:\/\/casos-practics-identitat-digital.recursos.uoc.edu\/comunitats-practica-i-portafolis-professionals-en-lera-digital\/es\/wp-json\/wp\/v2\/pages\/202\/revisions\/205"}],"wp:attachment":[{"href":"https:\/\/casos-practics-identitat-digital.recursos.uoc.edu\/comunitats-practica-i-portafolis-professionals-en-lera-digital\/es\/wp-json\/wp\/v2\/media?parent=202"}],"curies":[{"name":"wp","href":"https:\/\/api.w.org\/{rel}","templated":true}]}}