{"id":222,"date":"2024-11-21T10:42:52","date_gmt":"2024-11-21T08:42:52","guid":{"rendered":"https:\/\/casos-practics-identitat-digital.recursos.uoc.edu\/comunitats-practica-i-portafolis-professionals-en-lera-digital\/?page_id=222"},"modified":"2025-01-10T12:40:52","modified_gmt":"2025-01-10T10:40:52","slug":"3-1-introduccion","status":"publish","type":"page","link":"https:\/\/casos-practics-identitat-digital.recursos.uoc.edu\/comunitats-practica-i-portafolis-professionals-en-lera-digital\/es\/3-1-introduccion\/","title":{"rendered":"3.1. Introducci\u00f3n"},"content":{"rendered":"<p>La <strong>escuela Els Estels <\/strong>ha decidido implementar porfolios virtuales de tutor\u00eda para el siguiente curso, con el objetivo de mejorar el seguimiento y la evaluaci\u00f3n de los alumnos, as\u00ed como de fomentar el uso de las tecnolog\u00edas digitales en el proceso educativo. No obstante, la mayor parte del profesorado no tiene experiencia previa en la creaci\u00f3n y gesti\u00f3n de porfolios digitales. Por este motivo, el centro ha organizado una formaci\u00f3n espec\u00edfica para los docentes, con el objetivo de capacitarlos en el uso de esta herramienta.<\/p>\n","protected":false},"excerpt":{"rendered":"<p>La escuela Els Estels ha decidido implementar porfolios virtuales de tutor\u00eda para el siguiente curso, con el objetivo de mejorar el seguimiento y la evaluaci\u00f3n de los alumnos, as\u00ed como de fomentar el uso de las tecnolog\u00edas digitales en el proceso educativo. No obstante, la mayor parte del profesorado no tiene experiencia previa en la [&hellip;]<\/p>\n","protected":false},"author":1,"featured_media":0,"parent":0,"menu_order":0,"comment_status":"closed","ping_status":"closed","template":"","meta":{"_acf_changed":false,"footnotes":""},"class_list":["post-222","page","type-page","status-publish","hentry"],"acf":[],"_links":{"self":[{"href":"https:\/\/casos-practics-identitat-digital.recursos.uoc.edu\/comunitats-practica-i-portafolis-professionals-en-lera-digital\/es\/wp-json\/wp\/v2\/pages\/222"}],"collection":[{"href":"https:\/\/casos-practics-identitat-digital.recursos.uoc.edu\/comunitats-practica-i-portafolis-professionals-en-lera-digital\/es\/wp-json\/wp\/v2\/pages"}],"about":[{"href":"https:\/\/casos-practics-identitat-digital.recursos.uoc.edu\/comunitats-practica-i-portafolis-professionals-en-lera-digital\/es\/wp-json\/wp\/v2\/types\/page"}],"author":[{"embeddable":true,"href":"https:\/\/casos-practics-identitat-digital.recursos.uoc.edu\/comunitats-practica-i-portafolis-professionals-en-lera-digital\/es\/wp-json\/wp\/v2\/users\/1"}],"replies":[{"embeddable":true,"href":"https:\/\/casos-practics-identitat-digital.recursos.uoc.edu\/comunitats-practica-i-portafolis-professionals-en-lera-digital\/es\/wp-json\/wp\/v2\/comments?post=222"}],"version-history":[{"count":2,"href":"https:\/\/casos-practics-identitat-digital.recursos.uoc.edu\/comunitats-practica-i-portafolis-professionals-en-lera-digital\/es\/wp-json\/wp\/v2\/pages\/222\/revisions"}],"predecessor-version":[{"id":224,"href":"https:\/\/casos-practics-identitat-digital.recursos.uoc.edu\/comunitats-practica-i-portafolis-professionals-en-lera-digital\/es\/wp-json\/wp\/v2\/pages\/222\/revisions\/224"}],"wp:attachment":[{"href":"https:\/\/casos-practics-identitat-digital.recursos.uoc.edu\/comunitats-practica-i-portafolis-professionals-en-lera-digital\/es\/wp-json\/wp\/v2\/media?parent=222"}],"curies":[{"name":"wp","href":"https:\/\/api.w.org\/{rel}","templated":true}]}}