{"id":241,"date":"2024-11-21T11:08:40","date_gmt":"2024-11-21T09:08:40","guid":{"rendered":"https:\/\/casos-practics-identitat-digital.recursos.uoc.edu\/comunitats-practica-i-portafolis-professionals-en-lera-digital\/?page_id=241"},"modified":"2025-01-17T13:15:36","modified_gmt":"2025-01-17T11:15:36","slug":"3-5-analisis-del-caso","status":"publish","type":"page","link":"https:\/\/casos-practics-identitat-digital.recursos.uoc.edu\/comunitats-practica-i-portafolis-professionals-en-lera-digital\/es\/3-5-analisis-del-caso\/","title":{"rendered":"3.5.\tAn\u00e1lisis del caso"},"content":{"rendered":"<p>La implementaci\u00f3n de los porfolios virtuales facilita la gesti\u00f3n de la tutor\u00eda y mejora la comunicaci\u00f3n entre docentes y familias. Sin embargo, se identifican desaf\u00edos en la curva de aprendizaje de los maestros menos familiarizados con la tecnolog\u00eda. La formaci\u00f3n continua es esencial para asegurar una integraci\u00f3n efectiva de la nueva herramienta.<\/p>\n<p>La formaci\u00f3n permite a los docentes adquirir competencias digitales necesarias para configurar los porfolios y utilizarlos en sus clases. Los maestros empiezan a utilizar los porfolios para documentar el progreso de los alumnos, compartir recursos y reflexionar sobre su pr\u00e1ctica educativa. Adem\u00e1s, los alumnos empiezan a desarrollar sus competencias digitales mediante la gesti\u00f3n de sus propios porfolios.<\/p>\n<p>El trabajo en comunidades de pr\u00e1ctica tuvo un papel fundamental en la aplicaci\u00f3n de los porfolios digitales en el aula, especialmente en un entorno en el que hay una gran diversidad en la competencia digital de los docentes. A continuaci\u00f3n, se detalla c\u00f3mo estas comunidades pueden facilitar la implementaci\u00f3n y maximizar los beneficios de los porfolios digitales:<\/p>\n<ul>\n<li><strong>Fomentar el apoyo colectivo y el aprendizaje entre iguales<\/strong>. Las comunidades de pr\u00e1ctica permiten que los docentes con m\u00e1s experiencia y competencia digital puedan compartir sus conocimientos con los que tienen m\u00e1s dificultades. Este aprendizaje entre iguales facilita la adquisici\u00f3n de nuevas habilidades en un entorno de apoyo mutuo y de colaboraci\u00f3n. Los docentes pueden aprender de los \u00e9xitos y errores de sus compa\u00f1eros, y as\u00ed acelerar la curva de aprendizaje y reducir la sensaci\u00f3n de aislamiento que pueden experimentar quienes tienen menos competencia digital.<\/li>\n<li><strong>Crear un espacio para resolver problemas<\/strong>. En una comunidad de pr\u00e1ctica, los docentes pueden compartir los retos que encuentran en la implementaci\u00f3n de los porfolios digitales y trabajar conjuntamente para encontrar soluciones. Este intercambio de ideas y estrategias no solo ayuda a superar obst\u00e1culos t\u00e9cnicos y pedag\u00f3gicos, sino que tambi\u00e9n enriquece el proceso de aprendizaje, ya que los participantes pueden aportar perspectivas diversas e innovadoras. Las sesiones de codocencia que hicieron las parejas de la formaci\u00f3n ayudaron a superar los problemas que los docentes menos competentes digitalmente encontraron a la hora de aplicar los porfolios.<\/li>\n<li><strong>Fomentar el desarrollo profesional continuo<\/strong>. Las comunidades de pr\u00e1ctica fomentan una cultura de desarrollo profesional continuo. A medida que los docentes se familiarizan con los porfolios digitales, pueden identificar \u00e1reas en las que necesitan m\u00e1s formaci\u00f3n o apoyo y buscar activamente oportunidades para mejorar sus competencias. Esta formaci\u00f3n continua, impulsada por la colaboraci\u00f3n y el apoyo dentro de la comunidad, asegura que los docentes se mantengan al d\u00eda con las nuevas tecnolog\u00edas y las metodolog\u00edas educativas.<\/li>\n<li><strong>Incrementar la motivaci\u00f3n y la confianza<\/strong>. La participaci\u00f3n en una comunidad de pr\u00e1ctica puede aumentar la motivaci\u00f3n y la confianza de los docentes. Sentirse parte de un grupo que trabaja conjuntamente hacia un objetivo com\u00fan puede ser muy motivador, especialmente para quienes inicialmente se sent\u00edan intimidados por las nuevas tecnolog\u00edas. La confianza que ganan los docentes en el proceso tambi\u00e9n se traduce en una mejor aplicaci\u00f3n de los porfolios digitales en el aula y en una mayor efectividad en la ense\u00f1anza.<\/li>\n<li><strong>Adaptar las pr\u00e1cticas a las necesidades del alumnado<\/strong>. Las comunidades de pr\u00e1ctica permiten a los docentes compartir y adaptar sus pr\u00e1cticas pedag\u00f3gicas seg\u00fan las necesidades espec\u00edficas de sus alumnos. Este intercambio constante de informaci\u00f3n y experiencias asegura que los porfolios digitales se utilicen de manera efectiva para mejorar el proceso de aprendizaje del alumnado, desarrollar sus competencias digitales y favorecer su progreso acad\u00e9mico.<\/li>\n<li><strong>Mejorar la comunicaci\u00f3n con las familias<\/strong>. Con el trabajo colaborativo, los docentes pueden desarrollar estrategias comunes para utilizar los porfolios digitales como una herramienta de comunicaci\u00f3n con las familias. Esto incluye c\u00f3mo compartir recursos, documentar el progreso de los alumnos y garantizar la privacidad y la seguridad de la informaci\u00f3n. La coherencia en la manera de usar los porfolios entre todos los docentes mejora la transparencia y la confianza con las familias.<\/li>\n<li><strong>Facilitar la reflexi\u00f3n sobre la pr\u00e1ctica educativa<\/strong>. Las comunidades de pr\u00e1ctica ofrecen un espacio para la reflexi\u00f3n conjunta sobre la pr\u00e1ctica educativa. Los docentes pueden utilizar los porfolios digitales para documentar y analizar sus propias pr\u00e1cticas, recibir retorno de sus colegas y ajustar sus metodolog\u00edas seg\u00fan los resultados obtenidos. Esta reflexi\u00f3n colectiva contribuye a una mejora continua de la calidad de la ense\u00f1anza.<\/li>\n<\/ul>\n","protected":false},"excerpt":{"rendered":"<p>La implementaci\u00f3n de los porfolios virtuales facilita la gesti\u00f3n de la tutor\u00eda y mejora la comunicaci\u00f3n entre docentes y familias. Sin embargo, se identifican desaf\u00edos en la curva de aprendizaje de los maestros menos familiarizados con la tecnolog\u00eda. La formaci\u00f3n continua es esencial para asegurar una integraci\u00f3n efectiva de la nueva herramienta. La formaci\u00f3n permite [&hellip;]<\/p>\n","protected":false},"author":1,"featured_media":0,"parent":0,"menu_order":0,"comment_status":"closed","ping_status":"closed","template":"","meta":{"_acf_changed":false,"footnotes":""},"class_list":["post-241","page","type-page","status-publish","hentry"],"acf":[],"_links":{"self":[{"href":"https:\/\/casos-practics-identitat-digital.recursos.uoc.edu\/comunitats-practica-i-portafolis-professionals-en-lera-digital\/es\/wp-json\/wp\/v2\/pages\/241"}],"collection":[{"href":"https:\/\/casos-practics-identitat-digital.recursos.uoc.edu\/comunitats-practica-i-portafolis-professionals-en-lera-digital\/es\/wp-json\/wp\/v2\/pages"}],"about":[{"href":"https:\/\/casos-practics-identitat-digital.recursos.uoc.edu\/comunitats-practica-i-portafolis-professionals-en-lera-digital\/es\/wp-json\/wp\/v2\/types\/page"}],"author":[{"embeddable":true,"href":"https:\/\/casos-practics-identitat-digital.recursos.uoc.edu\/comunitats-practica-i-portafolis-professionals-en-lera-digital\/es\/wp-json\/wp\/v2\/users\/1"}],"replies":[{"embeddable":true,"href":"https:\/\/casos-practics-identitat-digital.recursos.uoc.edu\/comunitats-practica-i-portafolis-professionals-en-lera-digital\/es\/wp-json\/wp\/v2\/comments?post=241"}],"version-history":[{"count":3,"href":"https:\/\/casos-practics-identitat-digital.recursos.uoc.edu\/comunitats-practica-i-portafolis-professionals-en-lera-digital\/es\/wp-json\/wp\/v2\/pages\/241\/revisions"}],"predecessor-version":[{"id":269,"href":"https:\/\/casos-practics-identitat-digital.recursos.uoc.edu\/comunitats-practica-i-portafolis-professionals-en-lera-digital\/es\/wp-json\/wp\/v2\/pages\/241\/revisions\/269"}],"wp:attachment":[{"href":"https:\/\/casos-practics-identitat-digital.recursos.uoc.edu\/comunitats-practica-i-portafolis-professionals-en-lera-digital\/es\/wp-json\/wp\/v2\/media?parent=241"}],"curies":[{"name":"wp","href":"https:\/\/api.w.org\/{rel}","templated":true}]}}