{"id":249,"date":"2024-11-21T11:18:15","date_gmt":"2024-11-21T09:18:15","guid":{"rendered":"https:\/\/casos-practics-identitat-digital.recursos.uoc.edu\/comunitats-practica-i-portafolis-professionals-en-lera-digital\/?page_id=249"},"modified":"2025-01-10T13:06:11","modified_gmt":"2025-01-10T11:06:11","slug":"3-7-alternativas","status":"publish","type":"page","link":"https:\/\/casos-practics-identitat-digital.recursos.uoc.edu\/comunitats-practica-i-portafolis-professionals-en-lera-digital\/es\/3-7-alternativas\/","title":{"rendered":"3.7.\tAlternativas"},"content":{"rendered":"<p>La introducci\u00f3n de los porfolios digitales en la escuela Els Estels ha puesto de manifiesto la diversidad en la competencia digital de los docentes. Para garantizar una implementaci\u00f3n exitosa e inclusiva, es esencial considerar diferentes estrategias que puedan ayudar a los docentes con menos experiencia digital a superar sus dificultades. A continuaci\u00f3n, se presentan algunas alternativas:<\/p>\n<ul>\n<li><strong>Realizar talleres pr\u00e1cticos peri\u00f3dicos<\/strong>. Organizar talleres pr\u00e1cticos de manera regular puede ayudar a resolver dudas y tambi\u00e9n puede permitir a los docentes compartir sus experiencias y aprender de sus compa\u00f1eros. Estos talleres pueden incluir sesiones de formaci\u00f3n espec\u00edfica en funciones b\u00e1sicas y avanzadas de los porfolios digitales, ejemplos pr\u00e1cticos de c\u00f3mo utilizarlos en el aula y espacios para discutir problemas y soluciones reales que se encuentren durante la implementaci\u00f3n.<\/li>\n<li><strong>Integrar los porfolios en otros proyectos educativos<\/strong>. Hacer que los porfolios digitales formen parte de otros proyectos educativos puede incrementar su utilizaci\u00f3n y familiaridad entre los docentes. Podr\u00edan aplicarse tambi\u00e9n en proyectos de clase en los que los alumnos documenten su proceso de aprendizaje, proyectos de colaboraci\u00f3n entre diferentes clases o cursos, o actividades interdisciplinarias que requieran el uso de porfolios para presentar los resultados. Esta integraci\u00f3n permite a los docentes ver los porfolios como una herramienta transversal y \u00fatil en varias situaciones educativas, de manera que facilita su aceptaci\u00f3n y uso.<\/li>\n<li><strong>Utilizar recursos en l\u00ednea y gu\u00edas<\/strong>. Proporcionar acceso a recursos digitales, gu\u00edas y videotutoriales espec\u00edficos sobre el uso de porfolios digitales puede ayudar a los docentes a aprender a su propio ritmo. Hay muchas gu\u00edas paso a paso, videotutoriales, foros de apoyo y comunidades en l\u00ednea en los que los docentes pueden plantear dudas y obtener respuestas r\u00e1pidas. Tambi\u00e9n se puede sacar mucho provecho de estas comunidades de pr\u00e1ctica virtuales y son recursos que pueden ser accesibles en cualquier momento. Permiten a los docentes aprender de manera aut\u00f3noma y en su tiempo libre.<\/li>\n<li><strong>Crear una biblioteca de buenas pr\u00e1cticas<\/strong>. Recopilar ejemplos de \u00e9xito y buenas pr\u00e1cticas en el uso de porfolios digitales dentro del mismo centro o en otros centros educativos puede servir de inspiraci\u00f3n y gu\u00eda. Adem\u00e1s de ser ejemplos reales de implementaciones de \u00e9xito, en ellos se pueden encontrar ideas innovadoras para utilizar porfolios o testimonios de docentes y alumnos. Esta biblioteca pueden consultarla todos los docentes para encontrar ideas y soluciones que se adapten a sus necesidades espec\u00edficas.<\/li>\n<li><strong>Evaluar y adaptar las estrategias continuadamente<\/strong>. Es importante hacer un seguimiento constante de la implementaci\u00f3n de los porfolios digitales y adaptar las estrategias seg\u00fan las necesidades y el progreso de los docentes. Se deber\u00eda recoger retorno regularmente, hacer evaluaciones peri\u00f3dicas del progreso de los docentes y ajustar los planes de formaci\u00f3n y apoyo seg\u00fan los resultados.<\/li>\n<\/ul>\n<div class=\"featured featured-blue\"><p>La diversidad en la competencia digital de los docentes puede implicar un reto significativo en la implementaci\u00f3n de los porfolios digitales. No obstante, con una combinaci\u00f3n de herramientas sencillas, formaci\u00f3n continua, apoyo personalizado e integraci\u00f3n en proyectos educativos, es posible superar estas dificultades y asegurar que todos los docentes se sientan capacitados para utilizar esta valiosa herramienta pedag\u00f3gica. Estas estrategias facilitan la adopci\u00f3n de los porfolios digitales y, adem\u00e1s, promueven una cultura de colaboraci\u00f3n y aprendizaje continuado dentro del centro educativo.<\/p>\n<\/div>\n","protected":false},"excerpt":{"rendered":"<p>La introducci\u00f3n de los porfolios digitales en la escuela Els Estels ha puesto de manifiesto la diversidad en la competencia digital de los docentes. Para garantizar una implementaci\u00f3n exitosa e inclusiva, es esencial considerar diferentes estrategias que puedan ayudar a los docentes con menos experiencia digital a superar sus dificultades. A continuaci\u00f3n, se presentan algunas [&hellip;]<\/p>\n","protected":false},"author":1,"featured_media":0,"parent":0,"menu_order":0,"comment_status":"closed","ping_status":"closed","template":"","meta":{"_acf_changed":false,"footnotes":""},"class_list":["post-249","page","type-page","status-publish","hentry"],"acf":[],"_links":{"self":[{"href":"https:\/\/casos-practics-identitat-digital.recursos.uoc.edu\/comunitats-practica-i-portafolis-professionals-en-lera-digital\/es\/wp-json\/wp\/v2\/pages\/249"}],"collection":[{"href":"https:\/\/casos-practics-identitat-digital.recursos.uoc.edu\/comunitats-practica-i-portafolis-professionals-en-lera-digital\/es\/wp-json\/wp\/v2\/pages"}],"about":[{"href":"https:\/\/casos-practics-identitat-digital.recursos.uoc.edu\/comunitats-practica-i-portafolis-professionals-en-lera-digital\/es\/wp-json\/wp\/v2\/types\/page"}],"author":[{"embeddable":true,"href":"https:\/\/casos-practics-identitat-digital.recursos.uoc.edu\/comunitats-practica-i-portafolis-professionals-en-lera-digital\/es\/wp-json\/wp\/v2\/users\/1"}],"replies":[{"embeddable":true,"href":"https:\/\/casos-practics-identitat-digital.recursos.uoc.edu\/comunitats-practica-i-portafolis-professionals-en-lera-digital\/es\/wp-json\/wp\/v2\/comments?post=249"}],"version-history":[{"count":2,"href":"https:\/\/casos-practics-identitat-digital.recursos.uoc.edu\/comunitats-practica-i-portafolis-professionals-en-lera-digital\/es\/wp-json\/wp\/v2\/pages\/249\/revisions"}],"predecessor-version":[{"id":251,"href":"https:\/\/casos-practics-identitat-digital.recursos.uoc.edu\/comunitats-practica-i-portafolis-professionals-en-lera-digital\/es\/wp-json\/wp\/v2\/pages\/249\/revisions\/251"}],"wp:attachment":[{"href":"https:\/\/casos-practics-identitat-digital.recursos.uoc.edu\/comunitats-practica-i-portafolis-professionals-en-lera-digital\/es\/wp-json\/wp\/v2\/media?parent=249"}],"curies":[{"name":"wp","href":"https:\/\/api.w.org\/{rel}","templated":true}]}}