{"id":253,"date":"2024-11-21T11:23:50","date_gmt":"2024-11-21T09:23:50","guid":{"rendered":"https:\/\/casos-practics-identitat-digital.recursos.uoc.edu\/comunitats-practica-i-portafolis-professionals-en-lera-digital\/?page_id=253"},"modified":"2025-01-10T13:11:07","modified_gmt":"2025-01-10T11:11:07","slug":"4-reflexiones","status":"publish","type":"page","link":"https:\/\/casos-practics-identitat-digital.recursos.uoc.edu\/comunitats-practica-i-portafolis-professionals-en-lera-digital\/es\/4-reflexiones\/","title":{"rendered":"4. Reflexiones"},"content":{"rendered":"<div class='content-column four_fifth'>La reflexi\u00f3n sobre el uso de porfolios digitales abre un espacio para explorar oportunidades y desaf\u00edos en el \u00e1mbito educativo. Las siguientes preguntas plantean cuestiones clave sobre colaboraci\u00f3n, formaci\u00f3n y \u00e9tica, y en ellas se destaca el papel de las comunidades de pr\u00e1ctica y el aprendizaje entre iguales para mejorar la competencia digital.<\/p><\/div>\n<div class='content-column one_fifth last_column'><img loading=\"lazy\" decoding=\"async\" class=\"wp-image-145 alignright\" src=\"\/wp-content\/uploads\/sites\/6\/2024\/12\/interrogant.jpg\" alt=\"\" width=\"103\" height=\"100\" \/><\/div><div class='clear_column'><\/div>\n<p>Estas reflexiones son esenciales para impulsar el cambio y garantizar una implementaci\u00f3n efectiva e inclusiva.<\/p>\n<ul>\n<li>\u00bfC\u00f3mo puede una comunidad de pr\u00e1ctica ayudar a los docentes con menos competencias digitales a mejorar sus habilidades?<\/li>\n<li>\u00bfQu\u00e9 beneficios aporta el aprendizaje entre iguales en una comunidad de pr\u00e1ctica?<\/li>\n<li>\u00bfC\u00f3mo se puede fomentar la colaboraci\u00f3n entre docentes con diferentes niveles de competencia digital?<\/li>\n<li>\u00bfCu\u00e1les son los principales retos que se pueden encontrar en la implementaci\u00f3n de porfolios digitales? \u00bfY c\u00f3mo se pueden superar las resistencias al cambio de porfolios tradicionales a digitales entre los docentes?<\/li>\n<li>\u00bfQu\u00e9 ventajas tiene la creaci\u00f3n de porfolios digitales tanto para los docentes como para los alumnos?<\/li>\n<li>\u00bfC\u00f3mo se puede asegurar una formaci\u00f3n continua y efectiva para los docentes en el uso de nuevas tecnolog\u00edas?<\/li>\n<li>\u00bfQu\u00e9 estrategias se pueden utilizar para aumentar la confianza de los docentes en el uso de las herramientas digitales?<\/li>\n<li>\u00bfC\u00f3mo se puede integrar el uso de porfolios digitales en otros proyectos educativos?<\/li>\n<li>\u00bfQu\u00e9 mecanismos se pueden implementar para facilitar la resoluci\u00f3n de problemas t\u00e9cnicos en el uso de porfolios digitales?<\/li>\n<li>\u00bfC\u00f3mo pueden las comunidades de pr\u00e1ctica ayudar a compartir buenas pr\u00e1cticas y recursos educativos?<\/li>\n<li>\u00bfCu\u00e1les son los beneficios de trabajar en parejas durante la formaci\u00f3n en porfolios digitales?<\/li>\n<li>\u00bfQu\u00e9 acciones se pueden tomar para asegurar que todos los docentes se sientan incluidos en las iniciativas de formaci\u00f3n digital?<\/li>\n<li>\u00bfC\u00f3mo se pueden utilizar las comunidades de pr\u00e1ctica para mejorar la calidad de la ense\u00f1anza y el aprendizaje?<\/li>\n<li>\u00bfCu\u00e1les son las claves para mantener la motivaci\u00f3n de los docentes en la integraci\u00f3n de nuevas herramientas digitales?<\/li>\n<li>\u00bfCu\u00e1les son las implicaciones \u00e9ticas y de privacidad en el uso de porfolios digitales con los alumnos?<\/li>\n<li>\u00bfC\u00f3mo se puede involucrar a las familias en el uso de los porfolios digitales para hacer un seguimiento del progreso de los alumnos?<\/li>\n<\/ul>\n","protected":false},"excerpt":{"rendered":"<p>Estas reflexiones son esenciales para impulsar el cambio y garantizar una implementaci\u00f3n efectiva e inclusiva. \u00bfC\u00f3mo puede una comunidad de pr\u00e1ctica ayudar a los docentes con menos competencias digitales a mejorar sus habilidades? \u00bfQu\u00e9 beneficios aporta el aprendizaje entre iguales en una comunidad de pr\u00e1ctica? \u00bfC\u00f3mo se puede fomentar la colaboraci\u00f3n entre docentes con diferentes [&hellip;]<\/p>\n","protected":false},"author":1,"featured_media":0,"parent":0,"menu_order":0,"comment_status":"closed","ping_status":"closed","template":"","meta":{"_acf_changed":false,"footnotes":""},"class_list":["post-253","page","type-page","status-publish","hentry"],"acf":[],"_links":{"self":[{"href":"https:\/\/casos-practics-identitat-digital.recursos.uoc.edu\/comunitats-practica-i-portafolis-professionals-en-lera-digital\/es\/wp-json\/wp\/v2\/pages\/253"}],"collection":[{"href":"https:\/\/casos-practics-identitat-digital.recursos.uoc.edu\/comunitats-practica-i-portafolis-professionals-en-lera-digital\/es\/wp-json\/wp\/v2\/pages"}],"about":[{"href":"https:\/\/casos-practics-identitat-digital.recursos.uoc.edu\/comunitats-practica-i-portafolis-professionals-en-lera-digital\/es\/wp-json\/wp\/v2\/types\/page"}],"author":[{"embeddable":true,"href":"https:\/\/casos-practics-identitat-digital.recursos.uoc.edu\/comunitats-practica-i-portafolis-professionals-en-lera-digital\/es\/wp-json\/wp\/v2\/users\/1"}],"replies":[{"embeddable":true,"href":"https:\/\/casos-practics-identitat-digital.recursos.uoc.edu\/comunitats-practica-i-portafolis-professionals-en-lera-digital\/es\/wp-json\/wp\/v2\/comments?post=253"}],"version-history":[{"count":2,"href":"https:\/\/casos-practics-identitat-digital.recursos.uoc.edu\/comunitats-practica-i-portafolis-professionals-en-lera-digital\/es\/wp-json\/wp\/v2\/pages\/253\/revisions"}],"predecessor-version":[{"id":255,"href":"https:\/\/casos-practics-identitat-digital.recursos.uoc.edu\/comunitats-practica-i-portafolis-professionals-en-lera-digital\/es\/wp-json\/wp\/v2\/pages\/253\/revisions\/255"}],"wp:attachment":[{"href":"https:\/\/casos-practics-identitat-digital.recursos.uoc.edu\/comunitats-practica-i-portafolis-professionals-en-lera-digital\/es\/wp-json\/wp\/v2\/media?parent=253"}],"curies":[{"name":"wp","href":"https:\/\/api.w.org\/{rel}","templated":true}]}}