{"id":106,"date":"2024-11-21T11:18:15","date_gmt":"2024-11-21T09:18:15","guid":{"rendered":"https:\/\/casos-practics-identitat-digital.recursos.uoc.edu\/comunitats-practica-i-portafolis-professionals-en-lera-digital\/?page_id=106"},"modified":"2024-11-21T11:21:50","modified_gmt":"2024-11-21T09:21:50","slug":"106-2","status":"publish","type":"page","link":"https:\/\/casos-practics-identitat-digital.recursos.uoc.edu\/comunitats-practica-i-portafolis-professionals-en-lera-digital\/106-2\/","title":{"rendered":"3.7. Alternatives"},"content":{"rendered":"<p>La introducci\u00f3 dels portafolis digitals a l\u2019Escola els Estels ha posat de manifest la diversitat en la compet\u00e8ncia digital dels docents. Per garantir una implementaci\u00f3 reeixida i inclusiva, \u00e9s essencial considerar diferents estrat\u00e8gies que puguin ajudar els docents amb menys experi\u00e8ncia digital a superar les seves dificultats. A continuaci\u00f3, es presenten algunes alternatives:<\/p>\n<ul>\n<li><strong>Realitzar tallers pr\u00e0ctics peri\u00f2dics<\/strong>. Organitzar tallers pr\u00e0ctics de manera regular pot ajudar a resoldre dubtes i tamb\u00e9 pot permetre als docents compartir les seves experi\u00e8ncies i aprendre dels seus companys. Aquests tallers poden incloure sessions de formaci\u00f3 espec\u00edfica en funcions b\u00e0siques i avan\u00e7ades dels portafolis digitals, exemples pr\u00e0ctics de com utilitzar-los a l\u2019aula i espais per discutir problemes i solucions reals que es trobin durant la implementaci\u00f3.<\/li>\n<li><strong>Integrar els portafolis en altres projectes educatius<\/strong>. Fer que els portafolis digitals formin part d\u2019altres projectes educatius en pot incrementar la utilitzaci\u00f3 i familiaritat entre els docents. Es podrien aplicar tamb\u00e9 en projectes de classe en qu\u00e8 els alumnes documentin el seu proc\u00e9s d\u2019aprenentatge, projectes de col\u00b7laboraci\u00f3 entre diferents classes o cursos, o activitats interdisciplin\u00e0ries que requereixin l\u2019\u00fas de portafolis per presentar els resultats. Aquesta integraci\u00f3 permet als docents veure els portafolis com una eina transversal i \u00fatil en diverses situacions educatives, de manera que en facilita l\u2019acceptaci\u00f3 i l\u2019\u00fas.<\/li>\n<li><strong>Utilitzar recursos en l\u00ednia i guies<\/strong>. Proporcionar acc\u00e9s a recursos digitals, guies i videotutorials espec\u00edfics sobre l\u2019\u00fas de portafolis digitals pot ajudar els docents a aprendre al seu propi ritme. Hi ha moltes guies pas a pas, videotutorials, f\u00f2rums de suport i comunitats en l\u00ednia en qu\u00e8 els docents poden plantejar dubtes i obtenir respostes r\u00e0pides. D\u2019aquestes comunitats de pr\u00e0ctica virtuals tamb\u00e9 se\u2019n pot treure molt profit i s\u00f3n recursos que poden ser accessibles en qualsevol moment. Permeten als docents aprendre de manera aut\u00f2noma i en el seu temps lliure.<\/li>\n<li><strong>Crear una biblioteca de bones pr\u00e0ctiques<\/strong>. Recopilar exemples d\u2019\u00e8xit i bones pr\u00e0ctiques en l\u2019\u00fas de portafolis digitals dins del mateix centre o en altres centres educatius pot servir d\u2019inspiraci\u00f3 i guia. A m\u00e9s d\u2019exemples reals d\u2019implementacions d\u2019\u00e8xit, es poden trobar idees innovadores per utilitzar portafolis o testimonis de docents i alumnes. Aquesta biblioteca la poden consultar tots els docents per trobar idees i solucions que s\u2019adaptin a les seves necessitats espec\u00edfiques.<\/li>\n<li><strong>Avaluar i adaptar les estrat\u00e8gies continuadament<\/strong>. \u00c9s important fer un seguiment constant de la implementaci\u00f3 dels portafolis digitals i adaptar les estrat\u00e8gies segons les necessitats i el progr\u00e9s dels docents. S\u2019hauria de recollir retorn regularment, fer avaluacions peri\u00f2diques del progr\u00e9s dels docents i ajustar els plans de formaci\u00f3 i suport segons els resultats.<\/li>\n<\/ul>\n<div class=\"featured featured-blue\"><p>La diversitat en la compet\u00e8ncia digital dels docents pot implicar un repte significatiu en la implementaci\u00f3 dels portafolis digitals. No obstant aix\u00f2, amb una combinaci\u00f3 d\u2019eines senzilles, formaci\u00f3 cont\u00ednua, suport personalitzat i integraci\u00f3 en projectes educatius, \u00e9s possible superar aquestes dificultats i assegurar que tots els docents se sentin capacitats per utilitzar aquesta valuosa eina pedag\u00f2gica. Aquestes estrat\u00e8gies faciliten l\u2019adopci\u00f3 dels portafolis digitals i, a m\u00e9s, promouen una cultura de col\u00b7laboraci\u00f3 i aprenentatge continuat dins del centre educatiu.<\/p>\n<\/div>\n","protected":false},"excerpt":{"rendered":"<p>La introducci\u00f3 dels portafolis digitals a l\u2019Escola els Estels ha posat de manifest la diversitat en la compet\u00e8ncia digital dels docents. Per garantir una implementaci\u00f3 reeixida i inclusiva, \u00e9s essencial considerar diferents estrat\u00e8gies que puguin ajudar els docents amb menys experi\u00e8ncia digital a superar les seves dificultats. A continuaci\u00f3, es presenten algunes alternatives: Realitzar tallers [&hellip;]<\/p>\n","protected":false},"author":1,"featured_media":0,"parent":0,"menu_order":0,"comment_status":"closed","ping_status":"closed","template":"","meta":{"_acf_changed":false,"footnotes":""},"class_list":["post-106","page","type-page","status-publish","hentry"],"acf":[],"_links":{"self":[{"href":"https:\/\/casos-practics-identitat-digital.recursos.uoc.edu\/comunitats-practica-i-portafolis-professionals-en-lera-digital\/wp-json\/wp\/v2\/pages\/106"}],"collection":[{"href":"https:\/\/casos-practics-identitat-digital.recursos.uoc.edu\/comunitats-practica-i-portafolis-professionals-en-lera-digital\/wp-json\/wp\/v2\/pages"}],"about":[{"href":"https:\/\/casos-practics-identitat-digital.recursos.uoc.edu\/comunitats-practica-i-portafolis-professionals-en-lera-digital\/wp-json\/wp\/v2\/types\/page"}],"author":[{"embeddable":true,"href":"https:\/\/casos-practics-identitat-digital.recursos.uoc.edu\/comunitats-practica-i-portafolis-professionals-en-lera-digital\/wp-json\/wp\/v2\/users\/1"}],"replies":[{"embeddable":true,"href":"https:\/\/casos-practics-identitat-digital.recursos.uoc.edu\/comunitats-practica-i-portafolis-professionals-en-lera-digital\/wp-json\/wp\/v2\/comments?post=106"}],"version-history":[{"count":2,"href":"https:\/\/casos-practics-identitat-digital.recursos.uoc.edu\/comunitats-practica-i-portafolis-professionals-en-lera-digital\/wp-json\/wp\/v2\/pages\/106\/revisions"}],"predecessor-version":[{"id":108,"href":"https:\/\/casos-practics-identitat-digital.recursos.uoc.edu\/comunitats-practica-i-portafolis-professionals-en-lera-digital\/wp-json\/wp\/v2\/pages\/106\/revisions\/108"}],"wp:attachment":[{"href":"https:\/\/casos-practics-identitat-digital.recursos.uoc.edu\/comunitats-practica-i-portafolis-professionals-en-lera-digital\/wp-json\/wp\/v2\/media?parent=106"}],"curies":[{"name":"wp","href":"https:\/\/api.w.org\/{rel}","templated":true}]}}