{"id":110,"date":"2024-11-21T11:23:50","date_gmt":"2024-11-21T09:23:50","guid":{"rendered":"https:\/\/casos-practics-identitat-digital.recursos.uoc.edu\/comunitats-practica-i-portafolis-professionals-en-lera-digital\/?page_id=110"},"modified":"2025-01-02T14:18:17","modified_gmt":"2025-01-02T12:18:17","slug":"4-reflexions","status":"publish","type":"page","link":"https:\/\/casos-practics-identitat-digital.recursos.uoc.edu\/comunitats-practica-i-portafolis-professionals-en-lera-digital\/4-reflexions\/","title":{"rendered":"4. Reflexions"},"content":{"rendered":"<div class='content-column four_fifth'>La reflexi\u00f3 sobre l\u2019\u00fas de portafolis digitals obre un espai per explorar oportunitats i desafiaments en l\u2019\u00e0mbit educatiu. Les preguntes seg\u00fcents plantegen q\u00fcestions clau sobre col\u00b7laboraci\u00f3, formaci\u00f3 i \u00e8tica, i s\u2019hi destaca el paper de les comunitats de pr\u00e0ctica i l\u2019aprenentatge entre iguals per millorar la compet\u00e8ncia digital.<\/p><\/div>\n<div class='content-column one_fifth last_column'><img loading=\"lazy\" decoding=\"async\" class=\"wp-image-145 alignright\" src=\"\/wp-content\/uploads\/sites\/6\/2024\/12\/interrogant.jpg\" alt=\"\" width=\"103\" height=\"100\" \/><\/div><div class='clear_column'><\/div>\n<p>Aquestes reflexions s\u00f3n essencials per impulsar el canvi i garantir una implementaci\u00f3 efectiva i inclusiva.<\/p>\n<ul>\n<li>Com pot una comunitat de pr\u00e0ctica ajudar els docents amb menys compet\u00e8ncies digitals a millorar les seves habilitats?<\/li>\n<li>Quins beneficis aporta l\u2019aprenentatge entre iguals en una comunitat de pr\u00e0ctica?<\/li>\n<li>Com es pot fomentar la col\u00b7laboraci\u00f3 entre docents amb diferents nivells de compet\u00e8ncia digital?<\/li>\n<li>Quins s\u00f3n els principals reptes que es poden trobar en la implementaci\u00f3 de portafolis digitals? I com es poden superar les resist\u00e8ncies al canvi de portafolis tradicionals a digitals entre els docents?<\/li>\n<li>Quins avantatges t\u00e9 la creaci\u00f3 de portafolis digitals tant per als docents com per als alumnes?<\/li>\n<li>Com es pot assegurar una formaci\u00f3 cont\u00ednua i efectiva per als docents en l\u2019\u00fas de noves tecnologies?<\/li>\n<li>Quines estrat\u00e8gies es poden utilitzar per augmentar la confian\u00e7a dels docents en l\u2019\u00fas de les eines digitals?<\/li>\n<li>Com es pot integrar l\u2019\u00fas de portafolis digitals en altres projectes educatius?<\/li>\n<li>Quins mecanismes es poden implementar per facilitar la resoluci\u00f3 de problemes t\u00e8cnics en l\u2019\u00fas de portafolis digitals?<\/li>\n<li>Com poden les comunitats de pr\u00e0ctica ajudar a compartir bones pr\u00e0ctiques i recursos educatius?<\/li>\n<li>Quins s\u00f3n els beneficis de treballar en parelles durant la formaci\u00f3 en portafolis digitals?<\/li>\n<li>Quines accions es poden prendre per assegurar que tots els docents se sentin inclosos en les iniciatives de formaci\u00f3 digital?<\/li>\n<li>Com es poden utilitzar les comunitats de pr\u00e0ctica per millorar la qualitat de l\u2019ensenyament i l\u2019aprenentatge?<\/li>\n<li>Quines s\u00f3n les claus per mantenir la motivaci\u00f3 dels docents en la integraci\u00f3 de noves eines digitals?<\/li>\n<li>Quines s\u00f3n les implicacions \u00e8tiques i de privacitat en l\u2019\u00fas de portafolis digitals amb els alumnes?<\/li>\n<li>Com es pot involucrar les fam\u00edlies en l\u2019\u00fas dels portafolis digitals per fer un seguiment del progr\u00e9s dels alumnes?<\/li>\n<\/ul>\n","protected":false},"excerpt":{"rendered":"<p>Aquestes reflexions s\u00f3n essencials per impulsar el canvi i garantir una implementaci\u00f3 efectiva i inclusiva. Com pot una comunitat de pr\u00e0ctica ajudar els docents amb menys compet\u00e8ncies digitals a millorar les seves habilitats? Quins beneficis aporta l\u2019aprenentatge entre iguals en una comunitat de pr\u00e0ctica? Com es pot fomentar la col\u00b7laboraci\u00f3 entre docents amb diferents nivells [&hellip;]<\/p>\n","protected":false},"author":1,"featured_media":0,"parent":0,"menu_order":0,"comment_status":"closed","ping_status":"closed","template":"","meta":{"_acf_changed":false,"footnotes":""},"class_list":["post-110","page","type-page","status-publish","hentry"],"acf":[],"_links":{"self":[{"href":"https:\/\/casos-practics-identitat-digital.recursos.uoc.edu\/comunitats-practica-i-portafolis-professionals-en-lera-digital\/wp-json\/wp\/v2\/pages\/110"}],"collection":[{"href":"https:\/\/casos-practics-identitat-digital.recursos.uoc.edu\/comunitats-practica-i-portafolis-professionals-en-lera-digital\/wp-json\/wp\/v2\/pages"}],"about":[{"href":"https:\/\/casos-practics-identitat-digital.recursos.uoc.edu\/comunitats-practica-i-portafolis-professionals-en-lera-digital\/wp-json\/wp\/v2\/types\/page"}],"author":[{"embeddable":true,"href":"https:\/\/casos-practics-identitat-digital.recursos.uoc.edu\/comunitats-practica-i-portafolis-professionals-en-lera-digital\/wp-json\/wp\/v2\/users\/1"}],"replies":[{"embeddable":true,"href":"https:\/\/casos-practics-identitat-digital.recursos.uoc.edu\/comunitats-practica-i-portafolis-professionals-en-lera-digital\/wp-json\/wp\/v2\/comments?post=110"}],"version-history":[{"count":16,"href":"https:\/\/casos-practics-identitat-digital.recursos.uoc.edu\/comunitats-practica-i-portafolis-professionals-en-lera-digital\/wp-json\/wp\/v2\/pages\/110\/revisions"}],"predecessor-version":[{"id":155,"href":"https:\/\/casos-practics-identitat-digital.recursos.uoc.edu\/comunitats-practica-i-portafolis-professionals-en-lera-digital\/wp-json\/wp\/v2\/pages\/110\/revisions\/155"}],"wp:attachment":[{"href":"https:\/\/casos-practics-identitat-digital.recursos.uoc.edu\/comunitats-practica-i-portafolis-professionals-en-lera-digital\/wp-json\/wp\/v2\/media?parent=110"}],"curies":[{"name":"wp","href":"https:\/\/api.w.org\/{rel}","templated":true}]}}