{"id":30,"date":"2024-11-20T14:53:13","date_gmt":"2024-11-20T12:53:13","guid":{"rendered":"https:\/\/casos-practics-identitat-digital.recursos.uoc.edu\/comunitats-practica-i-portafolis-professionals-en-lera-digital\/?page_id=30"},"modified":"2024-11-20T14:53:13","modified_gmt":"2024-11-20T12:53:13","slug":"1-1-introduccio","status":"publish","type":"page","link":"https:\/\/casos-practics-identitat-digital.recursos.uoc.edu\/comunitats-practica-i-portafolis-professionals-en-lera-digital\/1-1-introduccio\/","title":{"rendered":"1.1. Introducci\u00f3"},"content":{"rendered":"<p>En el context educatiu actual, els portafolis professionals serveixen com una eina clau per a la reflexi\u00f3, l\u2019aprenentatge continuat i la demostraci\u00f3 de compet\u00e8ncies. La implementaci\u00f3 de portafolis virtuals permet als docents documentar i compartir el seu desenvolupament professional de manera accessible i organitzada (Joyes et al., 2020; Jafari i Kaufman, 2021). Els portafolis professionals no nom\u00e9s beneficien el desenvolupament professional dels docents, sin\u00f3 que tamb\u00e9 poden contribuir significativament al desenvolupament de les compet\u00e8ncies digitals de l\u2019alumnat. Els alumnes aprenen a gestionar la seva pr\u00f2pia identitat digital, a presentar els seus treballs de manera organitzada i a reflexionar sobre el seu propi aprenentatge.<\/p>\n","protected":false},"excerpt":{"rendered":"<p>En el context educatiu actual, els portafolis professionals serveixen com una eina clau per a la reflexi\u00f3, l\u2019aprenentatge continuat i la demostraci\u00f3 de compet\u00e8ncies. La implementaci\u00f3 de portafolis virtuals permet als docents documentar i compartir el seu desenvolupament professional de manera accessible i organitzada (Joyes et al., 2020; Jafari i Kaufman, 2021). Els portafolis professionals [&hellip;]<\/p>\n","protected":false},"author":1,"featured_media":0,"parent":0,"menu_order":0,"comment_status":"closed","ping_status":"closed","template":"","meta":{"_acf_changed":false,"footnotes":""},"class_list":["post-30","page","type-page","status-publish","hentry"],"acf":[],"_links":{"self":[{"href":"https:\/\/casos-practics-identitat-digital.recursos.uoc.edu\/comunitats-practica-i-portafolis-professionals-en-lera-digital\/wp-json\/wp\/v2\/pages\/30"}],"collection":[{"href":"https:\/\/casos-practics-identitat-digital.recursos.uoc.edu\/comunitats-practica-i-portafolis-professionals-en-lera-digital\/wp-json\/wp\/v2\/pages"}],"about":[{"href":"https:\/\/casos-practics-identitat-digital.recursos.uoc.edu\/comunitats-practica-i-portafolis-professionals-en-lera-digital\/wp-json\/wp\/v2\/types\/page"}],"author":[{"embeddable":true,"href":"https:\/\/casos-practics-identitat-digital.recursos.uoc.edu\/comunitats-practica-i-portafolis-professionals-en-lera-digital\/wp-json\/wp\/v2\/users\/1"}],"replies":[{"embeddable":true,"href":"https:\/\/casos-practics-identitat-digital.recursos.uoc.edu\/comunitats-practica-i-portafolis-professionals-en-lera-digital\/wp-json\/wp\/v2\/comments?post=30"}],"version-history":[{"count":2,"href":"https:\/\/casos-practics-identitat-digital.recursos.uoc.edu\/comunitats-practica-i-portafolis-professionals-en-lera-digital\/wp-json\/wp\/v2\/pages\/30\/revisions"}],"predecessor-version":[{"id":34,"href":"https:\/\/casos-practics-identitat-digital.recursos.uoc.edu\/comunitats-practica-i-portafolis-professionals-en-lera-digital\/wp-json\/wp\/v2\/pages\/30\/revisions\/34"}],"wp:attachment":[{"href":"https:\/\/casos-practics-identitat-digital.recursos.uoc.edu\/comunitats-practica-i-portafolis-professionals-en-lera-digital\/wp-json\/wp\/v2\/media?parent=30"}],"curies":[{"name":"wp","href":"https:\/\/api.w.org\/{rel}","templated":true}]}}