{"id":42,"date":"2024-11-21T10:22:23","date_gmt":"2024-11-21T08:22:23","guid":{"rendered":"https:\/\/casos-practics-identitat-digital.recursos.uoc.edu\/comunitats-practica-i-portafolis-professionals-en-lera-digital\/?page_id=42"},"modified":"2024-11-21T14:49:23","modified_gmt":"2024-11-21T12:49:23","slug":"1-3-comunitats-de-practica-per-regular-laprenentatge","status":"publish","type":"page","link":"https:\/\/casos-practics-identitat-digital.recursos.uoc.edu\/comunitats-practica-i-portafolis-professionals-en-lera-digital\/1-3-comunitats-de-practica-per-regular-laprenentatge\/","title":{"rendered":"1.3. Comunitats de pr\u00e0ctica per regular l\u2019aprenentatge"},"content":{"rendered":"<p>Les comunitats de pr\u00e0ctica han emergit com una eina poderosa per regular l\u2019aprenentatge entre iguals en diversos contextos educatius i professionals. Les comunitats de pr\u00e0ctica es defineixen com a grups de persones que comparteixen una preocupaci\u00f3, un conjunt de problemes o una passi\u00f3 per un tema, i que aprofundeixen en el seu coneixement i expertesa mitjan\u00e7ant la interacci\u00f3 continuada (Wenger, 1998). Aquest model d\u2019aprenentatge col\u00b7laboratiu fomenta un espai on els membres poden compartir experi\u00e8ncies, pr\u00e0ctiques i coneixements, cosa que facilita l\u2019aprenentatge continuat i el desenvolupament professional.<\/p>\n<div class=\"featured featured-blue\"><p>L\u2019<strong>aprenentatge entre iguals<\/strong> \u00e9s fonamental en les comunitats de pr\u00e0ctica, ja que permet als participants aprendre els uns dels altres en un entorn de suport i confian\u00e7a. Aquesta interacci\u00f3 cont\u00ednua no nom\u00e9s enriqueix el coneixement individual, sin\u00f3 que tamb\u00e9 crea un cos col\u00b7lectiu de pr\u00e0ctiques i coneixements que es poden aplicar a situacions reals. L\u2019aprenentatge entre iguals promou la reflexi\u00f3 cr\u00edtica, la resoluci\u00f3 de problemes i la innovaci\u00f3, elements essencials per a l\u2019evoluci\u00f3 i millora constant en qualsevol \u00e0mbit professional (Smith et al., 2021).<\/p>\n<\/div>\n<p>Les comunitats de pr\u00e0ctica tamb\u00e9 s\u00f3n essencials per al desenvolupament de <strong>compet\u00e8ncies digitals<\/strong> i l\u2019\u00fas efectiu de tecnologies educatives, com ara els portafolis digitals. Els portafolis digitals ofereixen una plataforma en qu\u00e8 els docents i alumnes poden documentar, reflexionar i compartir el seu proc\u00e9s d\u2019aprenentatge. La integraci\u00f3 dels portafolis digitals en comunitats de pr\u00e0ctica permet als participants obtenir retorn constant, intercanviar bones pr\u00e0ctiques i desenvolupar habilitats tecnol\u00f2giques d\u2019una manera col\u00b7laborativa. Aquesta simbiosi entre comunitats de pr\u00e0ctica i portafolis digitals pot millorar significativament la qualitat de l\u2019ensenyament i l\u2019aprenentatge en els centres educatius.<\/p>\n<p>&nbsp;<\/p>\n","protected":false},"excerpt":{"rendered":"<p>Les comunitats de pr\u00e0ctica han emergit com una eina poderosa per regular l\u2019aprenentatge entre iguals en diversos contextos educatius i professionals. Les comunitats de pr\u00e0ctica es defineixen com a grups de persones que comparteixen una preocupaci\u00f3, un conjunt de problemes o una passi\u00f3 per un tema, i que aprofundeixen en el seu coneixement i expertesa [&hellip;]<\/p>\n","protected":false},"author":1,"featured_media":0,"parent":0,"menu_order":0,"comment_status":"closed","ping_status":"closed","template":"","meta":{"_acf_changed":false,"footnotes":""},"class_list":["post-42","page","type-page","status-publish","hentry"],"acf":[],"_links":{"self":[{"href":"https:\/\/casos-practics-identitat-digital.recursos.uoc.edu\/comunitats-practica-i-portafolis-professionals-en-lera-digital\/wp-json\/wp\/v2\/pages\/42"}],"collection":[{"href":"https:\/\/casos-practics-identitat-digital.recursos.uoc.edu\/comunitats-practica-i-portafolis-professionals-en-lera-digital\/wp-json\/wp\/v2\/pages"}],"about":[{"href":"https:\/\/casos-practics-identitat-digital.recursos.uoc.edu\/comunitats-practica-i-portafolis-professionals-en-lera-digital\/wp-json\/wp\/v2\/types\/page"}],"author":[{"embeddable":true,"href":"https:\/\/casos-practics-identitat-digital.recursos.uoc.edu\/comunitats-practica-i-portafolis-professionals-en-lera-digital\/wp-json\/wp\/v2\/users\/1"}],"replies":[{"embeddable":true,"href":"https:\/\/casos-practics-identitat-digital.recursos.uoc.edu\/comunitats-practica-i-portafolis-professionals-en-lera-digital\/wp-json\/wp\/v2\/comments?post=42"}],"version-history":[{"count":3,"href":"https:\/\/casos-practics-identitat-digital.recursos.uoc.edu\/comunitats-practica-i-portafolis-professionals-en-lera-digital\/wp-json\/wp\/v2\/pages\/42\/revisions"}],"predecessor-version":[{"id":121,"href":"https:\/\/casos-practics-identitat-digital.recursos.uoc.edu\/comunitats-practica-i-portafolis-professionals-en-lera-digital\/wp-json\/wp\/v2\/pages\/42\/revisions\/121"}],"wp:attachment":[{"href":"https:\/\/casos-practics-identitat-digital.recursos.uoc.edu\/comunitats-practica-i-portafolis-professionals-en-lera-digital\/wp-json\/wp\/v2\/media?parent=42"}],"curies":[{"name":"wp","href":"https:\/\/api.w.org\/{rel}","templated":true}]}}