{"id":56,"date":"2024-11-21T10:30:41","date_gmt":"2024-11-21T08:30:41","guid":{"rendered":"https:\/\/casos-practics-identitat-digital.recursos.uoc.edu\/comunitats-practica-i-portafolis-professionals-en-lera-digital\/?page_id=56"},"modified":"2024-11-21T10:34:08","modified_gmt":"2024-11-21T08:34:08","slug":"2-3-recursos-digitals-del-centre","status":"publish","type":"page","link":"https:\/\/casos-practics-identitat-digital.recursos.uoc.edu\/comunitats-practica-i-portafolis-professionals-en-lera-digital\/2-3-recursos-digitals-del-centre\/","title":{"rendered":"2.3. Recursos digitals del centre"},"content":{"rendered":"<p>L\u2019Escola els Estels, situada en una zona rural amb limitacions tecnol\u00f2giques, disposa de diversos recursos digitals que, tot i ser b\u00e0sics, permeten una certa integraci\u00f3 de les eines digitals en les activitats educatives. A continuaci\u00f3, es detallen els recursos disponibles:<\/p>\n<ul>\n<li><strong>Sala d\u2019inform\u00e0tica<\/strong>. Disposa de catorze ordinadors amb Windows 10. Un dels docents fa la funci\u00f3 de coordinaci\u00f3 digital, tot i que \u00e9s mestre especialista d\u2019angl\u00e8s i els seus coneixements no s\u00f3n profundament t\u00e8cnics.<\/li>\n<li><strong>20 port\u00e0tils Toshiba<\/strong>. Els alumnes de cinqu\u00e8 a sis\u00e8 disposen d\u2019uns port\u00e0tils que es fan servir per treballar en projectes, recerca en l\u00ednia i activitats col\u00b7laboratives. Aquests port\u00e0tils permeten m\u00e9s flexibilitat en l\u2019\u00fas de les eines digitals, per\u00f2 el nombre de dispositius \u00e9s limitat, fet que en restringeix l\u2019\u00fas continuat a l\u2019aula.<\/li>\n<li><strong>24 port\u00e0tils Lenovo<\/strong>. S\u00f3n els ordinadors cedits pel Departament d\u2019Educaci\u00f3 als docents del centre.<\/li>\n<li><strong>15 tauletes Android<\/strong>. Hi ha tauletes disponibles per a l\u2019\u00fas ocasional dels alumnes de primer a quart. S\u2019utilitzen principalment per a activitats educatives puntuals, com ara aplicacions d\u2019aprenentatge interactiu i recerca en l\u00ednia. Tot i aix\u00f2, el nombre de dispositius \u00e9s insuficient per a un \u00fas regular i generalitzat.<\/li>\n<li><strong>Projectors i pantalles interactives<\/strong>. Gr\u00e0cies a una ajuda recent, el centre ha pogut adquirir projectors i pantalles interactives per algunes aules. No obstant aix\u00f2, no totes les aules estan equipades amb aquests dispositius, fet que crea una disparitat en les oportunitats d\u2019aprenentatge digital entre els diferents grups d\u2019alumnes. Aquest equipament permet una interacci\u00f3 m\u00e9s din\u00e0mica amb el contingut educatiu, per\u00f2 la seva implementaci\u00f3 no \u00e9s uniforme a tot el centre.<\/li>\n<li><strong>Xarxa wifi<\/strong>. El centre disposa d\u2019una xarxa wifi limitada que cobreix parcialment les instal\u00b7lacions. Aquesta xarxa permet accedir a internet, per\u00f2 la seva capacitat i velocitat no s\u00f3n suficients per suportar l\u2019\u00fas simultani de dispositius a totes les aules.<\/li>\n<li><strong>Plataforma digital per a la gesti\u00f3 acad\u00e8mica<\/strong>. El centre utilitza una plataforma digital b\u00e0sica per a la gesti\u00f3 acad\u00e8mica.\n<ul>\n<li>Gesti\u00f3 de centre i docents. Aquesta plataforma permet l\u2019administraci\u00f3 de notes, horaris i altres dades acad\u00e8miques, per\u00f2 les seves funcionalitats s\u00f3n limitades.<\/li>\n<li>Gesti\u00f3 amb les fam\u00edlies. No totes les fam\u00edlies fan servir aquesta plataforma, per aix\u00f2 no \u00e9s l\u2019eina principal per a la comunicaci\u00f3 amb les fam\u00edlies. La comunicaci\u00f3 amb les fam\u00edlies es fa majorit\u00e0riament a trav\u00e9s de notes f\u00edsiques que porten els alumnes o trucades telef\u00f2niques. Aquest m\u00e8tode tradicional de comunicaci\u00f3 sovint resulta ineficient i dificulta la implicaci\u00f3 activa de les fam\u00edlies en el proc\u00e9s educatiu.<\/li>\n<\/ul>\n<\/li>\n<\/ul>\n","protected":false},"excerpt":{"rendered":"<p>L\u2019Escola els Estels, situada en una zona rural amb limitacions tecnol\u00f2giques, disposa de diversos recursos digitals que, tot i ser b\u00e0sics, permeten una certa integraci\u00f3 de les eines digitals en les activitats educatives. A continuaci\u00f3, es detallen els recursos disponibles: Sala d\u2019inform\u00e0tica. Disposa de catorze ordinadors amb Windows 10. Un dels docents fa la funci\u00f3 [&hellip;]<\/p>\n","protected":false},"author":1,"featured_media":0,"parent":0,"menu_order":0,"comment_status":"closed","ping_status":"closed","template":"","meta":{"_acf_changed":false,"footnotes":""},"class_list":["post-56","page","type-page","status-publish","hentry"],"acf":[],"_links":{"self":[{"href":"https:\/\/casos-practics-identitat-digital.recursos.uoc.edu\/comunitats-practica-i-portafolis-professionals-en-lera-digital\/wp-json\/wp\/v2\/pages\/56"}],"collection":[{"href":"https:\/\/casos-practics-identitat-digital.recursos.uoc.edu\/comunitats-practica-i-portafolis-professionals-en-lera-digital\/wp-json\/wp\/v2\/pages"}],"about":[{"href":"https:\/\/casos-practics-identitat-digital.recursos.uoc.edu\/comunitats-practica-i-portafolis-professionals-en-lera-digital\/wp-json\/wp\/v2\/types\/page"}],"author":[{"embeddable":true,"href":"https:\/\/casos-practics-identitat-digital.recursos.uoc.edu\/comunitats-practica-i-portafolis-professionals-en-lera-digital\/wp-json\/wp\/v2\/users\/1"}],"replies":[{"embeddable":true,"href":"https:\/\/casos-practics-identitat-digital.recursos.uoc.edu\/comunitats-practica-i-portafolis-professionals-en-lera-digital\/wp-json\/wp\/v2\/comments?post=56"}],"version-history":[{"count":2,"href":"https:\/\/casos-practics-identitat-digital.recursos.uoc.edu\/comunitats-practica-i-portafolis-professionals-en-lera-digital\/wp-json\/wp\/v2\/pages\/56\/revisions"}],"predecessor-version":[{"id":60,"href":"https:\/\/casos-practics-identitat-digital.recursos.uoc.edu\/comunitats-practica-i-portafolis-professionals-en-lera-digital\/wp-json\/wp\/v2\/pages\/56\/revisions\/60"}],"wp:attachment":[{"href":"https:\/\/casos-practics-identitat-digital.recursos.uoc.edu\/comunitats-practica-i-portafolis-professionals-en-lera-digital\/wp-json\/wp\/v2\/media?parent=56"}],"curies":[{"name":"wp","href":"https:\/\/api.w.org\/{rel}","templated":true}]}}