{"id":61,"date":"2024-11-21T10:35:56","date_gmt":"2024-11-21T08:35:56","guid":{"rendered":"https:\/\/casos-practics-identitat-digital.recursos.uoc.edu\/comunitats-practica-i-portafolis-professionals-en-lera-digital\/?page_id=61"},"modified":"2024-12-03T13:04:34","modified_gmt":"2024-12-03T11:04:34","slug":"2-4-recursos-humans-i-de-gestio-del-centre","status":"publish","type":"page","link":"https:\/\/casos-practics-identitat-digital.recursos.uoc.edu\/comunitats-practica-i-portafolis-professionals-en-lera-digital\/2-4-recursos-humans-i-de-gestio-del-centre\/","title":{"rendered":"2.4. Recursos humans i de gesti\u00f3 del centre"},"content":{"rendered":"<p>L\u2019Escola els Estels disposa d\u2019un equip hum\u00e0 comprom\u00e8s amb l\u2019educaci\u00f3 dels seus alumnes, tot i les limitacions tecnol\u00f2giques i els reptes que comporta la digitalitzaci\u00f3 en una zona rural. A continuaci\u00f3, es detallen els recursos humans i de gesti\u00f3 del centre:<\/p>\n<ul>\n<li><strong>Equip docent<\/strong>. L\u2019equip docent de l\u2019Escola els Estels est\u00e0 format per vint mestres que imparteixen classes des d\u2019educaci\u00f3 infantil fins a sis\u00e8 de prim\u00e0ria. Els docents tenen una \u00e0mplia experi\u00e8ncia en el seu camp i estan compromesos amb la millora cont\u00ednua de la qualitat educativa del centre. Tot i que la majoria dels mestres tenen una formaci\u00f3 tradicional, alguns han comen\u00e7at a incorporar eines digitals a les seves classes per millorar els processos d\u2019ensenyament i aprenentatge.<\/li>\n<li><strong>Especialista en suport educatiu<\/strong>. L\u2019escola disposa d\u2019un orientador que treballa amb alumnes amb necessitats educatives especials o dificultats d\u2019aprenentatge. Aquest professional proporciona atenci\u00f3 individualitzada i adaptacions curriculars per assegurar que tots els alumnes tinguin acc\u00e9s a una educaci\u00f3 de qualitat i puguin assolir els seus objectius acad\u00e8mics.<\/li>\n<li><strong>Coordinador digital<\/strong>. T\u00e9 un paper crucial en l\u2019esfor\u00e7 per digitalitzar el centre. Tot i ser mestre d\u2019angl\u00e8s i no tenir una formaci\u00f3 t\u00e8cnica espec\u00edfica, aquest coordinador lidera la implementaci\u00f3 de tecnologies educatives i fomenta l\u2019\u00fas de les tecnologies de la informaci\u00f3 i la comunicaci\u00f3 (TIC) entre el personal docent. Les seves tasques inclouen la gesti\u00f3 de la plataforma digital b\u00e0sica del centre i dels dispositius digitals, aix\u00ed com la coordinaci\u00f3 amb l\u2019equip directiu per definir les estrat\u00e8gies de digitalitzaci\u00f3 de l\u2019escola.<\/li>\n<\/ul>\n<p>A causa de les dimensions modestes del centre, els c\u00e0rrecs de coordinaci\u00f3 es distribueixen entre els docents per garantir una gesti\u00f3 eficient i una atenci\u00f3 adequada a totes les necessitats educatives:<\/p>\n<ul>\n<li><strong>Equip directiu<\/strong>. L\u2019equip directiu de l\u2019escola est\u00e0 format per tres membres clau que gestionen i coordinen les activitats educatives i administratives del centre.\n<ul>\n<li><strong>Director<\/strong>. \u00c9s el m\u00e0xim responsable de la gesti\u00f3 del centre. S\u2019encarrega de liderar l\u2019equip docent, coordinar les activitats escolars, supervisar l\u2019acompliment dels objectius educatius i mantenir una comunicaci\u00f3 fluida amb les fam\u00edlies i les institucions educatives.<\/li>\n<li><strong>Cap d\u2019estudis<\/strong>. \u00c9s responsable de l\u2019organitzaci\u00f3 acad\u00e8mica. Planifica els horaris, distribueix les tasques docents i s\u2019assegura que el curr\u00edculum es compleixi adequadament. Tamb\u00e9 coordina les activitats extraescolars i supervisa l\u2019avaluaci\u00f3 de l&#8217;estudiantat.<\/li>\n<li><strong>Coordinador pedag\u00f2gic<\/strong>. S\u2019encarrega de supervisar i implementar les metodologies pedag\u00f2giques al centre. Treballa estretament amb els mestres per garantir que les estrat\u00e8gies educatives s\u2019adaptin a les necessitats dels alumnes i promou la formaci\u00f3 cont\u00ednua dels docents.<\/li>\n<\/ul>\n<\/li>\n<li><strong>Coordinadors de cicle<\/strong>. Cada cicle (inicial, mitj\u00e0 i superior) t\u00e9 un coordinador que s\u2019encarrega de supervisar i coordinar les activitats acad\u00e8miques i administratives del seu cicle. Aquest coordinador treballa amb els mestres per assegurar la coher\u00e8ncia i la qualitat educativa.<\/li>\n<li><strong>Coordinador COCOBE<\/strong>. El coordinador de coeducaci\u00f3, conviv\u00e8ncia i benestar de l\u2019alumnat (COCOBE) \u00e9s el responsable de promoure un ambient escolar positiu i gestionar els conflictes entre alumnes. Treballa en estreta col\u00b7laboraci\u00f3 amb els docents, l\u2019orientador i les fam\u00edlies per fomentar valors de respecte i conviv\u00e8ncia pac\u00edfica.<\/li>\n<li><strong>Coordinador de tutories<\/strong>. S\u2019encarrega de supervisar i coordinar les activitats de tutoria al centre. Aquest paper inclou organitzar les reunions de tutoria amb els alumnes, planificar i executar programes de desenvolupament personal i emocional i donar suport als tutors en la gesti\u00f3 de les seves responsabilitats. Tamb\u00e9 promou activitats que fomenten la cohesi\u00f3 del grup i el clima positiu a l\u2019aula, aix\u00ed com la resoluci\u00f3 de conflictes de manera constructiva.<\/li>\n<\/ul>\n","protected":false},"excerpt":{"rendered":"<p>L\u2019Escola els Estels disposa d\u2019un equip hum\u00e0 comprom\u00e8s amb l\u2019educaci\u00f3 dels seus alumnes, tot i les limitacions tecnol\u00f2giques i els reptes que comporta la digitalitzaci\u00f3 en una zona rural. A continuaci\u00f3, es detallen els recursos humans i de gesti\u00f3 del centre: Equip docent. L\u2019equip docent de l\u2019Escola els Estels est\u00e0 format per vint mestres que [&hellip;]<\/p>\n","protected":false},"author":1,"featured_media":0,"parent":0,"menu_order":0,"comment_status":"closed","ping_status":"closed","template":"","meta":{"_acf_changed":false,"footnotes":""},"class_list":["post-61","page","type-page","status-publish","hentry"],"acf":[],"_links":{"self":[{"href":"https:\/\/casos-practics-identitat-digital.recursos.uoc.edu\/comunitats-practica-i-portafolis-professionals-en-lera-digital\/wp-json\/wp\/v2\/pages\/61"}],"collection":[{"href":"https:\/\/casos-practics-identitat-digital.recursos.uoc.edu\/comunitats-practica-i-portafolis-professionals-en-lera-digital\/wp-json\/wp\/v2\/pages"}],"about":[{"href":"https:\/\/casos-practics-identitat-digital.recursos.uoc.edu\/comunitats-practica-i-portafolis-professionals-en-lera-digital\/wp-json\/wp\/v2\/types\/page"}],"author":[{"embeddable":true,"href":"https:\/\/casos-practics-identitat-digital.recursos.uoc.edu\/comunitats-practica-i-portafolis-professionals-en-lera-digital\/wp-json\/wp\/v2\/users\/1"}],"replies":[{"embeddable":true,"href":"https:\/\/casos-practics-identitat-digital.recursos.uoc.edu\/comunitats-practica-i-portafolis-professionals-en-lera-digital\/wp-json\/wp\/v2\/comments?post=61"}],"version-history":[{"count":3,"href":"https:\/\/casos-practics-identitat-digital.recursos.uoc.edu\/comunitats-practica-i-portafolis-professionals-en-lera-digital\/wp-json\/wp\/v2\/pages\/61\/revisions"}],"predecessor-version":[{"id":126,"href":"https:\/\/casos-practics-identitat-digital.recursos.uoc.edu\/comunitats-practica-i-portafolis-professionals-en-lera-digital\/wp-json\/wp\/v2\/pages\/61\/revisions\/126"}],"wp:attachment":[{"href":"https:\/\/casos-practics-identitat-digital.recursos.uoc.edu\/comunitats-practica-i-portafolis-professionals-en-lera-digital\/wp-json\/wp\/v2\/media?parent=61"}],"curies":[{"name":"wp","href":"https:\/\/api.w.org\/{rel}","templated":true}]}}