{"id":73,"date":"2024-11-21T10:42:52","date_gmt":"2024-11-21T08:42:52","guid":{"rendered":"https:\/\/casos-practics-identitat-digital.recursos.uoc.edu\/comunitats-practica-i-portafolis-professionals-en-lera-digital\/?page_id=73"},"modified":"2024-11-21T10:42:52","modified_gmt":"2024-11-21T08:42:52","slug":"3-1-introduccio","status":"publish","type":"page","link":"https:\/\/casos-practics-identitat-digital.recursos.uoc.edu\/comunitats-practica-i-portafolis-professionals-en-lera-digital\/3-1-introduccio\/","title":{"rendered":"3.1. Introducci\u00f3"},"content":{"rendered":"<p>L\u2019<strong>Escola<\/strong> <strong>els Estels<\/strong> ha decidit implementar portafolis virtuals de tutoria per al curs seg\u00fcent, amb l\u2019objectiu de millorar el seguiment i l\u2019avaluaci\u00f3 dels alumnes, aix\u00ed com de fomentar l\u2019\u00fas de les tecnologies digitals en el proc\u00e9s educatiu. No obstant aix\u00f2, la major part del professorat no t\u00e9 experi\u00e8ncia pr\u00e8via en la creaci\u00f3 i gesti\u00f3 de portafolis digitals. Per aquest motiu, el centre ha organitzat una formaci\u00f3 espec\u00edfica per als docents, amb l\u2019objectiu de capacitar-los en l\u2019\u00fas d\u2019aquesta eina.<\/p>\n","protected":false},"excerpt":{"rendered":"<p>L\u2019Escola els Estels ha decidit implementar portafolis virtuals de tutoria per al curs seg\u00fcent, amb l\u2019objectiu de millorar el seguiment i l\u2019avaluaci\u00f3 dels alumnes, aix\u00ed com de fomentar l\u2019\u00fas de les tecnologies digitals en el proc\u00e9s educatiu. No obstant aix\u00f2, la major part del professorat no t\u00e9 experi\u00e8ncia pr\u00e8via en la creaci\u00f3 i gesti\u00f3 de [&hellip;]<\/p>\n","protected":false},"author":1,"featured_media":0,"parent":0,"menu_order":0,"comment_status":"closed","ping_status":"closed","template":"","meta":{"_acf_changed":false,"footnotes":""},"class_list":["post-73","page","type-page","status-publish","hentry"],"acf":[],"_links":{"self":[{"href":"https:\/\/casos-practics-identitat-digital.recursos.uoc.edu\/comunitats-practica-i-portafolis-professionals-en-lera-digital\/wp-json\/wp\/v2\/pages\/73"}],"collection":[{"href":"https:\/\/casos-practics-identitat-digital.recursos.uoc.edu\/comunitats-practica-i-portafolis-professionals-en-lera-digital\/wp-json\/wp\/v2\/pages"}],"about":[{"href":"https:\/\/casos-practics-identitat-digital.recursos.uoc.edu\/comunitats-practica-i-portafolis-professionals-en-lera-digital\/wp-json\/wp\/v2\/types\/page"}],"author":[{"embeddable":true,"href":"https:\/\/casos-practics-identitat-digital.recursos.uoc.edu\/comunitats-practica-i-portafolis-professionals-en-lera-digital\/wp-json\/wp\/v2\/users\/1"}],"replies":[{"embeddable":true,"href":"https:\/\/casos-practics-identitat-digital.recursos.uoc.edu\/comunitats-practica-i-portafolis-professionals-en-lera-digital\/wp-json\/wp\/v2\/comments?post=73"}],"version-history":[{"count":1,"href":"https:\/\/casos-practics-identitat-digital.recursos.uoc.edu\/comunitats-practica-i-portafolis-professionals-en-lera-digital\/wp-json\/wp\/v2\/pages\/73\/revisions"}],"predecessor-version":[{"id":76,"href":"https:\/\/casos-practics-identitat-digital.recursos.uoc.edu\/comunitats-practica-i-portafolis-professionals-en-lera-digital\/wp-json\/wp\/v2\/pages\/73\/revisions\/76"}],"wp:attachment":[{"href":"https:\/\/casos-practics-identitat-digital.recursos.uoc.edu\/comunitats-practica-i-portafolis-professionals-en-lera-digital\/wp-json\/wp\/v2\/media?parent=73"}],"curies":[{"name":"wp","href":"https:\/\/api.w.org\/{rel}","templated":true}]}}