{"id":77,"date":"2024-11-21T10:43:52","date_gmt":"2024-11-21T08:43:52","guid":{"rendered":"https:\/\/casos-practics-identitat-digital.recursos.uoc.edu\/comunitats-practica-i-portafolis-professionals-en-lera-digital\/?page_id=77"},"modified":"2024-12-03T13:08:42","modified_gmt":"2024-12-03T11:08:42","slug":"3-2-persones-implicades","status":"publish","type":"page","link":"https:\/\/casos-practics-identitat-digital.recursos.uoc.edu\/comunitats-practica-i-portafolis-professionals-en-lera-digital\/3-2-persones-implicades\/","title":{"rendered":"3.2. Persones implicades"},"content":{"rendered":"<p class=\"p1\">Els protagonistes d\u2019aquest cas s\u00f3n:<\/p>\n<ul>\n<li><strong>Equip directiu<\/strong>:\n<ul>\n<li><strong>Director<\/strong>. \u00c9s el responsable de liderar la iniciativa de la implementaci\u00f3 dels portafolis digitals, coordinar les activitats de formaci\u00f3 i assegurar-se que els objectius del projecte s\u2019aline\u00efn amb la visi\u00f3 del centre.<\/li>\n<li><strong>Cap d\u2019estudis<\/strong>. S\u2019encarrega de la planificaci\u00f3 acad\u00e8mica i la integraci\u00f3 dels portafolis en el curr\u00edculum. Supervisa l\u2019aven\u00e7 dels mestres i alumnes en l\u2019\u00fas de les noves eines digitals.<\/li>\n<li><strong>Coordinador pedag\u00f2gic<\/strong>. \u00c9s el responsable de dissenyar i implementar les estrat\u00e8gies pedag\u00f2giques associades amb els portafolis digitals. Treballa en col\u00b7laboraci\u00f3 amb els docents per garantir una aplicaci\u00f3 efectiva de les noves metodologies.<\/li>\n<\/ul>\n<\/li>\n<li><strong>Coordinador digital<\/strong>. Lidera els esfor\u00e7os de digitalitzaci\u00f3 del centre. S\u2019encarrega de proporcionar suport t\u00e8cnic i formaci\u00f3 cont\u00ednua als docents, especialment als que hi estan menys avesats. Tamb\u00e9 supervisa la implementaci\u00f3 dels portafolis digitals i s\u2019assegura que s\u2019utilitzin de manera efectiva i eficient.<\/li>\n<li><strong>Coordinador de tutories<\/strong>. \u00c9s el responsable de coordinar les activitats tutorials i assegurar-se que els portafolis digitals esdevinguin una eina central en el seguiment i el suport als alumnes. Treballa amb els tutors per desenvolupar continguts rellevants i supervisar-ne l\u2019aplicaci\u00f3.<\/li>\n<li><strong>Docents<\/strong>:\n<ul>\n<li><strong>Docents amb alta compet\u00e8ncia digital<\/strong> (setze mestres). Actuen com a mentors i parelles de suport per als docents amb menys experi\u00e8ncia en l\u2019\u00fas de les eines digitals. Comparteixen les seves habilitats i coneixements per ajudar a millorar la compet\u00e8ncia digital dels seus companys. Dels setze mestres, sis ja havien fet servir l\u2019eina de portafolis digitals pr\u00e8viament i sabien b\u00e9 com funcionava. Els altres deu mestres no l\u2019havien utilitzada mai, per\u00f2 tenien una bona compet\u00e8ncia digital i despr\u00e9s de la formaci\u00f3 es van sentir preparats per aplicar els portafolis a l\u2019aula.<\/li>\n<li><strong>Docents amb baixa compet\u00e8ncia digital<\/strong> (quatre mestres). Representen el grup amb m\u00e9s dificultats en la implementaci\u00f3 dels portafolis digitals. Necessiten suport addicional i formaci\u00f3 cont\u00ednua per poder integrar aquestes eines en la seva pr\u00e0ctica educativa. L\u2019ajuda que han rebut de les seves parelles de formaci\u00f3 ha estat molt valuosa per crear el portafolis, per\u00f2, tot i aix\u00f2, el coordinador digital ha hagut de fer alguna sessi\u00f3 m\u00e9s amb ells per ajudar-los que poguessin fer un seguiment d\u2019aquest portafolis a les tutories.<\/li>\n<\/ul>\n<\/li>\n<li><strong>Alumnat<\/strong>. Els alumnes s\u00f3n els principals beneficiaris de la implementaci\u00f3 dels portafolis digitals. Participen activament en la creaci\u00f3 i el manteniment dels seus portafolis i desenvolupen compet\u00e8ncies digitals essencials per al seu futur tant acad\u00e8mic com professional.<\/li>\n<li><strong>Fam\u00edlies<\/strong>. Tenen un paper clau en el suport i la motivaci\u00f3 dels alumnes en l\u2019\u00fas dels portafolis digitals. Les fam\u00edlies han de proporcionar consentiment per a la publicaci\u00f3 d\u2019imatges i altres continguts dels seus fills en els portafolis digitals. La seva col\u00b7laboraci\u00f3 i implicaci\u00f3 s\u00f3n fonamentals per a l\u2019\u00e8xit del projecte. A m\u00e9s, estan molt contentes per poder fer un seguiment de les activitats que fan els alumnes a les tutories i a les sortides del centre.<\/li>\n<li><strong>Formadora externa<\/strong>. \u00c9s una especialista contractada pel centre per oferir la formaci\u00f3 espec\u00edfica als docents sobre la creaci\u00f3 i gesti\u00f3 de portafolis digitals. Proporciona coneixements i eines pr\u00e0ctiques per facilitar l\u2019adopci\u00f3 d\u2019aquestes noves tecnologies.<\/li>\n<\/ul>\n","protected":false},"excerpt":{"rendered":"<p>Els protagonistes d\u2019aquest cas s\u00f3n: Equip directiu: Director. \u00c9s el responsable de liderar la iniciativa de la implementaci\u00f3 dels portafolis digitals, coordinar les activitats de formaci\u00f3 i assegurar-se que els objectius del projecte s\u2019aline\u00efn amb la visi\u00f3 del centre. Cap d\u2019estudis. S\u2019encarrega de la planificaci\u00f3 acad\u00e8mica i la integraci\u00f3 dels portafolis en el curr\u00edculum. Supervisa [&hellip;]<\/p>\n","protected":false},"author":1,"featured_media":0,"parent":0,"menu_order":0,"comment_status":"closed","ping_status":"closed","template":"","meta":{"_acf_changed":false,"footnotes":""},"class_list":["post-77","page","type-page","status-publish","hentry"],"acf":[],"_links":{"self":[{"href":"https:\/\/casos-practics-identitat-digital.recursos.uoc.edu\/comunitats-practica-i-portafolis-professionals-en-lera-digital\/wp-json\/wp\/v2\/pages\/77"}],"collection":[{"href":"https:\/\/casos-practics-identitat-digital.recursos.uoc.edu\/comunitats-practica-i-portafolis-professionals-en-lera-digital\/wp-json\/wp\/v2\/pages"}],"about":[{"href":"https:\/\/casos-practics-identitat-digital.recursos.uoc.edu\/comunitats-practica-i-portafolis-professionals-en-lera-digital\/wp-json\/wp\/v2\/types\/page"}],"author":[{"embeddable":true,"href":"https:\/\/casos-practics-identitat-digital.recursos.uoc.edu\/comunitats-practica-i-portafolis-professionals-en-lera-digital\/wp-json\/wp\/v2\/users\/1"}],"replies":[{"embeddable":true,"href":"https:\/\/casos-practics-identitat-digital.recursos.uoc.edu\/comunitats-practica-i-portafolis-professionals-en-lera-digital\/wp-json\/wp\/v2\/comments?post=77"}],"version-history":[{"count":2,"href":"https:\/\/casos-practics-identitat-digital.recursos.uoc.edu\/comunitats-practica-i-portafolis-professionals-en-lera-digital\/wp-json\/wp\/v2\/pages\/77\/revisions"}],"predecessor-version":[{"id":128,"href":"https:\/\/casos-practics-identitat-digital.recursos.uoc.edu\/comunitats-practica-i-portafolis-professionals-en-lera-digital\/wp-json\/wp\/v2\/pages\/77\/revisions\/128"}],"wp:attachment":[{"href":"https:\/\/casos-practics-identitat-digital.recursos.uoc.edu\/comunitats-practica-i-portafolis-professionals-en-lera-digital\/wp-json\/wp\/v2\/media?parent=77"}],"curies":[{"name":"wp","href":"https:\/\/api.w.org\/{rel}","templated":true}]}}