{"id":96,"date":"2024-11-21T11:08:40","date_gmt":"2024-11-21T09:08:40","guid":{"rendered":"https:\/\/casos-practics-identitat-digital.recursos.uoc.edu\/comunitats-practica-i-portafolis-professionals-en-lera-digital\/?page_id=96"},"modified":"2024-12-03T13:09:47","modified_gmt":"2024-12-03T11:09:47","slug":"3-5-analisi-del-cas","status":"publish","type":"page","link":"https:\/\/casos-practics-identitat-digital.recursos.uoc.edu\/comunitats-practica-i-portafolis-professionals-en-lera-digital\/3-5-analisi-del-cas\/","title":{"rendered":"3.5. An\u00e0lisi del cas"},"content":{"rendered":"<p>La implementaci\u00f3 dels portafolis virtuals facilita la gesti\u00f3 de la tutoria i millora la comunicaci\u00f3 entre docents i fam\u00edlies. Tanmateix, s\u2019identifiquen desafiaments en la corba d\u2019aprenentatge dels mestres menys familiaritzats amb la tecnologia. La formaci\u00f3 cont\u00ednua es mostra essencial per assegurar una integraci\u00f3 efectiva de la nova eina.<\/p>\n<p>La formaci\u00f3 permet als docents adquirir compet\u00e8ncies digitals necess\u00e0ries per configurar els portafolis i utilitzar-los a les seves classes. Els mestres comencen a utilitzar els portafolis per documentar el progr\u00e9s dels alumnes, compartir recursos i reflexionar sobre la seva pr\u00e0ctica educativa. A m\u00e9s, els alumnes comencen a desenvolupar les seves compet\u00e8ncies digitals mitjan\u00e7ant la gesti\u00f3 dels seus propis portafolis.<\/p>\n<p>El treball en comunitats de pr\u00e0ctica va tenir un paper fonamental en l\u2019aplicaci\u00f3 dels portafolis digitals a l\u2019aula, especialment en un entorn en qu\u00e8 hi ha una gran diversitat en la compet\u00e8ncia digital dels docents. A continuaci\u00f3, es detalla com aquestes comunitats poden facilitar la implementaci\u00f3 i maximitzar els beneficis dels portafolis digitals:<\/p>\n<ul>\n<li><strong>Fomentar el suport col\u00b7lectiu i l\u2019aprenentatge entre iguals<\/strong>. Les comunitats de pr\u00e0ctica permeten que els docents amb m\u00e9s experi\u00e8ncia i compet\u00e8ncia digital puguin compartir els seus coneixements amb els quals tenen m\u00e9s dificultats. Aquest aprenentatge entre iguals facilita l\u2019adquisici\u00f3 de noves habilitats en un entorn de suport mutu i de col\u00b7laboraci\u00f3. Els docents poden aprendre dels \u00e8xits i errors dels seus companys, i aix\u00ed accelerar la corba d\u2019aprenentatge i reduir la sensaci\u00f3 d\u2019a\u00efllament que poden experimentar els qui tenen menys compet\u00e8ncia digital.<\/li>\n<li><strong>Crear un espai per a la resoluci\u00f3 de problemes<\/strong>. En una comunitat de pr\u00e0ctica, els docents poden compartir els reptes que troben en la implementaci\u00f3 dels portafolis digitals i treballar conjuntament per trobar solucions. Aquest intercanvi d\u2019idees i estrat\u00e8gies no nom\u00e9s ajuda a superar obstacles t\u00e8cnics i pedag\u00f2gics, sin\u00f3 que tamb\u00e9 enriqueix el proc\u00e9s d\u2019aprenentatge, ja que els participants poden aportar perspectives diverses i innovadores. Les sessions de codoc\u00e8ncia que van fer les parelles de la formaci\u00f3 va ajudar a superar els problemes que els docents menys competents digitalment van trobar a l\u2019hora d\u2019aplicar els portafolis.<\/li>\n<li><strong>Fomentar el desenvolupament professional continuat<\/strong>. Les comunitats de pr\u00e0ctica fomenten una cultura de desenvolupament professional continuat. A mesura que els docents es familiaritzen amb els portafolis digitals, poden identificar \u00e0rees en qu\u00e8 necessiten m\u00e9s formaci\u00f3 o suport i buscar activament oportunitats per millorar les seves compet\u00e8ncies. Aquesta formaci\u00f3 cont\u00ednua, impulsada per la col\u00b7laboraci\u00f3 i el suport dins de la comunitat, assegura que els docents es mantinguin al dia amb les noves tecnologies i les metodologies educatives.<\/li>\n<li><strong>Incrementar la motivaci\u00f3 i la confian\u00e7a<\/strong>. La participaci\u00f3 en una comunitat de pr\u00e0ctica pot augmentar la motivaci\u00f3 i la confian\u00e7a dels docents. Sentir-se part d\u2019un grup que treballa conjuntament cap a un objectiu com\u00fa pot ser molt motivador, especialment per als qui que inicialment se sentien intimidats per les noves tecnologies. La confian\u00e7a que guanyen els docents en el proc\u00e9s tamb\u00e9 es tradueix en una millor aplicaci\u00f3 dels portafolis digitals a l\u2019aula i en una major efectivitat en l\u2019ensenyament.<\/li>\n<li><strong>Adaptar les pr\u00e0ctiques a les necessitats de l\u2019alumnat<\/strong>. Les comunitats de pr\u00e0ctica permeten als docents compartir i adaptar les seves pr\u00e0ctiques pedag\u00f2giques segons les necessitats espec\u00edfiques dels seus alumnes. Aquest intercanvi constant d\u2019informaci\u00f3 i experi\u00e8ncies assegura que els portafolis digitals s\u2019utilitzin de manera efectiva per millorar el proc\u00e9s d\u2019aprenentatge de l\u2019alumnat, desenvolupar les seves compet\u00e8ncies digitals i afavorir el seu progr\u00e9s acad\u00e8mic.<\/li>\n<li><strong>Millorar la comunicaci\u00f3 amb les fam\u00edlies<\/strong>. Amb el treball col\u00b7laboratiu, els docents poden desenvolupar estrat\u00e8gies comunes per utilitzar els portafolis digitals com una eina de comunicaci\u00f3 amb les fam\u00edlies. Aix\u00f2 inclou com compartir recursos, documentar el progr\u00e9s dels alumnes i garantir la privacitat i la seguretat de la informaci\u00f3. La coher\u00e8ncia en la manera d\u2019usar els portafolis entre tots els docents millora la transpar\u00e8ncia i la confian\u00e7a amb les fam\u00edlies.<\/li>\n<li><strong>Facilitar la reflexi\u00f3 sobre la pr\u00e0ctica educativa<\/strong>. Les comunitats de pr\u00e0ctica ofereixen un espai per a la reflexi\u00f3 conjunta sobre la pr\u00e0ctica educativa. Els docents poden utilitzar els portafolis digitals per documentar i analitzar les seves pr\u00f2pies pr\u00e0ctiques, rebre retorn dels seus col\u00b7legues i ajustar les seves metodologies segons els resultats obtinguts. Aquesta reflexi\u00f3 col\u00b7lectiva contribueix a una millora cont\u00ednua de la qualitat de l\u2019ensenyament.<\/li>\n<\/ul>\n","protected":false},"excerpt":{"rendered":"<p>La implementaci\u00f3 dels portafolis virtuals facilita la gesti\u00f3 de la tutoria i millora la comunicaci\u00f3 entre docents i fam\u00edlies. Tanmateix, s\u2019identifiquen desafiaments en la corba d\u2019aprenentatge dels mestres menys familiaritzats amb la tecnologia. La formaci\u00f3 cont\u00ednua es mostra essencial per assegurar una integraci\u00f3 efectiva de la nova eina. La formaci\u00f3 permet als docents adquirir compet\u00e8ncies [&hellip;]<\/p>\n","protected":false},"author":1,"featured_media":0,"parent":0,"menu_order":0,"comment_status":"closed","ping_status":"closed","template":"","meta":{"_acf_changed":false,"footnotes":""},"class_list":["post-96","page","type-page","status-publish","hentry"],"acf":[],"_links":{"self":[{"href":"https:\/\/casos-practics-identitat-digital.recursos.uoc.edu\/comunitats-practica-i-portafolis-professionals-en-lera-digital\/wp-json\/wp\/v2\/pages\/96"}],"collection":[{"href":"https:\/\/casos-practics-identitat-digital.recursos.uoc.edu\/comunitats-practica-i-portafolis-professionals-en-lera-digital\/wp-json\/wp\/v2\/pages"}],"about":[{"href":"https:\/\/casos-practics-identitat-digital.recursos.uoc.edu\/comunitats-practica-i-portafolis-professionals-en-lera-digital\/wp-json\/wp\/v2\/types\/page"}],"author":[{"embeddable":true,"href":"https:\/\/casos-practics-identitat-digital.recursos.uoc.edu\/comunitats-practica-i-portafolis-professionals-en-lera-digital\/wp-json\/wp\/v2\/users\/1"}],"replies":[{"embeddable":true,"href":"https:\/\/casos-practics-identitat-digital.recursos.uoc.edu\/comunitats-practica-i-portafolis-professionals-en-lera-digital\/wp-json\/wp\/v2\/comments?post=96"}],"version-history":[{"count":3,"href":"https:\/\/casos-practics-identitat-digital.recursos.uoc.edu\/comunitats-practica-i-portafolis-professionals-en-lera-digital\/wp-json\/wp\/v2\/pages\/96\/revisions"}],"predecessor-version":[{"id":129,"href":"https:\/\/casos-practics-identitat-digital.recursos.uoc.edu\/comunitats-practica-i-portafolis-professionals-en-lera-digital\/wp-json\/wp\/v2\/pages\/96\/revisions\/129"}],"wp:attachment":[{"href":"https:\/\/casos-practics-identitat-digital.recursos.uoc.edu\/comunitats-practica-i-portafolis-professionals-en-lera-digital\/wp-json\/wp\/v2\/media?parent=96"}],"curies":[{"name":"wp","href":"https:\/\/api.w.org\/{rel}","templated":true}]}}