{"id":142,"date":"2024-11-20T11:58:27","date_gmt":"2024-11-20T09:58:27","guid":{"rendered":"https:\/\/casos-practics-identitat-digital.recursos.uoc.edu\/exposicio-del-alumnat-a-les-xarxes-socials\/?page_id=142"},"modified":"2025-01-23T14:12:51","modified_gmt":"2025-01-23T12:12:51","slug":"bibliografia","status":"publish","type":"page","link":"https:\/\/casos-practics-identitat-digital.recursos.uoc.edu\/exposicio-del-alumnat-a-les-xarxes-socials\/es\/bibliografia\/","title":{"rendered":"Bibliograf\u00eda"},"content":{"rendered":"<p>Asociaci\u00f3n Centro Promotor de Aprendizaje Servicio. (2019). Qu\u00e8 \u00e9s l\u2019APS?\u00a0<a class=\"c-link c-link--underline\" href=\"https:\/\/aprenentatgeservei.cat\/que-es-laps\/\" target=\"_blank\" rel=\"noopener noreferrer\" data-stringify-link=\"https:\/\/aprenentatgeservei.cat\/que-es-laps\/\" data-sk=\"tooltip_parent\">https:\/\/aprenentatgeservei.cat\/que-es-laps\/<\/a><\/p>\n<p>Colegio concertado Ruta de la Plata Almendralejo. (2019).\u00a0<i data-stringify-type=\"italic\">Protecci\u00f3n de datos en la pr\u00e1ctica diaria del profesorado<\/i>. <a class=\"c-link c-link--underline\" href=\"https:\/\/www.aepd.es\/documento\/premio-buenas-practicas-educativas-mod-a-2020-proteccion-datos-profesorado.pdf\" target=\"_blank\" rel=\"noopener noreferrer\" data-stringify-link=\"https:\/\/www.aepd.es\/documento\/premio-buenas-practicas-educativas-mod-a-2020-proteccion-datos-profesorado.pdf\" data-sk=\"tooltip_parent\">https:\/\/www.aepd.es\/documento\/premio-buenas-practicas-educativas-mod-a-2020-proteccion-datos-profesorado.pdf<\/a><\/p>\n<p>Departamento de Educaci\u00f3n y Formaci\u00f3n Profesional. (2025). Marc de refer\u00e8ncia de la compet\u00e8ncia digital docent.\u00a0<a class=\"c-link c-link--underline\" href=\"https:\/\/projectes.xtec.cat\/digital\/competencia-digital\/competencia-digital-docent\" target=\"_blank\" rel=\"noopener noreferrer\" data-stringify-link=\"https:\/\/projectes.xtec.cat\/digital\/competencia-digital\/competencia-digital-docent\" data-sk=\"tooltip_parent\">https:\/\/projectes.xtec.cat\/digital\/competencia-digital\/competencia-digital-docent<\/a><\/p>\n<p>Departamento de Educaci\u00f3n y Formaci\u00f3n Profesional. (2025). Sobre protecci\u00f3 de dades i aspectes legals.\u00a0<a class=\"c-link c-link--underline\" href=\"https:\/\/projectes.xtec.cat\/digital\/perfils\/docents\/proteccio-de-dades-i-altres-aspectes-legals\/\" target=\"_blank\" rel=\"noopener noreferrer\" data-stringify-link=\"https:\/\/projectes.xtec.cat\/digital\/perfils\/docents\/proteccio-de-dades-i-altres-aspectes-legals\/\" data-sk=\"tooltip_parent\">https:\/\/projectes.xtec.cat\/digital\/perfils\/docents\/proteccio-de-dades-i-altres-aspectes-legals\/<\/a><\/p>\n<p>Generalitat de Catalu\u00f1a. Departamento de Educaci\u00f3n. (2024).\u00a0<i data-stringify-type=\"italic\">Documents per a l\u2019organitzaci\u00f3 i la gesti\u00f3 dels centres. Protecci\u00f3 de dades personals<\/i>.\u00a0<a class=\"c-link c-link--underline\" href=\"https:\/\/documents.espai.educacio.gencat.cat\/IPCNormativa\/DOIGC\/GEST_Proteccio_dades.pdf\" target=\"_blank\" rel=\"noopener noreferrer\" data-stringify-link=\"https:\/\/documents.espai.educacio.gencat.cat\/IPCNormativa\/DOIGC\/GEST_Proteccio_dades.pdf\" data-sk=\"tooltip_parent\">https:\/\/documents.espai.educacio.gencat.cat\/IPCNormativa\/DOIGC\/GEST_Proteccio_dades.pdf<\/a><\/p>\n","protected":false},"excerpt":{"rendered":"<p>Asociaci\u00f3n Centro Promotor de Aprendizaje Servicio. (2019). Qu\u00e8 \u00e9s l\u2019APS?\u00a0https:\/\/aprenentatgeservei.cat\/que-es-laps\/ Colegio concertado Ruta de la Plata Almendralejo. (2019).\u00a0Protecci\u00f3n de datos en la pr\u00e1ctica diaria del profesorado. https:\/\/www.aepd.es\/documento\/premio-buenas-practicas-educativas-mod-a-2020-proteccion-datos-profesorado.pdf Departamento de Educaci\u00f3n y Formaci\u00f3n Profesional. (2025). Marc de refer\u00e8ncia de la compet\u00e8ncia digital docent.\u00a0https:\/\/projectes.xtec.cat\/digital\/competencia-digital\/competencia-digital-docent Departamento de Educaci\u00f3n y Formaci\u00f3n Profesional. (2025). Sobre protecci\u00f3 de dades i aspectes [&hellip;]<\/p>\n","protected":false},"author":1,"featured_media":0,"parent":0,"menu_order":0,"comment_status":"closed","ping_status":"closed","template":"","meta":{"_acf_changed":false,"footnotes":""},"class_list":["post-142","page","type-page","status-publish","hentry"],"acf":[],"_links":{"self":[{"href":"https:\/\/casos-practics-identitat-digital.recursos.uoc.edu\/exposicio-del-alumnat-a-les-xarxes-socials\/es\/wp-json\/wp\/v2\/pages\/142"}],"collection":[{"href":"https:\/\/casos-practics-identitat-digital.recursos.uoc.edu\/exposicio-del-alumnat-a-les-xarxes-socials\/es\/wp-json\/wp\/v2\/pages"}],"about":[{"href":"https:\/\/casos-practics-identitat-digital.recursos.uoc.edu\/exposicio-del-alumnat-a-les-xarxes-socials\/es\/wp-json\/wp\/v2\/types\/page"}],"author":[{"embeddable":true,"href":"https:\/\/casos-practics-identitat-digital.recursos.uoc.edu\/exposicio-del-alumnat-a-les-xarxes-socials\/es\/wp-json\/wp\/v2\/users\/1"}],"replies":[{"embeddable":true,"href":"https:\/\/casos-practics-identitat-digital.recursos.uoc.edu\/exposicio-del-alumnat-a-les-xarxes-socials\/es\/wp-json\/wp\/v2\/comments?post=142"}],"version-history":[{"count":3,"href":"https:\/\/casos-practics-identitat-digital.recursos.uoc.edu\/exposicio-del-alumnat-a-les-xarxes-socials\/es\/wp-json\/wp\/v2\/pages\/142\/revisions"}],"predecessor-version":[{"id":155,"href":"https:\/\/casos-practics-identitat-digital.recursos.uoc.edu\/exposicio-del-alumnat-a-les-xarxes-socials\/es\/wp-json\/wp\/v2\/pages\/142\/revisions\/155"}],"wp:attachment":[{"href":"https:\/\/casos-practics-identitat-digital.recursos.uoc.edu\/exposicio-del-alumnat-a-les-xarxes-socials\/es\/wp-json\/wp\/v2\/media?parent=142"}],"curies":[{"name":"wp","href":"https:\/\/api.w.org\/{rel}","templated":true}]}}