{"id":31,"date":"2024-11-20T11:11:42","date_gmt":"2024-11-20T09:11:42","guid":{"rendered":"https:\/\/casos-practics-identitat-digital.recursos.uoc.edu\/exposiciodelalumnatalesxarxessocials\/?page_id=31"},"modified":"2024-12-03T12:30:32","modified_gmt":"2024-12-03T10:30:32","slug":"1-protagonistes","status":"publish","type":"page","link":"https:\/\/casos-practics-identitat-digital.recursos.uoc.edu\/exposicio-del-alumnat-a-les-xarxes-socials\/1-protagonistes\/","title":{"rendered":"1. Protagonistes"},"content":{"rendered":"<div class='content-column one_half'><div style=\"padding-right:30px;\"><p><img loading=\"lazy\" decoding=\"async\" class=\"alignnone wp-image-99 size-medium\" src=\"\/wp-content\/uploads\/sites\/4\/2024\/12\/image001-300x300.jpg\" alt=\"\" width=\"300\" height=\"300\" srcset=\"\/wp-content\/uploads\/sites\/4\/2024\/12\/image001-300x300.jpg 300w, \/wp-content\/uploads\/sites\/4\/2024\/12\/image001-150x150.jpg 150w, \/wp-content\/uploads\/sites\/4\/2024\/12\/image001.jpg 540w\" sizes=\"(max-width: 300px) 100vw, 300px\" \/><\/p>\n<h4><strong>Amal, mestra recent<\/strong><\/h4>\n<p>L\u2019Amal \u00e9s una mestra que s\u2019ha incorporat a l\u2019escola aquest curs. L\u2019any passat, poc despr\u00e9s d\u2019obtenir el seu t\u00edtol, va treballar temporalment en diversos centres educatius, i aquest curs ja fa de tutora de cinqu\u00e8 de prim\u00e0ria. Est\u00e0 molt contenta. A l\u2019escola hi ha dues l\u00ednies de cada curs. \u00c9s activa a les xarxes socials. Durant la seva formaci\u00f3 al grau de Prim\u00e0ria va trobar-hi molts recursos valuosos que ha integrat a la seva pr\u00e0ctica docent habitual.<\/p><\/div><\/div>\n<div class='content-column one_half last_column'><p><img loading=\"lazy\" decoding=\"async\" class=\"alignnone wp-image-101 size-medium\" src=\"\/wp-content\/uploads\/sites\/4\/2024\/12\/image002-300x300.jpg\" alt=\"\" width=\"300\" height=\"300\" srcset=\"\/wp-content\/uploads\/sites\/4\/2024\/12\/image002-300x300.jpg 300w, \/wp-content\/uploads\/sites\/4\/2024\/12\/image002-150x150.jpg 150w, \/wp-content\/uploads\/sites\/4\/2024\/12\/image002.jpg 540w\" sizes=\"(max-width: 300px) 100vw, 300px\" \/><\/p>\n<h4><strong>Anna, paral\u00b7lela de l\u2019Amal a cinqu\u00e8<\/strong><\/h4>\n<p>L\u2019Anna ha estat dinou anys treballant a l\u2019escola. Abans havia estat a altres centres educatius. L\u2019Amal sempre diu que \u00e9s molt bona companya, que l\u2019ha ajudat molt a con\u00e8ixer l\u2019escola, per\u00f2 que va tenir moltes dificultats per aconseguir el nivell A1 de la compet\u00e8ncia digital docent.<\/p><\/div><div class='clear_column'><\/div>\n<div class='content-column one_half'><div style=\"padding-right:30px;\"><p><img loading=\"lazy\" decoding=\"async\" class=\"alignnone wp-image-103 size-medium\" src=\"\/wp-content\/uploads\/sites\/4\/2024\/12\/image003-300x300.jpg\" alt=\"\" width=\"300\" height=\"300\" srcset=\"\/wp-content\/uploads\/sites\/4\/2024\/12\/image003-300x300.jpg 300w, \/wp-content\/uploads\/sites\/4\/2024\/12\/image003-150x150.jpg 150w, \/wp-content\/uploads\/sites\/4\/2024\/12\/image003.jpg 540w\" sizes=\"(max-width: 300px) 100vw, 300px\" \/><\/p>\n<h4><strong>Mateo, el delegat de la classe de l\u2019Anna<\/strong><\/h4>\n<p>Tot i la seva aparent timidesa, els companys i companyes no van dubtar a escollir en Mateo com a delegat de la classe. Li agrada molt venir a l\u2019escola, acostuma a estar tranquil i no li costa gens posar-se a fer feina. Les seves qualificacions acostumen a ser molt bones.<\/p><\/div><\/div>\n<div class='content-column one_half last_column'><p><img loading=\"lazy\" decoding=\"async\" class=\"alignnone wp-image-105 size-medium\" src=\"\/wp-content\/uploads\/sites\/4\/2024\/12\/image004-300x300.jpg\" alt=\"\" width=\"300\" height=\"300\" srcset=\"\/wp-content\/uploads\/sites\/4\/2024\/12\/image004-300x300.jpg 300w, \/wp-content\/uploads\/sites\/4\/2024\/12\/image004-150x150.jpg 150w, \/wp-content\/uploads\/sites\/4\/2024\/12\/image004.jpg 540w\" sizes=\"(max-width: 300px) 100vw, 300px\" \/><\/p>\n<h4><strong>Catalina, la mare del delegat<\/strong><\/h4>\n<p>Sempre amb un somriure agradable, no acostuma a participar de les activitats escolars. L\u2019Anna, tutora del seu fill Mateo, va tenir una entrevista amb ella a principi de curs que va durar la meitat de temps del que acostuma a passar amb altres fam\u00edlies. La Catalina no va voler signar l\u2019autoritzaci\u00f3 perqu\u00e8 la imatge del seu fill aparegu\u00e9s al web de l\u2019escola.<\/p><\/div><div class='clear_column'><\/div>\n<div class='content-column one_half'><div style=\"padding-right:30px;\"><p><img loading=\"lazy\" decoding=\"async\" class=\"alignnone wp-image-107 size-medium\" src=\"\/wp-content\/uploads\/sites\/4\/2024\/12\/image005-300x300.jpg\" alt=\"\" width=\"300\" height=\"300\" srcset=\"\/wp-content\/uploads\/sites\/4\/2024\/12\/image005-300x300.jpg 300w, \/wp-content\/uploads\/sites\/4\/2024\/12\/image005-150x150.jpg 150w, \/wp-content\/uploads\/sites\/4\/2024\/12\/image005.jpg 540w\" sizes=\"(max-width: 300px) 100vw, 300px\" \/><\/p>\n<h4><strong>Mireia, la gimnasta de la classe de l\u2019Anna<\/strong><\/h4>\n<p>Tot i la seva joventut, la Mireia s\u2019est\u00e0 preparant per participar en els campionats nacionals de gimn\u00e0stica r\u00edtmica. Ocasionalment, se\u2019n va m\u00e9s aviat de l\u2019escola per seguir un entrenament especial. T\u00e9 diagnosi de disl\u00e8xia i aix\u00f2 afecta la seva comprensi\u00f3 lectora.<\/p><\/div><\/div>\n<div class='content-column one_half last_column'><p><img loading=\"lazy\" decoding=\"async\" class=\"alignnone wp-image-109 size-medium\" src=\"\/wp-content\/uploads\/sites\/4\/2024\/12\/image006-300x300.jpg\" alt=\"\" width=\"300\" height=\"300\" srcset=\"\/wp-content\/uploads\/sites\/4\/2024\/12\/image006-300x300.jpg 300w, \/wp-content\/uploads\/sites\/4\/2024\/12\/image006-150x150.jpg 150w, \/wp-content\/uploads\/sites\/4\/2024\/12\/image006.jpg 540w\" sizes=\"(max-width: 300px) 100vw, 300px\" \/><\/p>\n<h4><strong>Robert, el pare de la gimnasta<\/strong><\/h4>\n<p>En Robert est\u00e0 molt orgull\u00f3s de la Mireia. Professionalment aut\u00f2nom, pot combinar la seva feina amb els viatges de la Mireia per anar a entrenar a Girona pels campionats de final d\u2019any. Ell i la mare de la Mireia estan molt compromesos amb el futur esportiu de la seva filla i li donen tot el suport possible.<\/p><\/div><div class='clear_column'><\/div>\n<div class='content-column one_half'><div style=\"padding-right:30px;\"><p><img loading=\"lazy\" decoding=\"async\" class=\"alignnone wp-image-111 size-medium\" src=\"\/wp-content\/uploads\/sites\/4\/2024\/12\/image007-300x300.jpg\" alt=\"\" width=\"300\" height=\"300\" srcset=\"\/wp-content\/uploads\/sites\/4\/2024\/12\/image007-300x300.jpg 300w, \/wp-content\/uploads\/sites\/4\/2024\/12\/image007-150x150.jpg 150w, \/wp-content\/uploads\/sites\/4\/2024\/12\/image007.jpg 540w\" sizes=\"(max-width: 300px) 100vw, 300px\" \/><\/p>\n<h4><strong>Ayoub, mestre d\u2019educaci\u00f3 f\u00edsica i responsable de la formaci\u00f3 interna de centre<\/strong><\/h4>\n<p>Durant aquest curs, l\u2019Ayoub ha estat l\u2019encarregat de formar la resta del claustre per obtenir el nivell A1 de la compet\u00e8ncia digital docent. L\u2019Ayoub \u00e9s el mestre d\u2019educaci\u00f3 f\u00edsica i la persona de confian\u00e7a de la directora de l\u2019escola, a qui sovint ajuda quan ha de preparar qualsevol mena de documentaci\u00f3 digital.<\/p><\/div><\/div>\n<div class='content-column one_half last_column'><p><img loading=\"lazy\" decoding=\"async\" class=\"alignnone wp-image-113 size-medium\" src=\"\/wp-content\/uploads\/sites\/4\/2024\/12\/image008-300x300.jpg\" alt=\"\" width=\"300\" height=\"300\" srcset=\"\/wp-content\/uploads\/sites\/4\/2024\/12\/image008-300x300.jpg 300w, \/wp-content\/uploads\/sites\/4\/2024\/12\/image008-150x150.jpg 150w, \/wp-content\/uploads\/sites\/4\/2024\/12\/image008.jpg 540w\" sizes=\"(max-width: 300px) 100vw, 300px\" \/><\/p>\n<h4><strong>Lourdes, la directora de l\u2019escola<\/strong><\/h4>\n<p>La Lourdes fa anys que \u00e9s la directora de l\u2019escola on ara treballa l\u2019Amal. Est\u00e0 amo\u00efnada per la baixada de natalitat, l\u2019antiguitat de les instal\u00b7lacions i la creixent tend\u00e8ncia de les fam\u00edlies de la ciutat a matricular els infants a altres centres educatius. De tant en tant, va a fer un caf\u00e8 a l\u2019hora d\u2019esbarjo amb l\u2019Anna, la mestra paral\u00b7lela de l\u2019Amal.<\/p><\/div><div class='clear_column'><\/div>\n","protected":false},"excerpt":{"rendered":"","protected":false},"author":1,"featured_media":0,"parent":0,"menu_order":0,"comment_status":"closed","ping_status":"closed","template":"","meta":{"_acf_changed":false,"footnotes":""},"class_list":["post-31","page","type-page","status-publish","hentry"],"acf":[],"_links":{"self":[{"href":"https:\/\/casos-practics-identitat-digital.recursos.uoc.edu\/exposicio-del-alumnat-a-les-xarxes-socials\/wp-json\/wp\/v2\/pages\/31"}],"collection":[{"href":"https:\/\/casos-practics-identitat-digital.recursos.uoc.edu\/exposicio-del-alumnat-a-les-xarxes-socials\/wp-json\/wp\/v2\/pages"}],"about":[{"href":"https:\/\/casos-practics-identitat-digital.recursos.uoc.edu\/exposicio-del-alumnat-a-les-xarxes-socials\/wp-json\/wp\/v2\/types\/page"}],"author":[{"embeddable":true,"href":"https:\/\/casos-practics-identitat-digital.recursos.uoc.edu\/exposicio-del-alumnat-a-les-xarxes-socials\/wp-json\/wp\/v2\/users\/1"}],"replies":[{"embeddable":true,"href":"https:\/\/casos-practics-identitat-digital.recursos.uoc.edu\/exposicio-del-alumnat-a-les-xarxes-socials\/wp-json\/wp\/v2\/comments?post=31"}],"version-history":[{"count":23,"href":"https:\/\/casos-practics-identitat-digital.recursos.uoc.edu\/exposicio-del-alumnat-a-les-xarxes-socials\/wp-json\/wp\/v2\/pages\/31\/revisions"}],"predecessor-version":[{"id":86,"href":"https:\/\/casos-practics-identitat-digital.recursos.uoc.edu\/exposicio-del-alumnat-a-les-xarxes-socials\/wp-json\/wp\/v2\/pages\/31\/revisions\/86"}],"wp:attachment":[{"href":"https:\/\/casos-practics-identitat-digital.recursos.uoc.edu\/exposicio-del-alumnat-a-les-xarxes-socials\/wp-json\/wp\/v2\/media?parent=31"}],"curies":[{"name":"wp","href":"https:\/\/api.w.org\/{rel}","templated":true}]}}