{"id":76,"date":"2024-11-20T11:51:21","date_gmt":"2024-11-20T09:51:21","guid":{"rendered":"https:\/\/casos-practics-identitat-digital.recursos.uoc.edu\/exposiciodelalumnatalesxarxessocials\/?page_id=76"},"modified":"2024-12-03T13:49:09","modified_gmt":"2024-12-03T11:49:09","slug":"4-reflexions","status":"publish","type":"page","link":"https:\/\/casos-practics-identitat-digital.recursos.uoc.edu\/exposicio-del-alumnat-a-les-xarxes-socials\/4-reflexions\/","title":{"rendered":"4. Reflexions"},"content":{"rendered":"<div class='content-column four_fifth'>Plantegem unes quantes preguntes per promoure la reflexi\u00f3 sobre situacions escolars complexes, destacant la import\u00e0ncia de la comunicaci\u00f3, la responsabilitat compartida i l\u2019\u00fas \u00e8tic de les tecnologies digitals.<\/div>\n<div class='content-column one_fifth last_column'><img loading=\"lazy\" decoding=\"async\" class=\"wp-image-117 alignright\" src=\"\/wp-content\/uploads\/sites\/4\/2024\/12\/interrogant.jpg\" alt=\"\" width=\"103\" height=\"100\" \/><\/div><div class='clear_column'><\/div>\n<ul>\n<li>Per qu\u00e8 creus que en Mateo no ha anat a l\u2019escola?<\/li>\n<li>Creus que la Catalina t\u00e9 motius per denunciar l\u2019escola? Quins s\u00f3n?<\/li>\n<li>Creus que la Catalina t\u00e9 motius per denunciar l\u2019Amal? Quins s\u00f3n?<\/li>\n<li>Un cop arribada a la situaci\u00f3 del dijous al mat\u00ed, com creus que hauria d\u2019haver actuat la Lourdes, la directora?<\/li>\n<li>Creus que la Catalina hauria d\u2019haver estat al grup de missatgeria instant\u00e0nia de les fam\u00edlies per evitar la situaci\u00f3?<\/li>\n<li>Quin creus que ha estat el paper d\u2019en Robert en la situaci\u00f3?<\/li>\n<li>L\u2019Anna i l\u2019Amal disposen del nivell A1 de la compet\u00e8ncia digital docent. Cal que l\u2019Ayoub se senti part responsable en l\u2019incident?<\/li>\n<li>Qu\u00e8 podria haver fet l\u2019Amal per evitar la situaci\u00f3?<\/li>\n<li>Quina part de responsabilitat t\u00e9 l\u2019Anna en el cas?<\/li>\n<li>Si alumnat de l\u2019escola en qu\u00e8 treballes et segu\u00eds en alguna xarxa social, qu\u00e8 faries?<\/li>\n<li>Quina responsabilitat t\u00e9 l\u2019escola pel que fa a l\u2019\u00fas de les xarxes socials per part dels docents i els alumnes?<\/li>\n<li>Com es podria haver evitat el conflicte entre l\u2019Amal, l\u2019Anna, els pares del Mateo i la direcci\u00f3 de l\u2019escola? Quines estrat\u00e8gies de comunicaci\u00f3 i col\u00b7laboraci\u00f3 s\u2019haurien pogut implementar?<\/li>\n<li>Quins beneficis i riscos potencials presenta l\u2019\u00fas de les xarxes socials per a la promoci\u00f3 d\u2019activitats escolars i la participaci\u00f3 de la comunitat? Com es poden maximitzar els beneficis i minimitzar els riscos?<\/li>\n<li>Com poden ser els docents models a seguir per als seus alumnes en l\u2019\u00fas de les xarxes socials? Quins comportaments i pr\u00e0ctiques hauria d\u2019evitar el personal docent en el seu propi \u00fas de les tecnologies digitals?<\/li>\n<\/ul>\n","protected":false},"excerpt":{"rendered":"<p>Per qu\u00e8 creus que en Mateo no ha anat a l\u2019escola? Creus que la Catalina t\u00e9 motius per denunciar l\u2019escola? Quins s\u00f3n? Creus que la Catalina t\u00e9 motius per denunciar l\u2019Amal? Quins s\u00f3n? Un cop arribada a la situaci\u00f3 del dijous al mat\u00ed, com creus que hauria d\u2019haver actuat la Lourdes, la directora? Creus que [&hellip;]<\/p>\n","protected":false},"author":1,"featured_media":0,"parent":0,"menu_order":0,"comment_status":"closed","ping_status":"closed","template":"","meta":{"_acf_changed":false,"footnotes":""},"class_list":["post-76","page","type-page","status-publish","hentry"],"acf":[],"_links":{"self":[{"href":"https:\/\/casos-practics-identitat-digital.recursos.uoc.edu\/exposicio-del-alumnat-a-les-xarxes-socials\/wp-json\/wp\/v2\/pages\/76"}],"collection":[{"href":"https:\/\/casos-practics-identitat-digital.recursos.uoc.edu\/exposicio-del-alumnat-a-les-xarxes-socials\/wp-json\/wp\/v2\/pages"}],"about":[{"href":"https:\/\/casos-practics-identitat-digital.recursos.uoc.edu\/exposicio-del-alumnat-a-les-xarxes-socials\/wp-json\/wp\/v2\/types\/page"}],"author":[{"embeddable":true,"href":"https:\/\/casos-practics-identitat-digital.recursos.uoc.edu\/exposicio-del-alumnat-a-les-xarxes-socials\/wp-json\/wp\/v2\/users\/1"}],"replies":[{"embeddable":true,"href":"https:\/\/casos-practics-identitat-digital.recursos.uoc.edu\/exposicio-del-alumnat-a-les-xarxes-socials\/wp-json\/wp\/v2\/comments?post=76"}],"version-history":[{"count":7,"href":"https:\/\/casos-practics-identitat-digital.recursos.uoc.edu\/exposicio-del-alumnat-a-les-xarxes-socials\/wp-json\/wp\/v2\/pages\/76\/revisions"}],"predecessor-version":[{"id":94,"href":"https:\/\/casos-practics-identitat-digital.recursos.uoc.edu\/exposicio-del-alumnat-a-les-xarxes-socials\/wp-json\/wp\/v2\/pages\/76\/revisions\/94"}],"wp:attachment":[{"href":"https:\/\/casos-practics-identitat-digital.recursos.uoc.edu\/exposicio-del-alumnat-a-les-xarxes-socials\/wp-json\/wp\/v2\/media?parent=76"}],"curies":[{"name":"wp","href":"https:\/\/api.w.org\/{rel}","templated":true}]}}