{"id":196,"date":"2024-11-20T12:54:28","date_gmt":"2024-11-20T10:54:28","guid":{"rendered":"https:\/\/casos-practics-identitat-digital.recursos.uoc.edu\/gestio-identitat-digital-centre-primaria\/?page_id=196"},"modified":"2025-01-09T14:45:23","modified_gmt":"2025-01-09T12:45:23","slug":"1-1-introduccion","status":"publish","type":"page","link":"https:\/\/casos-practics-identitat-digital.recursos.uoc.edu\/gestio-identitat-digital-centre-primaria\/es\/1-1-introduccion\/","title":{"rendered":"1.1. Introducci\u00f3n"},"content":{"rendered":"<p>En un mundo cada vez m\u00e1s interconectado, la comprensi\u00f3n y la gesti\u00f3n de nuestra identidad digital no \u00fanicamente son cruciales para nuestro desarrollo personal, sino tambi\u00e9n para la educaci\u00f3n y el bienestar de nuestros futuros alumnos. La identidad digital es el conjunto de informaciones que una persona comparte en l\u00ednea, sea consciente o inconscientemente. Esta identidad incluye nuestros perfiles en las redes sociales, los correos electr\u00f3nicos, los blogs, las fotos, los comentarios y cualquier otra informaci\u00f3n publicada en hola. Se trata de una extensi\u00f3n de nuestra identidad f\u00edsica, pero con la peculiaridad de que puede ser accesible a un p\u00fablico muy amplio y, a menudo, permanente.<\/p>\n<p>Para entender los motivos por los que la identidad digital debe ser un tema esencial en la formaci\u00f3n de los ni\u00f1os, a continuaci\u00f3n se expondr\u00e1n las principales razones por las que este concepto deber\u00eda estar presente en el curr\u00edculo de la educaci\u00f3n primaria.<\/p>\n","protected":false},"excerpt":{"rendered":"<p>En un mundo cada vez m\u00e1s interconectado, la comprensi\u00f3n y la gesti\u00f3n de nuestra identidad digital no \u00fanicamente son cruciales para nuestro desarrollo personal, sino tambi\u00e9n para la educaci\u00f3n y el bienestar de nuestros futuros alumnos. La identidad digital es el conjunto de informaciones que una persona comparte en l\u00ednea, sea consciente o inconscientemente. Esta [&hellip;]<\/p>\n","protected":false},"author":1,"featured_media":0,"parent":0,"menu_order":0,"comment_status":"closed","ping_status":"closed","template":"","meta":{"_acf_changed":false,"footnotes":""},"class_list":["post-196","page","type-page","status-publish","hentry"],"acf":[],"_links":{"self":[{"href":"https:\/\/casos-practics-identitat-digital.recursos.uoc.edu\/gestio-identitat-digital-centre-primaria\/es\/wp-json\/wp\/v2\/pages\/196"}],"collection":[{"href":"https:\/\/casos-practics-identitat-digital.recursos.uoc.edu\/gestio-identitat-digital-centre-primaria\/es\/wp-json\/wp\/v2\/pages"}],"about":[{"href":"https:\/\/casos-practics-identitat-digital.recursos.uoc.edu\/gestio-identitat-digital-centre-primaria\/es\/wp-json\/wp\/v2\/types\/page"}],"author":[{"embeddable":true,"href":"https:\/\/casos-practics-identitat-digital.recursos.uoc.edu\/gestio-identitat-digital-centre-primaria\/es\/wp-json\/wp\/v2\/users\/1"}],"replies":[{"embeddable":true,"href":"https:\/\/casos-practics-identitat-digital.recursos.uoc.edu\/gestio-identitat-digital-centre-primaria\/es\/wp-json\/wp\/v2\/comments?post=196"}],"version-history":[{"count":1,"href":"https:\/\/casos-practics-identitat-digital.recursos.uoc.edu\/gestio-identitat-digital-centre-primaria\/es\/wp-json\/wp\/v2\/pages\/196\/revisions"}],"predecessor-version":[{"id":199,"href":"https:\/\/casos-practics-identitat-digital.recursos.uoc.edu\/gestio-identitat-digital-centre-primaria\/es\/wp-json\/wp\/v2\/pages\/196\/revisions\/199"}],"wp:attachment":[{"href":"https:\/\/casos-practics-identitat-digital.recursos.uoc.edu\/gestio-identitat-digital-centre-primaria\/es\/wp-json\/wp\/v2\/media?parent=196"}],"curies":[{"name":"wp","href":"https:\/\/api.w.org\/{rel}","templated":true}]}}