{"id":202,"date":"2024-11-20T13:01:21","date_gmt":"2024-11-20T11:01:21","guid":{"rendered":"https:\/\/casos-practics-identitat-digital.recursos.uoc.edu\/gestio-identitat-digital-centre-primaria\/?page_id=202"},"modified":"2025-01-09T14:51:45","modified_gmt":"2025-01-09T12:51:45","slug":"1-2-penetracion-de-internet-en-la-vida-de-los-jovenes","status":"publish","type":"page","link":"https:\/\/casos-practics-identitat-digital.recursos.uoc.edu\/gestio-identitat-digital-centre-primaria\/es\/1-2-penetracion-de-internet-en-la-vida-de-los-jovenes\/","title":{"rendered":"1.2. Penetraci\u00f3n de internet en la vida de los j\u00f3venes"},"content":{"rendered":"<p>Seg\u00fan el estudio de Eurostat (2022), el 96 % de las personas de diecis\u00e9is a veintinueve a\u00f1os utilizan internet diariamente, en la Uni\u00f3n Europea.<\/p>\n<figure id=\"attachment_41\" aria-describedby=\"caption-attachment-41\" style=\"width: 904px\" class=\"wp-caption alignnone\"><img loading=\"lazy\" decoding=\"async\" class=\"wp-image-41 size-full\" src=\"\/wp-content\/uploads\/sites\/5\/2024\/11\/PID_00305193_01.png\" alt=\"\" width=\"904\" height=\"508\" srcset=\"\/wp-content\/uploads\/sites\/5\/2024\/11\/PID_00305193_01.png 904w, \/wp-content\/uploads\/sites\/5\/2024\/11\/PID_00305193_01-300x169.png 300w, \/wp-content\/uploads\/sites\/5\/2024\/11\/PID_00305193_01-768x432.png 768w\" sizes=\"(max-width: 904px) 100vw, 904px\" \/><figcaption id=\"caption-attachment-41\" class=\"wp-caption-text\">Figura 1. Personas que utilizan internet diariamente<br \/>Fuente: Eurostat (2022)<\/figcaption><\/figure>\n<p>Este dato refleja la penetraci\u00f3n masiva de la tecnolog\u00eda en la vida cotidiana de las personas: indica que el uso de internet es casi universal en este grupo de edad. Adem\u00e1s, esta constante interacci\u00f3n con la red tiene implicaciones profundas para la formaci\u00f3n y el desarrollo personal de los ni\u00f1os.<\/p>\n<div class=\"featured featured-blue\"><p>La previsi\u00f3n de futuro en el uso de internet entre los j\u00f3venes indica que esta tendencia de conexi\u00f3n diaria no solo se mantendr\u00e1, sino que probablemente se incrementar\u00e1 con la evoluci\u00f3n y la expansi\u00f3n de las nuevas tecnolog\u00edas.<\/p>\n<\/div>\n<p>Con la continua integraci\u00f3n de dispositivos inteligentes y la mejora de la conectividad global, los j\u00f3venes tendr\u00e1n acceso a internet de manera m\u00e1s f\u00e1cil y a trav\u00e9s de m\u00e1s canales. Esto se traducir\u00e1 en un aumento de las oportunidades educativas en l\u00ednea, el crecimiento de las comunidades digitales y una mayor participaci\u00f3n en plataformas sociales y de colaboraci\u00f3n. Adem\u00e1s, el hecho de adoptar tecnolog\u00edas emergentes como la realidad virtual y aumentada y la inteligencia artificial promete transformar a\u00fan m\u00e1s las experiencias de aprendizaje y entretenimiento de los j\u00f3venes. Les facilitar\u00e1 un desarrollo personal y profesional m\u00e1s diversificado e interconectado.<\/p>\n<p>Teniendo en cuenta estos datos, es fundamental hacer pedagog\u00eda en los ni\u00f1os sobre el uso de internet porque, en un mundo digitalizado, los ni\u00f1os y ni\u00f1as est\u00e1n expuestos a una gran cantidad de informaci\u00f3n e interacciones en l\u00ednea desde muy j\u00f3venes.<\/p>\n<div class=\"featured featured-blue\"><p>Ense\u00f1arles a utilizar internet de manera segura, responsable y cr\u00edtica les ayuda a proteger su privacidad, prevenir riesgos como el acoso cibern\u00e9tico y la desinformaci\u00f3n, y desarrollar una huella digital positiva.<\/p>\n<\/div>\n<p>Adem\u00e1s, esta educaci\u00f3n fomenta la alfabetizaci\u00f3n digital, los prepara para un futuro en el que las competencias tecnol\u00f3gicas son imprescindibles y promueve valores de \u00e9tica y respeto en el entorno virtual. As\u00ed, asegura una ciudadan\u00eda digital consciente y respetuosa.<\/p>\n","protected":false},"excerpt":{"rendered":"<p>Seg\u00fan el estudio de Eurostat (2022), el 96 % de las personas de diecis\u00e9is a veintinueve a\u00f1os utilizan internet diariamente, en la Uni\u00f3n Europea. Este dato refleja la penetraci\u00f3n masiva de la tecnolog\u00eda en la vida cotidiana de las personas: indica que el uso de internet es casi universal en este grupo de edad. Adem\u00e1s, [&hellip;]<\/p>\n","protected":false},"author":1,"featured_media":0,"parent":0,"menu_order":0,"comment_status":"closed","ping_status":"closed","template":"","meta":{"_acf_changed":false,"footnotes":""},"class_list":["post-202","page","type-page","status-publish","hentry"],"acf":[],"_links":{"self":[{"href":"https:\/\/casos-practics-identitat-digital.recursos.uoc.edu\/gestio-identitat-digital-centre-primaria\/es\/wp-json\/wp\/v2\/pages\/202"}],"collection":[{"href":"https:\/\/casos-practics-identitat-digital.recursos.uoc.edu\/gestio-identitat-digital-centre-primaria\/es\/wp-json\/wp\/v2\/pages"}],"about":[{"href":"https:\/\/casos-practics-identitat-digital.recursos.uoc.edu\/gestio-identitat-digital-centre-primaria\/es\/wp-json\/wp\/v2\/types\/page"}],"author":[{"embeddable":true,"href":"https:\/\/casos-practics-identitat-digital.recursos.uoc.edu\/gestio-identitat-digital-centre-primaria\/es\/wp-json\/wp\/v2\/users\/1"}],"replies":[{"embeddable":true,"href":"https:\/\/casos-practics-identitat-digital.recursos.uoc.edu\/gestio-identitat-digital-centre-primaria\/es\/wp-json\/wp\/v2\/comments?post=202"}],"version-history":[{"count":2,"href":"https:\/\/casos-practics-identitat-digital.recursos.uoc.edu\/gestio-identitat-digital-centre-primaria\/es\/wp-json\/wp\/v2\/pages\/202\/revisions"}],"predecessor-version":[{"id":204,"href":"https:\/\/casos-practics-identitat-digital.recursos.uoc.edu\/gestio-identitat-digital-centre-primaria\/es\/wp-json\/wp\/v2\/pages\/202\/revisions\/204"}],"wp:attachment":[{"href":"https:\/\/casos-practics-identitat-digital.recursos.uoc.edu\/gestio-identitat-digital-centre-primaria\/es\/wp-json\/wp\/v2\/media?parent=202"}],"curies":[{"name":"wp","href":"https:\/\/api.w.org\/{rel}","templated":true}]}}