{"id":210,"date":"2024-11-20T13:04:16","date_gmt":"2024-11-20T11:04:16","guid":{"rendered":"https:\/\/casos-practics-identitat-digital.recursos.uoc.edu\/gestio-identitat-digital-centre-primaria\/?page_id=210"},"modified":"2025-01-10T09:44:53","modified_gmt":"2025-01-10T07:44:53","slug":"1-4-el-ciberacoso","status":"publish","type":"page","link":"https:\/\/casos-practics-identitat-digital.recursos.uoc.edu\/gestio-identitat-digital-centre-primaria\/es\/1-4-el-ciberacoso\/","title":{"rendered":"1.4. El ciberacoso"},"content":{"rendered":"<p>El ciberacoso es un problema creciente que afecta a un gran n\u00famero de estudiantes. Seg\u00fan datos de la Organizaci\u00f3n Mundial de la Salud (OMS, 2024), la Organizaci\u00f3n para la Cooperaci\u00f3n y el Desarrollo Econ\u00f3mico (OCDE, 2023) y la ONG Bullying Sin Fronteras, se han detectado m\u00e1s de 9.524.000 casos anuales de ciberacoso entre los a\u00f1os 2023 y 2024 a ni\u00f1os de Am\u00e9rica, Europa, \u00c1frica, Ocean\u00eda y Asia. El 70 % de las v\u00edctimas son ni\u00f1as. Ense\u00f1ar a los ni\u00f1os c\u00f3mo protegerse en l\u00ednea y fomentar un comportamiento respetuoso en la red puede reducir significativamente este problema.<\/p>\n<div class=\"featured featured-blue\"><p>La formaci\u00f3n en identidad digital puede reducir significativamente el impacto del ciberacoso entre los ni\u00f1os de primaria, si se les ense\u00f1a los efectos de sus acciones en l\u00ednea, se promueven comportamientos responsables y \u00e9ticos, y se mejoran sus habilidades de seguridad digital. Esta formaci\u00f3n tambi\u00e9n los empodera para reconocer y denunciar el ciberacoso, de manera que se fomenta una cultura escolar de apoyo e intervenci\u00f3n r\u00e1pida. Adem\u00e1s, promover una ciudadan\u00eda digital responsable contribuye a crear una comunidad escolar m\u00e1s respetuosa y solidaria. Prepara mejor al estudiantado para navegar por el entorno digital de manera segura y respetuosa.<\/p>\n<\/div>\n<p>A continuaci\u00f3n, se detallan las cuatro principales razones por las que la formaci\u00f3n en identidad digital puede ayudar a reducir los datos presentados:<\/p>\n<ul>\n<li><strong>Concienciaci\u00f3n y prevenci\u00f3n<\/strong>. Una formaci\u00f3n adecuada en identidad digital puede ayudar a los ni\u00f1os a ser m\u00e1s conscientes de los riesgos y las consecuencias del ciberacoso. Al comprender qu\u00e9 es el ciberacoso y c\u00f3mo se manifiesta, los alumnos pueden identificar comportamientos inapropiados tanto en ellos mismos como en los dem\u00e1s y tomar medidas para evitarlos. Esta concienciaci\u00f3n es el primer paso para prevenir situaciones de acoso en l\u00ednea.<\/li>\n<li><strong>Desarrollo de empat\u00eda y respeto<\/strong>. La educaci\u00f3n en identidad digital puede incluir actividades que fomenten la empat\u00eda y el respeto hacia los dem\u00e1s. Cuando los ni\u00f1os comprenden el impacto emocional que el ciberacoso puede tener en las v\u00edctimas, es menos probable que participen en estos comportamientos. Aprender a respetar la privacidad y los sentimientos de los dem\u00e1s en l\u00ednea es esencial para crear un entorno digital m\u00e1s seguro y respetuoso.<\/li>\n<li><strong>Provisi\u00f3n de herramientas y estrategias para hacer frente al ciberacoso<\/strong>. Proporcionar a los alumnos herramientas y estrategias para gestionar situaciones de ciberacoso es fundamental. Esto incluye ense\u00f1arles a utilizar las configuraciones de privacidad, denunciar contenidos inapropiados y bloquear acosadores. Adem\u00e1s, conocer c\u00f3mo buscar apoyo, sea de padres, maestros u otras figuras de autoridad, puede empoderar a los ni\u00f1os para afrontar y superar situaciones de acoso.<\/li>\n<li><strong>Promoci\u00f3n de una huella digital positiva<\/strong>. La formaci\u00f3n en identidad digital tambi\u00e9n incluye ense\u00f1ar a los ni\u00f1os a construir y mantener una huella digital positiva. Esto implica ser conscientes de lo que publican en l\u00ednea y c\u00f3mo puede afectar a su reputaci\u00f3n. Al comprender la importancia de actuar de manera responsable en l\u00ednea, el alumnado puede evitar comportamientos que podr\u00edan derivar en ciberacoso y, as\u00ed, contribuir a una comunidad digital m\u00e1s segura y positiva.<\/li>\n<\/ul>\n","protected":false},"excerpt":{"rendered":"<p>El ciberacoso es un problema creciente que afecta a un gran n\u00famero de estudiantes. Seg\u00fan datos de la Organizaci\u00f3n Mundial de la Salud (OMS, 2024), la Organizaci\u00f3n para la Cooperaci\u00f3n y el Desarrollo Econ\u00f3mico (OCDE, 2023) y la ONG Bullying Sin Fronteras, se han detectado m\u00e1s de 9.524.000 casos anuales de ciberacoso entre los a\u00f1os [&hellip;]<\/p>\n","protected":false},"author":1,"featured_media":0,"parent":0,"menu_order":0,"comment_status":"closed","ping_status":"closed","template":"","meta":{"_acf_changed":false,"footnotes":""},"class_list":["post-210","page","type-page","status-publish","hentry"],"acf":[],"_links":{"self":[{"href":"https:\/\/casos-practics-identitat-digital.recursos.uoc.edu\/gestio-identitat-digital-centre-primaria\/es\/wp-json\/wp\/v2\/pages\/210"}],"collection":[{"href":"https:\/\/casos-practics-identitat-digital.recursos.uoc.edu\/gestio-identitat-digital-centre-primaria\/es\/wp-json\/wp\/v2\/pages"}],"about":[{"href":"https:\/\/casos-practics-identitat-digital.recursos.uoc.edu\/gestio-identitat-digital-centre-primaria\/es\/wp-json\/wp\/v2\/types\/page"}],"author":[{"embeddable":true,"href":"https:\/\/casos-practics-identitat-digital.recursos.uoc.edu\/gestio-identitat-digital-centre-primaria\/es\/wp-json\/wp\/v2\/users\/1"}],"replies":[{"embeddable":true,"href":"https:\/\/casos-practics-identitat-digital.recursos.uoc.edu\/gestio-identitat-digital-centre-primaria\/es\/wp-json\/wp\/v2\/comments?post=210"}],"version-history":[{"count":2,"href":"https:\/\/casos-practics-identitat-digital.recursos.uoc.edu\/gestio-identitat-digital-centre-primaria\/es\/wp-json\/wp\/v2\/pages\/210\/revisions"}],"predecessor-version":[{"id":212,"href":"https:\/\/casos-practics-identitat-digital.recursos.uoc.edu\/gestio-identitat-digital-centre-primaria\/es\/wp-json\/wp\/v2\/pages\/210\/revisions\/212"}],"wp:attachment":[{"href":"https:\/\/casos-practics-identitat-digital.recursos.uoc.edu\/gestio-identitat-digital-centre-primaria\/es\/wp-json\/wp\/v2\/media?parent=210"}],"curies":[{"name":"wp","href":"https:\/\/api.w.org\/{rel}","templated":true}]}}