{"id":219,"date":"2024-11-20T13:08:53","date_gmt":"2024-11-20T11:08:53","guid":{"rendered":"https:\/\/casos-practics-identitat-digital.recursos.uoc.edu\/gestio-identitat-digital-centre-primaria\/?page_id=219"},"modified":"2025-01-10T10:03:45","modified_gmt":"2025-01-10T08:03:45","slug":"1-6-mejora-de-la-alfabetizacion-digital","status":"publish","type":"page","link":"https:\/\/casos-practics-identitat-digital.recursos.uoc.edu\/gestio-identitat-digital-centre-primaria\/es\/1-6-mejora-de-la-alfabetizacion-digital\/","title":{"rendered":"1.6. Mejora de la alfabetizaci\u00f3n digital"},"content":{"rendered":"<p>Ense\u00f1ar identidad digital tambi\u00e9n ayuda a mejorar la alfabetizaci\u00f3n digital general de los ni\u00f1os. Seg\u00fan la OCDE (2023), la <strong>relaci\u00f3n entre la alfabetizaci\u00f3n digital y el \u00e9xito acad\u00e9mico <\/strong>sigue siendo un tema relevante en los estudios recientes. El <em>2023 Digital Education Outlook <\/em>destaca que la integraci\u00f3n adecuada de tecnolog\u00edas digitales en la educaci\u00f3n no solo prepara mejor a los estudiantes para el futuro laboral, sino que tambi\u00e9n contribuye significativamente a sus resultados acad\u00e9micos. Esto demuestra que la comprensi\u00f3n y la gesti\u00f3n adecuada de la identidad digital no \u00fanicamente protege a los ni\u00f1os, sino que tambi\u00e9n los prepara para un \u00e9xito acad\u00e9mico y profesional.<\/p>\n<p>La identidad digital es un aspecto esencial de la vida moderna que tiene implicaciones profundas para la seguridad, la reputaci\u00f3n y el bienestar de los ni\u00f1os.<\/p>\n<div class=\"featured featured-blue\"><p>Integrar la ense\u00f1anza sobre la gesti\u00f3n de la identidad digital en la educaci\u00f3n primaria no solo ayuda a proteger a los ni\u00f1os en el presente, sino que tambi\u00e9n los prepara para gestionar su presencia en l\u00ednea de manera responsable y segura en el futuro.<\/p>\n<\/div>\n<p>Los datos y las cifras subrayan la necesidad urgente de esta educaci\u00f3n para crear una generaci\u00f3n de ciudadanos digitales informados y responsables.<\/p>\n","protected":false},"excerpt":{"rendered":"<p>Ense\u00f1ar identidad digital tambi\u00e9n ayuda a mejorar la alfabetizaci\u00f3n digital general de los ni\u00f1os. Seg\u00fan la OCDE (2023), la relaci\u00f3n entre la alfabetizaci\u00f3n digital y el \u00e9xito acad\u00e9mico sigue siendo un tema relevante en los estudios recientes. El 2023 Digital Education Outlook destaca que la integraci\u00f3n adecuada de tecnolog\u00edas digitales en la educaci\u00f3n no solo [&hellip;]<\/p>\n","protected":false},"author":1,"featured_media":0,"parent":0,"menu_order":0,"comment_status":"closed","ping_status":"closed","template":"","meta":{"_acf_changed":false,"footnotes":""},"class_list":["post-219","page","type-page","status-publish","hentry"],"acf":[],"_links":{"self":[{"href":"https:\/\/casos-practics-identitat-digital.recursos.uoc.edu\/gestio-identitat-digital-centre-primaria\/es\/wp-json\/wp\/v2\/pages\/219"}],"collection":[{"href":"https:\/\/casos-practics-identitat-digital.recursos.uoc.edu\/gestio-identitat-digital-centre-primaria\/es\/wp-json\/wp\/v2\/pages"}],"about":[{"href":"https:\/\/casos-practics-identitat-digital.recursos.uoc.edu\/gestio-identitat-digital-centre-primaria\/es\/wp-json\/wp\/v2\/types\/page"}],"author":[{"embeddable":true,"href":"https:\/\/casos-practics-identitat-digital.recursos.uoc.edu\/gestio-identitat-digital-centre-primaria\/es\/wp-json\/wp\/v2\/users\/1"}],"replies":[{"embeddable":true,"href":"https:\/\/casos-practics-identitat-digital.recursos.uoc.edu\/gestio-identitat-digital-centre-primaria\/es\/wp-json\/wp\/v2\/comments?post=219"}],"version-history":[{"count":2,"href":"https:\/\/casos-practics-identitat-digital.recursos.uoc.edu\/gestio-identitat-digital-centre-primaria\/es\/wp-json\/wp\/v2\/pages\/219\/revisions"}],"predecessor-version":[{"id":221,"href":"https:\/\/casos-practics-identitat-digital.recursos.uoc.edu\/gestio-identitat-digital-centre-primaria\/es\/wp-json\/wp\/v2\/pages\/219\/revisions\/221"}],"wp:attachment":[{"href":"https:\/\/casos-practics-identitat-digital.recursos.uoc.edu\/gestio-identitat-digital-centre-primaria\/es\/wp-json\/wp\/v2\/media?parent=219"}],"curies":[{"name":"wp","href":"https:\/\/api.w.org\/{rel}","templated":true}]}}