{"id":223,"date":"2024-11-20T13:15:45","date_gmt":"2024-11-20T11:15:45","guid":{"rendered":"https:\/\/casos-practics-identitat-digital.recursos.uoc.edu\/gestio-identitat-digital-centre-primaria\/?page_id=223"},"modified":"2025-01-17T12:52:30","modified_gmt":"2025-01-17T10:52:30","slug":"2-1-caracteristicas-del-centro-y-el-entorno","status":"publish","type":"page","link":"https:\/\/casos-practics-identitat-digital.recursos.uoc.edu\/gestio-identitat-digital-centre-primaria\/es\/2-1-caracteristicas-del-centro-y-el-entorno\/","title":{"rendered":"2.1. Caracter\u00edsticas del centro y el entorno"},"content":{"rendered":"<p>La <strong>Escuela l\u2019Albarzer <\/strong>es una escuela de primaria situada en el barrio de El Poblenou, en Barcelona. El barrio est\u00e1 en el distrito de Sant Mart\u00ed, al noreste de Barcelona, y se extiende desde la Gran Via de les Corts Catalanes hasta la costa mediterr\u00e1nea. Hist\u00f3ricamente, El Poblenou fue un \u00e1rea industrial con numerosas f\u00e1bricas y talleres que prosperaron durante el siglo <span class=\"roman\">XIX<\/span>. Con el paso de los a\u00f1os, el barrio ha experimentado una transformaci\u00f3n significativa y se ha convertido en uno de los epicentros de la innovaci\u00f3n y la tecnolog\u00eda en Barcelona.<\/p>\n<p>La Escuela l\u2019Albarzer es una escuela de primaria moderna e innovadora, situada en el coraz\u00f3n del barrio de El Poblenou. El centro destaca por su integraci\u00f3n de tecnolog\u00edas avanzadas en la ense\u00f1anza, su compromiso con el medioambiente y su atenci\u00f3n a la diversidad y la inclusi\u00f3n. Cuenta con un total de 350 alumnos, distribuidos desde I3 hasta sexto de primaria. El estudiantado refleja la diversidad cultural del barrio, con estudiantes de nacionalidades y entornos socioecon\u00f3micos diferentes. Esta diversidad enriquece a la comunidad escolar y fomenta un ambiente inclusivo y respetuoso.<\/p>\n<figure id=\"attachment_67\" aria-describedby=\"caption-attachment-67\" style=\"width: 736px\" class=\"wp-caption alignnone\"><img loading=\"lazy\" decoding=\"async\" class=\"wp-image-67 size-full\" src=\"\/wp-content\/uploads\/sites\/5\/2024\/11\/PID_00305193_02.png\" alt=\"\" width=\"736\" height=\"414\" srcset=\"\/wp-content\/uploads\/sites\/5\/2024\/11\/PID_00305193_02.png 736w, \/wp-content\/uploads\/sites\/5\/2024\/11\/PID_00305193_02-300x169.png 300w\" sizes=\"(max-width: 736px) 100vw, 736px\" \/><figcaption id=\"caption-attachment-67\" class=\"wp-caption-text\">Figura 2. Simulaci\u00f3n de la Escuela l&#8217;Albarzer<br \/>Fuente: elaboraci\u00f3n propia a partir de la fotograf\u00eda del edificio Alan Turing de la Escuela Polit\u00e9cnica Superior (Universidad Aut\u00f3noma de Madrid).<\/figcaption><\/figure>\n","protected":false},"excerpt":{"rendered":"<p>La Escuela l\u2019Albarzer es una escuela de primaria situada en el barrio de El Poblenou, en Barcelona. El barrio est\u00e1 en el distrito de Sant Mart\u00ed, al noreste de Barcelona, y se extiende desde la Gran Via de les Corts Catalanes hasta la costa mediterr\u00e1nea. Hist\u00f3ricamente, El Poblenou fue un \u00e1rea industrial con numerosas f\u00e1bricas [&hellip;]<\/p>\n","protected":false},"author":1,"featured_media":0,"parent":0,"menu_order":0,"comment_status":"closed","ping_status":"closed","template":"","meta":{"_acf_changed":false,"footnotes":""},"class_list":["post-223","page","type-page","status-publish","hentry"],"acf":[],"_links":{"self":[{"href":"https:\/\/casos-practics-identitat-digital.recursos.uoc.edu\/gestio-identitat-digital-centre-primaria\/es\/wp-json\/wp\/v2\/pages\/223"}],"collection":[{"href":"https:\/\/casos-practics-identitat-digital.recursos.uoc.edu\/gestio-identitat-digital-centre-primaria\/es\/wp-json\/wp\/v2\/pages"}],"about":[{"href":"https:\/\/casos-practics-identitat-digital.recursos.uoc.edu\/gestio-identitat-digital-centre-primaria\/es\/wp-json\/wp\/v2\/types\/page"}],"author":[{"embeddable":true,"href":"https:\/\/casos-practics-identitat-digital.recursos.uoc.edu\/gestio-identitat-digital-centre-primaria\/es\/wp-json\/wp\/v2\/users\/1"}],"replies":[{"embeddable":true,"href":"https:\/\/casos-practics-identitat-digital.recursos.uoc.edu\/gestio-identitat-digital-centre-primaria\/es\/wp-json\/wp\/v2\/comments?post=223"}],"version-history":[{"count":6,"href":"https:\/\/casos-practics-identitat-digital.recursos.uoc.edu\/gestio-identitat-digital-centre-primaria\/es\/wp-json\/wp\/v2\/pages\/223\/revisions"}],"predecessor-version":[{"id":280,"href":"https:\/\/casos-practics-identitat-digital.recursos.uoc.edu\/gestio-identitat-digital-centre-primaria\/es\/wp-json\/wp\/v2\/pages\/223\/revisions\/280"}],"wp:attachment":[{"href":"https:\/\/casos-practics-identitat-digital.recursos.uoc.edu\/gestio-identitat-digital-centre-primaria\/es\/wp-json\/wp\/v2\/media?parent=223"}],"curies":[{"name":"wp","href":"https:\/\/api.w.org\/{rel}","templated":true}]}}