{"id":227,"date":"2024-11-20T13:22:26","date_gmt":"2024-11-20T11:22:26","guid":{"rendered":"https:\/\/casos-practics-identitat-digital.recursos.uoc.edu\/gestio-identitat-digital-centre-primaria\/?page_id=227"},"modified":"2025-01-10T10:15:40","modified_gmt":"2025-01-10T08:15:40","slug":"2-2-recursos-humanos-y-de-gestion-del-centro","status":"publish","type":"page","link":"https:\/\/casos-practics-identitat-digital.recursos.uoc.edu\/gestio-identitat-digital-centre-primaria\/es\/2-2-recursos-humanos-y-de-gestion-del-centro\/","title":{"rendered":"2.2.\tRecursos humanos y de gesti\u00f3n del centro"},"content":{"rendered":"<p>Los <strong>recursos humanos <\/strong>del centro est\u00e1n compuestos por:<\/p>\n<table>\n<tbody>\n<tr>\n<th scope=\"row\"><strong>Personal docente<\/strong><\/th>\n<td>Maestros de primaria<br \/>\nMaestros especialistas de m\u00fasica, educaci\u00f3n f\u00edsica, ingl\u00e9s, etc.<\/td>\n<\/tr>\n<tr>\n<th scope=\"row\"><strong>Personal administrativo<\/strong><\/th>\n<td>Administrativo del centro<\/td>\n<\/tr>\n<tr>\n<th scope=\"row\"><strong>Personal de apoyo<\/strong><\/th>\n<td>Orientador escolar<br \/>\nLogopeda<br \/>\nAuxiliar de educaci\u00f3n especial<\/td>\n<\/tr>\n<tr>\n<th scope=\"row\"><strong>Personal de servicios<\/strong><\/th>\n<td>Conserje<br \/>\nPersonal de limpieza<br \/>\nCocineros\/as<br \/>\nMonitores\/as de comedor<\/td>\n<\/tr>\n<\/tbody>\n<\/table>\n<p>Para la buena gesti\u00f3n y organizaci\u00f3n, el centro tiene los siguientes <strong>cargos de coordinaci\u00f3n y direcci\u00f3n <\/strong>en el centro:<\/p>\n<ul>\n<li><strong>Director<\/strong>. Es el responsable de la gesti\u00f3n general del centro.<\/li>\n<li><strong>Jefe de estudios<\/strong>. Coordina la actividad acad\u00e9mica y organiza los horarios y las sustituciones.<\/li>\n<li><strong>Coordinadores de ciclo<\/strong>. Coordinan las actividades y la programaci\u00f3n de su ciclo (inicial, medio y superior).<\/li>\n<li><strong>Coordinador pedag\u00f3gico<\/strong>. Planifica, implementa y supervisa el proceso de ense\u00f1anza-aprendizaje. Su trabajo est\u00e1 orientado a mejorar la calidad educativa y a asegurarse de que se cumplan los objetivos acad\u00e9micos y pedag\u00f3gicos del centro.<\/li>\n<li><strong>Coordinador de tutor\u00edas<\/strong>. Coordina a los tutores y tutoras del centro y se encarga de aplicar el Plan de acci\u00f3n tutorial del centro.<\/li>\n<li><strong>Coordinador COCOBE<\/strong>. El coordinador de coeducaci\u00f3n, convivencia y bienestar del alumnado (COCOBE) es la persona referente en estas materias para el alumnado y el profesorado del centro.<\/li>\n<li><strong>Coordinador digital<\/strong>. Dinamiza las actuaciones que determine la comisi\u00f3n digital dentro de su estrategia digital de centro (EDC) y resuelve incidencias t\u00e9cnicas.<\/li>\n<li><strong>Jefes de departamento<\/strong>. Lideran, coordinan y supervisan las actividades acad\u00e9micas y administrativas de su departamento espec\u00edfico.<\/li>\n<li><strong>Coordinador ling\u00fc\u00edstico<\/strong>. Asesora al equipo directivo en la elaboraci\u00f3n del proyecto ling\u00fc\u00edstico y en el tratamiento de las lenguas en la elaboraci\u00f3n del proyecto curricular del centro, de acuerdo con los criterios que se establecen en el proyecto ling\u00fc\u00edstico.<\/li>\n<li><strong>Coordinador de Erasmus<\/strong>. Tiene la responsabilidad de gestionar y supervisar las actividades relacionadas con el programa Erasmus+ de la Uni\u00f3n Europea. Este programa promueve la movilidad y la cooperaci\u00f3n educativa entre instituciones de diferentes pa\u00edses europeos.<\/li>\n<\/ul>\n","protected":false},"excerpt":{"rendered":"<p>Los recursos humanos del centro est\u00e1n compuestos por: Personal docente Maestros de primaria Maestros especialistas de m\u00fasica, educaci\u00f3n f\u00edsica, ingl\u00e9s, etc. Personal administrativo Administrativo del centro Personal de apoyo Orientador escolar Logopeda Auxiliar de educaci\u00f3n especial Personal de servicios Conserje Personal de limpieza Cocineros\/as Monitores\/as de comedor Para la buena gesti\u00f3n y organizaci\u00f3n, el centro [&hellip;]<\/p>\n","protected":false},"author":1,"featured_media":0,"parent":0,"menu_order":0,"comment_status":"closed","ping_status":"closed","template":"","meta":{"_acf_changed":false,"footnotes":""},"class_list":["post-227","page","type-page","status-publish","hentry"],"acf":[],"_links":{"self":[{"href":"https:\/\/casos-practics-identitat-digital.recursos.uoc.edu\/gestio-identitat-digital-centre-primaria\/es\/wp-json\/wp\/v2\/pages\/227"}],"collection":[{"href":"https:\/\/casos-practics-identitat-digital.recursos.uoc.edu\/gestio-identitat-digital-centre-primaria\/es\/wp-json\/wp\/v2\/pages"}],"about":[{"href":"https:\/\/casos-practics-identitat-digital.recursos.uoc.edu\/gestio-identitat-digital-centre-primaria\/es\/wp-json\/wp\/v2\/types\/page"}],"author":[{"embeddable":true,"href":"https:\/\/casos-practics-identitat-digital.recursos.uoc.edu\/gestio-identitat-digital-centre-primaria\/es\/wp-json\/wp\/v2\/users\/1"}],"replies":[{"embeddable":true,"href":"https:\/\/casos-practics-identitat-digital.recursos.uoc.edu\/gestio-identitat-digital-centre-primaria\/es\/wp-json\/wp\/v2\/comments?post=227"}],"version-history":[{"count":2,"href":"https:\/\/casos-practics-identitat-digital.recursos.uoc.edu\/gestio-identitat-digital-centre-primaria\/es\/wp-json\/wp\/v2\/pages\/227\/revisions"}],"predecessor-version":[{"id":229,"href":"https:\/\/casos-practics-identitat-digital.recursos.uoc.edu\/gestio-identitat-digital-centre-primaria\/es\/wp-json\/wp\/v2\/pages\/227\/revisions\/229"}],"wp:attachment":[{"href":"https:\/\/casos-practics-identitat-digital.recursos.uoc.edu\/gestio-identitat-digital-centre-primaria\/es\/wp-json\/wp\/v2\/media?parent=227"}],"curies":[{"name":"wp","href":"https:\/\/api.w.org\/{rel}","templated":true}]}}