{"id":232,"date":"2024-11-20T13:26:59","date_gmt":"2024-11-20T11:26:59","guid":{"rendered":"https:\/\/casos-practics-identitat-digital.recursos.uoc.edu\/gestio-identitat-digital-centre-primaria\/?page_id=232"},"modified":"2025-01-10T10:22:24","modified_gmt":"2025-01-10T08:22:24","slug":"2-3-principios-metodologicos-del-centro","status":"publish","type":"page","link":"https:\/\/casos-practics-identitat-digital.recursos.uoc.edu\/gestio-identitat-digital-centre-primaria\/es\/2-3-principios-metodologicos-del-centro\/","title":{"rendered":"2.3.\tPrincipios metodol\u00f3gicos del centro"},"content":{"rendered":"<p>La <strong>Escuela<\/strong><strong> L\u2019Albarzer <\/strong>sigue una metodolog\u00eda educativa basada en el aprendizaje activo y cooperativo, e integra las nuevas tecnolog\u00edas como herramienta fundamental. Algunos de los proyectos educativos destacados son los siguientes:<\/p>\n<ul>\n<li><strong>Proyecto de tecnolog\u00edas digitales<\/strong>. Programa que introduce a los alumnos en el mundo de la programaci\u00f3n, la rob\u00f3tica y la seguridad en l\u00ednea. Este proyecto incluye talleres semanales y competiciones internas de rob\u00f3tica.<\/li>\n<li><strong>Programa de educaci\u00f3n ambiental<\/strong>. Se trata de un conjunto de actividades orientadas a concienciar a los alumnos sobre la importancia del medioambiente y la sostenibilidad. Incluye el huerto escolar, el reciclaje y proyectos de conservaci\u00f3n.<\/li>\n<li><strong>Talleres art\u00edsticos y creativos<\/strong>. Adem\u00e1s de las clases regulares, el centro ofrece extraescolares de arte, m\u00fasica y teatro para fomentar la creatividad y la expresi\u00f3n art\u00edstica de los alumnos.<\/li>\n<li><strong>Proyecto Erasmus<\/strong>. La escuela L\u2019Albarzer tiene un proyecto internacional que hace en colaboraci\u00f3n con otra escuela de Alemania, en el que trata el tema de la digitalizaci\u00f3n de las actividades de lectoescritura y con el que se realizan intercambios escolares entre los dos pa\u00edses regularmente.<\/li>\n<\/ul>\n","protected":false},"excerpt":{"rendered":"<p>La Escuela L\u2019Albarzer sigue una metodolog\u00eda educativa basada en el aprendizaje activo y cooperativo, e integra las nuevas tecnolog\u00edas como herramienta fundamental. Algunos de los proyectos educativos destacados son los siguientes: Proyecto de tecnolog\u00edas digitales. Programa que introduce a los alumnos en el mundo de la programaci\u00f3n, la rob\u00f3tica y la seguridad en l\u00ednea. Este [&hellip;]<\/p>\n","protected":false},"author":1,"featured_media":0,"parent":0,"menu_order":0,"comment_status":"closed","ping_status":"closed","template":"","meta":{"_acf_changed":false,"footnotes":""},"class_list":["post-232","page","type-page","status-publish","hentry"],"acf":[],"_links":{"self":[{"href":"https:\/\/casos-practics-identitat-digital.recursos.uoc.edu\/gestio-identitat-digital-centre-primaria\/es\/wp-json\/wp\/v2\/pages\/232"}],"collection":[{"href":"https:\/\/casos-practics-identitat-digital.recursos.uoc.edu\/gestio-identitat-digital-centre-primaria\/es\/wp-json\/wp\/v2\/pages"}],"about":[{"href":"https:\/\/casos-practics-identitat-digital.recursos.uoc.edu\/gestio-identitat-digital-centre-primaria\/es\/wp-json\/wp\/v2\/types\/page"}],"author":[{"embeddable":true,"href":"https:\/\/casos-practics-identitat-digital.recursos.uoc.edu\/gestio-identitat-digital-centre-primaria\/es\/wp-json\/wp\/v2\/users\/1"}],"replies":[{"embeddable":true,"href":"https:\/\/casos-practics-identitat-digital.recursos.uoc.edu\/gestio-identitat-digital-centre-primaria\/es\/wp-json\/wp\/v2\/comments?post=232"}],"version-history":[{"count":2,"href":"https:\/\/casos-practics-identitat-digital.recursos.uoc.edu\/gestio-identitat-digital-centre-primaria\/es\/wp-json\/wp\/v2\/pages\/232\/revisions"}],"predecessor-version":[{"id":234,"href":"https:\/\/casos-practics-identitat-digital.recursos.uoc.edu\/gestio-identitat-digital-centre-primaria\/es\/wp-json\/wp\/v2\/pages\/232\/revisions\/234"}],"wp:attachment":[{"href":"https:\/\/casos-practics-identitat-digital.recursos.uoc.edu\/gestio-identitat-digital-centre-primaria\/es\/wp-json\/wp\/v2\/media?parent=232"}],"curies":[{"name":"wp","href":"https:\/\/api.w.org\/{rel}","templated":true}]}}