{"id":249,"date":"2024-11-20T14:09:09","date_gmt":"2024-11-20T12:09:09","guid":{"rendered":"https:\/\/casos-practics-identitat-digital.recursos.uoc.edu\/gestio-identitat-digital-centre-primaria\/?page_id=249"},"modified":"2025-01-10T10:51:43","modified_gmt":"2025-01-10T08:51:43","slug":"3-3-consecuencias","status":"publish","type":"page","link":"https:\/\/casos-practics-identitat-digital.recursos.uoc.edu\/gestio-identitat-digital-centre-primaria\/es\/3-3-consecuencias\/","title":{"rendered":"3.3.\tConsecuencias"},"content":{"rendered":"<p>Estas interacciones entre el desconocido, por un lado, y Jon y su entorno, por el otro, tuvieron consecuencias graves:<\/p>\n<h3><strong>Familia<\/strong><\/h3>\n<ul>\n<li><strong>Suplantaci\u00f3n de identidad (<em>phishing<\/em>)<\/strong>. Los padres de Jon recibieron mensajes fraudulentos en los que se les solicitaba informaci\u00f3n personal y financiera. La madre de Jon abri\u00f3 un mensaje de texto de su supuesto banco e introdujo la contrase\u00f1a de su tarjeta bancaria, tal y como se le ped\u00eda. Aunque el desconocido no utiliz\u00f3 los datos bancarios, esta informaci\u00f3n se expuso y la madre de Jon tuvo que bloquear su tarjeta de cr\u00e9dito. Este incidente gener\u00f3 a los padres de Jon una gran preocupaci\u00f3n y ansiedad, y ahora est\u00e1n m\u00e1s decididos a educarse y proteger a su familia contra los peligros de internet.<\/li>\n<\/ul>\n<h3><strong>Compa\u00f1eros<\/strong><\/h3>\n<ul>\n<li><strong>Ciberacoso (<em>bullying<\/em>)<\/strong>. El desconocido utiliz\u00f3 las fotos y la informaci\u00f3n compartida por Jon para crear perfiles falsos de otros estudiantes, lo que llev\u00f3 a casos de ciberacoso entre compa\u00f1eros de clase. Los perfiles falsos que se crearon eran de dos de los compa\u00f1eros de Jon:\n<ul>\n<li><strong>Mariona<\/strong>. Mariona se sinti\u00f3 muy expuesta cuando descubri\u00f3 que sus fotos estaban en el Instagram de Jon sin su permiso. Al principio estuvo enfadada con Jon, pero luego comprendi\u00f3 que \u00e9l tampoco sab\u00eda las implicaciones de lo que hac\u00eda. Por otra parte, con inteligencia artificial, el desconocido retoc\u00f3 im\u00e1genes de compa\u00f1eros y las public\u00f3 en un perfil falso de Mariona creado por el individuo con la intenci\u00f3n de hacerle da\u00f1o. El incidente afect\u00f3 profundamente a Mariona porque ahora tiene mucho miedo de que vuelva a pasar.<\/li>\n<li><strong>Muneeb<\/strong>. Muneeb se enfad\u00f3 mucho con Jon cuando se enter\u00f3 de que su compa\u00f1ero hab\u00eda publicado im\u00e1genes suyas en su perfil sin permiso y que, a partir de eso, un individuo tambi\u00e9n cre\u00f3 un perfil falso de \u00e9l con im\u00e1genes humillantes. El incidente lo dej\u00f3 preocupado y un poco angustiado, ya que no le gusta sentirse vulnerable o expuesto. Tras el incidente, Muneeb ha desarrollado inter\u00e9s por la seguridad en l\u00ednea y se ha empezado a informar sobre c\u00f3mo protegerse en internet.<\/li>\n<\/ul>\n<\/li>\n<\/ul>\n<h3><strong>Jon<\/strong><\/h3>\n<ul>\n<li><strong>Impacto emocional<\/strong>. Jon sufri\u00f3 una gran angustia al darse cuenta del alcance de la situaci\u00f3n y de su papel involuntario en la creaci\u00f3n del problema. Su rendimiento acad\u00e9mico y su participaci\u00f3n en clase se vieron afectados negativamente.<\/li>\n<li><strong>P\u00e9rdida de confianza<\/strong>. Jon se sinti\u00f3 traicionado y asustado. Adem\u00e1s, sus relaciones con sus compa\u00f1eros, especialmente con Mariona y Muneeb, y su confianza en el uso de la tecnolog\u00eda se vieron afectadas. Como no se descubri\u00f3 qui\u00e9n lo hizo, Jon lleg\u00f3 a pensar en alg\u00fan momento que s\u00ed fueron sus compa\u00f1eros.<\/li>\n<\/ul>\n","protected":false},"excerpt":{"rendered":"<p>Estas interacciones entre el desconocido, por un lado, y Jon y su entorno, por el otro, tuvieron consecuencias graves: Familia Suplantaci\u00f3n de identidad (phishing). Los padres de Jon recibieron mensajes fraudulentos en los que se les solicitaba informaci\u00f3n personal y financiera. La madre de Jon abri\u00f3 un mensaje de texto de su supuesto banco e [&hellip;]<\/p>\n","protected":false},"author":1,"featured_media":0,"parent":0,"menu_order":0,"comment_status":"closed","ping_status":"closed","template":"","meta":{"_acf_changed":false,"footnotes":""},"class_list":["post-249","page","type-page","status-publish","hentry"],"acf":[],"_links":{"self":[{"href":"https:\/\/casos-practics-identitat-digital.recursos.uoc.edu\/gestio-identitat-digital-centre-primaria\/es\/wp-json\/wp\/v2\/pages\/249"}],"collection":[{"href":"https:\/\/casos-practics-identitat-digital.recursos.uoc.edu\/gestio-identitat-digital-centre-primaria\/es\/wp-json\/wp\/v2\/pages"}],"about":[{"href":"https:\/\/casos-practics-identitat-digital.recursos.uoc.edu\/gestio-identitat-digital-centre-primaria\/es\/wp-json\/wp\/v2\/types\/page"}],"author":[{"embeddable":true,"href":"https:\/\/casos-practics-identitat-digital.recursos.uoc.edu\/gestio-identitat-digital-centre-primaria\/es\/wp-json\/wp\/v2\/users\/1"}],"replies":[{"embeddable":true,"href":"https:\/\/casos-practics-identitat-digital.recursos.uoc.edu\/gestio-identitat-digital-centre-primaria\/es\/wp-json\/wp\/v2\/comments?post=249"}],"version-history":[{"count":3,"href":"https:\/\/casos-practics-identitat-digital.recursos.uoc.edu\/gestio-identitat-digital-centre-primaria\/es\/wp-json\/wp\/v2\/pages\/249\/revisions"}],"predecessor-version":[{"id":253,"href":"https:\/\/casos-practics-identitat-digital.recursos.uoc.edu\/gestio-identitat-digital-centre-primaria\/es\/wp-json\/wp\/v2\/pages\/249\/revisions\/253"}],"wp:attachment":[{"href":"https:\/\/casos-practics-identitat-digital.recursos.uoc.edu\/gestio-identitat-digital-centre-primaria\/es\/wp-json\/wp\/v2\/media?parent=249"}],"curies":[{"name":"wp","href":"https:\/\/api.w.org\/{rel}","templated":true}]}}