{"id":254,"date":"2024-11-20T14:13:03","date_gmt":"2024-11-20T12:13:03","guid":{"rendered":"https:\/\/casos-practics-identitat-digital.recursos.uoc.edu\/gestio-identitat-digital-centre-primaria\/?page_id=254"},"modified":"2025-01-10T10:54:35","modified_gmt":"2025-01-10T08:54:35","slug":"3-4-analisis-del-caso","status":"publish","type":"page","link":"https:\/\/casos-practics-identitat-digital.recursos.uoc.edu\/gestio-identitat-digital-centre-primaria\/es\/3-4-analisis-del-caso\/","title":{"rendered":"3.4.\tAn\u00e1lisis del caso"},"content":{"rendered":"<p>Teniendo en cuenta la sucesi\u00f3n de hechos, podemos determinar lo siguiente:<\/p>\n<h3><strong>Gesti\u00f3n de la identidad digital<\/strong><\/h3>\n<ul>\n<li><strong>Conocimiento insuficiente<\/strong>. Jon y su familia no estaban completamente informados sobre los riesgos de compartir informaci\u00f3n personal en l\u00ednea. Este caso destaca la necesidad de una educaci\u00f3n m\u00e1s efectiva sobre la identidad digital y sus implicaciones.<\/li>\n<li><strong>Medidas de seguridad<\/strong>. No se implementaron controles parentales ni se educ\u00f3 a Jon sobre las pol\u00edticas de privacidad y la importancia de mantener la informaci\u00f3n personal segura.<\/li>\n<\/ul>\n<h3><strong>Ciberseguridad<\/strong><\/h3>\n<ul>\n<li><strong>Protecci\u00f3n de datos<\/strong>. La falta de conocimiento sobre la importancia de proteger los datos personales facilit\u00f3 que el desconocido accediera a la informaci\u00f3n de Jon y sus padres y que la utilizara.<\/li>\n<li><strong>Consecuencias legales<\/strong>. Aunque en este caso no se tomaron acciones legales porque los datos bancarios de la madre de Jon no se utilizaron, la gravedad del incidente podr\u00eda haber llevado a denuncias por ciberacoso y suplantaci\u00f3n de identidad.<\/li>\n<\/ul>\n<h3><strong>Educaci\u00f3n y prevenci\u00f3n<\/strong><\/h3>\n<ul>\n<li><strong>Rol del centro educativo<\/strong>. La Escuela L\u2019Albarzer debe reforzar sus programas educativos sobre identidad digital, incluyendo actividades pr\u00e1cticas que ense\u00f1en a los alumnos a reconocer y evitar situaciones peligrosas en l\u00ednea.<\/li>\n<li><strong>Rol de la profesora<\/strong>. Tras el incidente, ella se sinti\u00f3 responsable y se cuestion\u00f3 si podr\u00eda haber hecho m\u00e1s para proteger a los ni\u00f1os de los peligros en l\u00ednea. A principio del curso realiz\u00f3 una sesi\u00f3n sobre las redes sociales con unos materiales que encontr\u00f3 en <a href=\"https:\/\/xtec.gencat.cat\/ca\/recursos\/tecinformacio\/internet_segura\/recursos\/\" target=\"_blank\" rel=\"noopener\">Internet Segura<\/a>, pero, tras el incidente, se dio cuenta de que podr\u00eda haber dedicado m\u00e1s tiempo a ello. Ahora est\u00e1 m\u00e1s decidida a educar a sus alumnos sobre la seguridad digital y la privacidad en internet.<\/li>\n<li><strong>Participaci\u00f3n de la familia<\/strong>. Es crucial que los padres sean conscientes de los riesgos y las medidas de protecci\u00f3n necesarias en el entorno digital y que est\u00e9n involucrados en ellos. Ser\u00eda necesario fomentar la participaci\u00f3n de las familias en los talleres que se realizan a principio de curso para fomentar la digitalizaci\u00f3n de las familias y la concienciaci\u00f3n sobre la importancia de garantizar una buena gesti\u00f3n de la identidad digital de la comunidad educativa.<\/li>\n<\/ul>\n","protected":false},"excerpt":{"rendered":"<p>Teniendo en cuenta la sucesi\u00f3n de hechos, podemos determinar lo siguiente: Gesti\u00f3n de la identidad digital Conocimiento insuficiente. Jon y su familia no estaban completamente informados sobre los riesgos de compartir informaci\u00f3n personal en l\u00ednea. Este caso destaca la necesidad de una educaci\u00f3n m\u00e1s efectiva sobre la identidad digital y sus implicaciones. Medidas de seguridad. [&hellip;]<\/p>\n","protected":false},"author":1,"featured_media":0,"parent":0,"menu_order":0,"comment_status":"closed","ping_status":"closed","template":"","meta":{"_acf_changed":false,"footnotes":""},"class_list":["post-254","page","type-page","status-publish","hentry"],"acf":[],"_links":{"self":[{"href":"https:\/\/casos-practics-identitat-digital.recursos.uoc.edu\/gestio-identitat-digital-centre-primaria\/es\/wp-json\/wp\/v2\/pages\/254"}],"collection":[{"href":"https:\/\/casos-practics-identitat-digital.recursos.uoc.edu\/gestio-identitat-digital-centre-primaria\/es\/wp-json\/wp\/v2\/pages"}],"about":[{"href":"https:\/\/casos-practics-identitat-digital.recursos.uoc.edu\/gestio-identitat-digital-centre-primaria\/es\/wp-json\/wp\/v2\/types\/page"}],"author":[{"embeddable":true,"href":"https:\/\/casos-practics-identitat-digital.recursos.uoc.edu\/gestio-identitat-digital-centre-primaria\/es\/wp-json\/wp\/v2\/users\/1"}],"replies":[{"embeddable":true,"href":"https:\/\/casos-practics-identitat-digital.recursos.uoc.edu\/gestio-identitat-digital-centre-primaria\/es\/wp-json\/wp\/v2\/comments?post=254"}],"version-history":[{"count":2,"href":"https:\/\/casos-practics-identitat-digital.recursos.uoc.edu\/gestio-identitat-digital-centre-primaria\/es\/wp-json\/wp\/v2\/pages\/254\/revisions"}],"predecessor-version":[{"id":257,"href":"https:\/\/casos-practics-identitat-digital.recursos.uoc.edu\/gestio-identitat-digital-centre-primaria\/es\/wp-json\/wp\/v2\/pages\/254\/revisions\/257"}],"wp:attachment":[{"href":"https:\/\/casos-practics-identitat-digital.recursos.uoc.edu\/gestio-identitat-digital-centre-primaria\/es\/wp-json\/wp\/v2\/media?parent=254"}],"curies":[{"name":"wp","href":"https:\/\/api.w.org\/{rel}","templated":true}]}}