{"id":259,"date":"2024-11-20T14:15:24","date_gmt":"2024-11-20T12:15:24","guid":{"rendered":"https:\/\/casos-practics-identitat-digital.recursos.uoc.edu\/gestio-identitat-digital-centre-primaria\/?page_id=259"},"modified":"2025-01-10T10:58:23","modified_gmt":"2025-01-10T08:58:23","slug":"3-5-soluciones","status":"publish","type":"page","link":"https:\/\/casos-practics-identitat-digital.recursos.uoc.edu\/gestio-identitat-digital-centre-primaria\/es\/3-5-soluciones\/","title":{"rendered":"3.5.\tSoluciones"},"content":{"rendered":"<p>El caso pr\u00e1ctico se abord\u00f3 desde el punto de vista de la educaci\u00f3n y la prevenci\u00f3n.<\/p>\n<ul>\n<li><strong>Formaci\u00f3n en identidad digital para el alumnado<\/strong>. La profesora de Jon hizo una serie de acciones tutoriales para formar a los alumnos en seguridad, identidad digital, protecci\u00f3n de datos y redes sociales. Adem\u00e1s, participaron los Mossos d\u2019Esquadra con unas charlas de concienciaci\u00f3n sobre la importancia de mantener la informaci\u00f3n personal segura y proteger los datos personales propios y los ajenos. Estas charlas, que se llevaron a cabo al alumnado de cuarto a sexto, fueron muy \u00fatiles para entender lo que hab\u00eda sucedido y para intentar que no volviera a pasar.<\/li>\n<li><strong>Talleres sobre identidad digital, controles parentales y protecci\u00f3n de datos para las familias<\/strong>. Se reforzaron los talleres que se organizaban para las familias con el objetivo de que participaran m\u00e1s familias y hubiera una concienciaci\u00f3n sobre:\n<ul>\n<li>Los peligros de compartir informaci\u00f3n personal y datos sensibles.<\/li>\n<li>La necesidad de utilizar herramientas y programas de seguridad y control parental para monitorizar la actividad en l\u00ednea de sus hijos.<\/li>\n<li>La importancia de reconocer enga\u00f1os y estafas y de identificar mensajes sospechosos, perfiles falsos y contrase\u00f1as no suficientemente seguras.<\/li>\n<\/ul>\n<\/li>\n<\/ul>\n","protected":false},"excerpt":{"rendered":"<p>El caso pr\u00e1ctico se abord\u00f3 desde el punto de vista de la educaci\u00f3n y la prevenci\u00f3n. Formaci\u00f3n en identidad digital para el alumnado. La profesora de Jon hizo una serie de acciones tutoriales para formar a los alumnos en seguridad, identidad digital, protecci\u00f3n de datos y redes sociales. Adem\u00e1s, participaron los Mossos d\u2019Esquadra con unas [&hellip;]<\/p>\n","protected":false},"author":1,"featured_media":0,"parent":0,"menu_order":0,"comment_status":"closed","ping_status":"closed","template":"","meta":{"_acf_changed":false,"footnotes":""},"class_list":["post-259","page","type-page","status-publish","hentry"],"acf":[],"_links":{"self":[{"href":"https:\/\/casos-practics-identitat-digital.recursos.uoc.edu\/gestio-identitat-digital-centre-primaria\/es\/wp-json\/wp\/v2\/pages\/259"}],"collection":[{"href":"https:\/\/casos-practics-identitat-digital.recursos.uoc.edu\/gestio-identitat-digital-centre-primaria\/es\/wp-json\/wp\/v2\/pages"}],"about":[{"href":"https:\/\/casos-practics-identitat-digital.recursos.uoc.edu\/gestio-identitat-digital-centre-primaria\/es\/wp-json\/wp\/v2\/types\/page"}],"author":[{"embeddable":true,"href":"https:\/\/casos-practics-identitat-digital.recursos.uoc.edu\/gestio-identitat-digital-centre-primaria\/es\/wp-json\/wp\/v2\/users\/1"}],"replies":[{"embeddable":true,"href":"https:\/\/casos-practics-identitat-digital.recursos.uoc.edu\/gestio-identitat-digital-centre-primaria\/es\/wp-json\/wp\/v2\/comments?post=259"}],"version-history":[{"count":2,"href":"https:\/\/casos-practics-identitat-digital.recursos.uoc.edu\/gestio-identitat-digital-centre-primaria\/es\/wp-json\/wp\/v2\/pages\/259\/revisions"}],"predecessor-version":[{"id":261,"href":"https:\/\/casos-practics-identitat-digital.recursos.uoc.edu\/gestio-identitat-digital-centre-primaria\/es\/wp-json\/wp\/v2\/pages\/259\/revisions\/261"}],"wp:attachment":[{"href":"https:\/\/casos-practics-identitat-digital.recursos.uoc.edu\/gestio-identitat-digital-centre-primaria\/es\/wp-json\/wp\/v2\/media?parent=259"}],"curies":[{"name":"wp","href":"https:\/\/api.w.org\/{rel}","templated":true}]}}