{"id":263,"date":"2024-11-20T14:19:36","date_gmt":"2024-11-20T12:19:36","guid":{"rendered":"https:\/\/casos-practics-identitat-digital.recursos.uoc.edu\/gestio-identitat-digital-centre-primaria\/?page_id=263"},"modified":"2025-01-10T11:00:15","modified_gmt":"2025-01-10T09:00:15","slug":"3-6-alternativas","status":"publish","type":"page","link":"https:\/\/casos-practics-identitat-digital.recursos.uoc.edu\/gestio-identitat-digital-centre-primaria\/es\/3-6-alternativas\/","title":{"rendered":"3.6.\tAlternativas"},"content":{"rendered":"<p>Para afrontar los retos de la seguridad digital en el centro educativo, se proponen varias alternativas:<\/p>\n<ul>\n<li><strong>Formaci\u00f3n continua<\/strong>. El claustro de profesores podr\u00eda recibir formaci\u00f3n continua sobre identidad digital y ciberseguridad para guiar adecuadamente a los alumnos y sus familias.<\/li>\n<li><strong>Programas educativos<\/strong>. Se podr\u00eda implementar un programa integral de educaci\u00f3n digital que incluya la creaci\u00f3n de identidades digitales seguras, la gesti\u00f3n de la privacidad y el reconocimiento de comportamientos sospechosos en l\u00ednea. Estos programas podr\u00edan hacerse, por ejemplo, desde \u00e1reas espec\u00edficas, con proyectos interdisciplinarios o con experiencias pr\u00e1cticas.<\/li>\n<li><strong>Pol\u00edticas de seguridad en los documentos de centro<\/strong>. Deber\u00eda establecerse claramente cu\u00e1les son las pol\u00edticas de uso de dispositivos y redes sociales en el centro educativo y en casa, y comunicarlas. Adaptar los documentos de centro (tanto las normas de organizaci\u00f3n y funcionamiento del centro como la carta de compromiso) dar\u00eda el espacio necesario para regular las actuaciones que el centro lleva a cabo en cuanto a seguridad digital.<\/li>\n<li><strong>Apoyo psicol\u00f3gico<\/strong>. Habr\u00eda que proveer de apoyo psicol\u00f3gico a los alumnos afectados por el incidente, con tutor\u00edas y orientadores de centro, para ayudarles a superar el trauma y restaurar su confianza en el uso de la tecnolog\u00eda de forma segura.<\/li>\n<\/ul>\n","protected":false},"excerpt":{"rendered":"<p>Para afrontar los retos de la seguridad digital en el centro educativo, se proponen varias alternativas: Formaci\u00f3n continua. El claustro de profesores podr\u00eda recibir formaci\u00f3n continua sobre identidad digital y ciberseguridad para guiar adecuadamente a los alumnos y sus familias. Programas educativos. Se podr\u00eda implementar un programa integral de educaci\u00f3n digital que incluya la creaci\u00f3n [&hellip;]<\/p>\n","protected":false},"author":1,"featured_media":0,"parent":0,"menu_order":0,"comment_status":"closed","ping_status":"closed","template":"","meta":{"_acf_changed":false,"footnotes":""},"class_list":["post-263","page","type-page","status-publish","hentry"],"acf":[],"_links":{"self":[{"href":"https:\/\/casos-practics-identitat-digital.recursos.uoc.edu\/gestio-identitat-digital-centre-primaria\/es\/wp-json\/wp\/v2\/pages\/263"}],"collection":[{"href":"https:\/\/casos-practics-identitat-digital.recursos.uoc.edu\/gestio-identitat-digital-centre-primaria\/es\/wp-json\/wp\/v2\/pages"}],"about":[{"href":"https:\/\/casos-practics-identitat-digital.recursos.uoc.edu\/gestio-identitat-digital-centre-primaria\/es\/wp-json\/wp\/v2\/types\/page"}],"author":[{"embeddable":true,"href":"https:\/\/casos-practics-identitat-digital.recursos.uoc.edu\/gestio-identitat-digital-centre-primaria\/es\/wp-json\/wp\/v2\/users\/1"}],"replies":[{"embeddable":true,"href":"https:\/\/casos-practics-identitat-digital.recursos.uoc.edu\/gestio-identitat-digital-centre-primaria\/es\/wp-json\/wp\/v2\/comments?post=263"}],"version-history":[{"count":1,"href":"https:\/\/casos-practics-identitat-digital.recursos.uoc.edu\/gestio-identitat-digital-centre-primaria\/es\/wp-json\/wp\/v2\/pages\/263\/revisions"}],"predecessor-version":[{"id":264,"href":"https:\/\/casos-practics-identitat-digital.recursos.uoc.edu\/gestio-identitat-digital-centre-primaria\/es\/wp-json\/wp\/v2\/pages\/263\/revisions\/264"}],"wp:attachment":[{"href":"https:\/\/casos-practics-identitat-digital.recursos.uoc.edu\/gestio-identitat-digital-centre-primaria\/es\/wp-json\/wp\/v2\/media?parent=263"}],"curies":[{"name":"wp","href":"https:\/\/api.w.org\/{rel}","templated":true}]}}