{"id":266,"date":"2024-11-20T14:22:00","date_gmt":"2024-11-20T12:22:00","guid":{"rendered":"https:\/\/casos-practics-identitat-digital.recursos.uoc.edu\/gestio-identitat-digital-centre-primaria\/?page_id=266"},"modified":"2025-01-17T12:57:06","modified_gmt":"2025-01-17T10:57:06","slug":"4-reflexiones","status":"publish","type":"page","link":"https:\/\/casos-practics-identitat-digital.recursos.uoc.edu\/gestio-identitat-digital-centre-primaria\/es\/4-reflexiones\/","title":{"rendered":"4. Reflexiones"},"content":{"rendered":"<div class='content-column four_fifth'>A continuaci\u00f3n, se plantea una serie de preguntas para ayudar a tomar conciencia de la importancia de una buena gesti\u00f3n de la identidad digital en los centros educativos.<\/div>\n<div class='content-column one_fifth last_column'><img loading=\"lazy\" decoding=\"async\" class=\"wp-image-182 alignright\" src=\"\/wp-content\/uploads\/sites\/5\/2024\/12\/interrogant.jpg\" alt=\"\" width=\"103\" height=\"100\" \/><\/div><div class='clear_column'><\/div>\n<p>La educaci\u00f3n digital es crucial para que los alumnos adquieran herramientas para gestionar su identidad en l\u00ednea de manera segura y responsable, para evitar riesgos como el ciberacoso y la suplantaci\u00f3n de identidad. Una buena gesti\u00f3n de esta identidad puede influir en sus futuras oportunidades acad\u00e9micas y profesionales, adem\u00e1s de fomentar un uso \u00e9tico y consciente de las tecnolog\u00edas. Reflexiona sobre las siguientes preguntas:<\/p>\n<ul>\n<li>\u00bfCu\u00e1les son los principales riesgos que menciona el caso pr\u00e1ctico y que est\u00e1n asociados a una mala gesti\u00f3n de la identidad digital?<\/li>\n<li>\u00bfC\u00f3mo puede afectar una identidad digital mal gestionada a las futuras oportunidades acad\u00e9micas y profesionales de los alumnos?<\/li>\n<li>\u00bfPor qu\u00e9 es importante ense\u00f1ar a los ni\u00f1os sobre la privacidad en l\u00ednea desde una edad temprana?<\/li>\n<li>\u00bfQu\u00e9 roles tienen los docentes y los padres en la supervisi\u00f3n y orientaci\u00f3n de los alumnos en el uso de las tecnolog\u00edas digitales?<\/li>\n<li>\u00bfC\u00f3mo puede la formaci\u00f3n en identidad digital ayudar a prevenir el ciberacoso entre los alumnos?<\/li>\n<li>\u00bfCu\u00e1les son las medidas de seguridad en l\u00ednea que pueden tomarse para proteger a los alumnos?<\/li>\n<li>\u00bfC\u00f3mo se puede integrar el concepto de identidad digital en el curr\u00edculo escolar de manera efectiva?<\/li>\n<li>\u00bfCu\u00e1les son los valores esenciales que los alumnos deben aprender para construir una identidad digital responsable?<\/li>\n<li>\u00bfC\u00f3mo puede la alfabetizaci\u00f3n digital mejorar los resultados acad\u00e9micos y las futuras oportunidades laborales de los alumnos?<\/li>\n<li>\u00bfCu\u00e1les son los impactos a largo plazo de las acciones y palabras que los alumnos publican en l\u00ednea?<\/li>\n<li>\u00bfC\u00f3mo puede la exposici\u00f3n en redes sociales afectar la reputaci\u00f3n en l\u00ednea de los alumnos?<\/li>\n<li>\u00bfQu\u00e9 es la sobreexposici\u00f3n de los hijos (<em>sharenting<\/em>) y qu\u00e9 riesgos conlleva para la identidad digital de los ni\u00f1os?<\/li>\n<li>\u00bfC\u00f3mo puede la educaci\u00f3n en identidad digital empoderar a los alumnos para tener conversaciones informadas con sus padres sobre su presencia en l\u00ednea?<\/li>\n<li>\u00bfCu\u00e1les son los comportamientos \u00e9ticos que los alumnos deben adoptar a la hora de construir su identidad digital?<\/li>\n<li>\u00bfC\u00f3mo se puede fomentar la colaboraci\u00f3n entre docentes, familias y comunidad para crear un entorno educativo consciente de la importancia de la identidad digital?<\/li>\n<li>\u00bfC\u00f3mo puede la formaci\u00f3n en identidad digital ayudar a desarrollar empat\u00eda y respeto entre los alumnos?<\/li>\n<li>\u00bfQu\u00e9 herramientas y estrategias se pueden proporcionar a los alumnos para gestionar situaciones de ciberacoso?<\/li>\n<li>\u00bfCu\u00e1les son las implicaciones a largo plazo de tener una huella digital positiva para los alumnos?<\/li>\n<\/ul>\n","protected":false},"excerpt":{"rendered":"<p>La educaci\u00f3n digital es crucial para que los alumnos adquieran herramientas para gestionar su identidad en l\u00ednea de manera segura y responsable, para evitar riesgos como el ciberacoso y la suplantaci\u00f3n de identidad. Una buena gesti\u00f3n de esta identidad puede influir en sus futuras oportunidades acad\u00e9micas y profesionales, adem\u00e1s de fomentar un uso \u00e9tico y [&hellip;]<\/p>\n","protected":false},"author":1,"featured_media":0,"parent":0,"menu_order":0,"comment_status":"closed","ping_status":"closed","template":"","meta":{"_acf_changed":false,"footnotes":""},"class_list":["post-266","page","type-page","status-publish","hentry"],"acf":[],"_links":{"self":[{"href":"https:\/\/casos-practics-identitat-digital.recursos.uoc.edu\/gestio-identitat-digital-centre-primaria\/es\/wp-json\/wp\/v2\/pages\/266"}],"collection":[{"href":"https:\/\/casos-practics-identitat-digital.recursos.uoc.edu\/gestio-identitat-digital-centre-primaria\/es\/wp-json\/wp\/v2\/pages"}],"about":[{"href":"https:\/\/casos-practics-identitat-digital.recursos.uoc.edu\/gestio-identitat-digital-centre-primaria\/es\/wp-json\/wp\/v2\/types\/page"}],"author":[{"embeddable":true,"href":"https:\/\/casos-practics-identitat-digital.recursos.uoc.edu\/gestio-identitat-digital-centre-primaria\/es\/wp-json\/wp\/v2\/users\/1"}],"replies":[{"embeddable":true,"href":"https:\/\/casos-practics-identitat-digital.recursos.uoc.edu\/gestio-identitat-digital-centre-primaria\/es\/wp-json\/wp\/v2\/comments?post=266"}],"version-history":[{"count":3,"href":"https:\/\/casos-practics-identitat-digital.recursos.uoc.edu\/gestio-identitat-digital-centre-primaria\/es\/wp-json\/wp\/v2\/pages\/266\/revisions"}],"predecessor-version":[{"id":283,"href":"https:\/\/casos-practics-identitat-digital.recursos.uoc.edu\/gestio-identitat-digital-centre-primaria\/es\/wp-json\/wp\/v2\/pages\/266\/revisions\/283"}],"wp:attachment":[{"href":"https:\/\/casos-practics-identitat-digital.recursos.uoc.edu\/gestio-identitat-digital-centre-primaria\/es\/wp-json\/wp\/v2\/media?parent=266"}],"curies":[{"name":"wp","href":"https:\/\/api.w.org\/{rel}","templated":true}]}}