{"id":109,"date":"2024-11-20T14:09:09","date_gmt":"2024-11-20T12:09:09","guid":{"rendered":"https:\/\/casos-practics-identitat-digital.recursos.uoc.edu\/gestio-identitat-digital-centre-primaria\/?page_id=109"},"modified":"2024-12-03T12:57:42","modified_gmt":"2024-12-03T10:57:42","slug":"3-3-consequencies","status":"publish","type":"page","link":"https:\/\/casos-practics-identitat-digital.recursos.uoc.edu\/gestio-identitat-digital-centre-primaria\/3-3-consequencies\/","title":{"rendered":"3.3. Conseq\u00fc\u00e8ncies"},"content":{"rendered":"<p>Aquestes interaccions entre el desconegut, d\u2019una banda, i en Jon i el seu entorn, de l\u2019altra, van tenir conseq\u00fc\u00e8ncies greus:<\/p>\n<h3><strong>Fam\u00edlia<\/strong><\/h3>\n<ul>\n<li><strong>Suplantaci\u00f3 d\u2019identitat (<em>phishing<\/em>)<\/strong>. Els pares d\u2019en Jon van rebre missatges fraudulents en qu\u00e8 se\u2019ls sol\u00b7licitava informaci\u00f3 personal i financera. La mare d\u2019en Jon va obrir un missatge de text del seu suposat banc i hi va introduir la contrasenya de la seva targeta banc\u00e0ria, tal com se li demanava. Tot i que el desconegut no va utilitzar les dades banc\u00e0ries, aquesta informaci\u00f3 es va exposar i la mare d\u2019en Jon va haver de bloquejar la seva targeta de cr\u00e8dit. Aquest incident va generar als pares d\u2019en Jon una gran preocupaci\u00f3 i ansietat, i ara estan m\u00e9s decidits a educar-se i protegir la seva fam\u00edlia contra els perills d\u2019internet.<\/li>\n<\/ul>\n<h3><strong>Companys <\/strong><\/h3>\n<ul>\n<li><strong>Ciberassetjament (<em>bullying<\/em>)<\/strong>. El desconegut va utilitzar les fotos i la informaci\u00f3 compartida per en Jon per crear perfils falsos d\u2019altres estudiants, la qual cosa va portar a casos de ciberassetjament entre companys de classe. Els perfils falsos que van ser creats eren de dos dels companys d\u2019en Jon:\n<ul>\n<li><strong>Mariona<\/strong>. La Mariona es va sentir molt exposada quan va descobrir que les seves fotos estaven a l\u2019Instagram d\u2019en Jon sense el seu perm\u00eds. Al principi va estar enfadada amb Jon, per\u00f2 despr\u00e9s va comprendre que ell tampoc no sabia les implicacions del que feia. Per una altra banda, amb intel\u00b7lig\u00e8ncia artificial, el desconegut va retocar imatges de companys i les va publicar en un perfil fals de la Mariona creat per l\u2019individu amb la intenci\u00f3 de fer-li mal. L\u2019incident va afectar profundament la Mariona perqu\u00e8 ara t\u00e9 molta por que torni a passar.<\/li>\n<li><strong>Muneeb<\/strong>. En Muneeb es va enfadar molt amb en Jon quan es va assabentar que el seu company havia publicat imatges seves en el seu perfil sense perm\u00eds i que, a partir d\u2019aix\u00f2, un individu tamb\u00e9 va crear un perfil fals d\u2019ell amb imatges humiliants. L\u2019incident el va deixar preocupat i una mica angoixat, ja que no li agrada sentir-se vulnerable o exposat. Despr\u00e9s de l\u2019incident, en Muneeb ha desenvolupat un inter\u00e8s per la seguretat en l\u00ednia i s\u2019ha comen\u00e7at a informar sobre com protegir-se a internet.<\/li>\n<\/ul>\n<\/li>\n<\/ul>\n<h3><strong>Jon<\/strong><\/h3>\n<ul>\n<li><strong>Impacte emocional<\/strong>. En Jon va patir una gran angoixa en adonar-se de l\u2019abast de la situaci\u00f3 i del seu paper involuntari en la creaci\u00f3 del problema. El seu rendiment acad\u00e8mic i la seva participaci\u00f3 a classe es van veure afectats negativament.<\/li>\n<li><strong>P\u00e8rdua de confian\u00e7a<\/strong>. En Jon es va sentir tra\u00eft i espantat. A m\u00e9s, les seves relacions amb els seus companys, especialment amb la Mariona i en Muneeb, i la seva confian\u00e7a en l\u2019\u00fas de la tecnologia es van veure afectats. Com no es va descobrir qui ho va fer, en Jon va arribar a pensar en algun moment que s\u00ed que van ser els seus companys.<\/li>\n<\/ul>\n","protected":false},"excerpt":{"rendered":"<p>Aquestes interaccions entre el desconegut, d\u2019una banda, i en Jon i el seu entorn, de l\u2019altra, van tenir conseq\u00fc\u00e8ncies greus: Fam\u00edlia Suplantaci\u00f3 d\u2019identitat (phishing). Els pares d\u2019en Jon van rebre missatges fraudulents en qu\u00e8 se\u2019ls sol\u00b7licitava informaci\u00f3 personal i financera. La mare d\u2019en Jon va obrir un missatge de text del seu suposat banc i [&hellip;]<\/p>\n","protected":false},"author":1,"featured_media":0,"parent":0,"menu_order":0,"comment_status":"closed","ping_status":"closed","template":"","meta":{"_acf_changed":false,"footnotes":""},"class_list":["post-109","page","type-page","status-publish","hentry"],"acf":[],"_links":{"self":[{"href":"https:\/\/casos-practics-identitat-digital.recursos.uoc.edu\/gestio-identitat-digital-centre-primaria\/wp-json\/wp\/v2\/pages\/109"}],"collection":[{"href":"https:\/\/casos-practics-identitat-digital.recursos.uoc.edu\/gestio-identitat-digital-centre-primaria\/wp-json\/wp\/v2\/pages"}],"about":[{"href":"https:\/\/casos-practics-identitat-digital.recursos.uoc.edu\/gestio-identitat-digital-centre-primaria\/wp-json\/wp\/v2\/types\/page"}],"author":[{"embeddable":true,"href":"https:\/\/casos-practics-identitat-digital.recursos.uoc.edu\/gestio-identitat-digital-centre-primaria\/wp-json\/wp\/v2\/users\/1"}],"replies":[{"embeddable":true,"href":"https:\/\/casos-practics-identitat-digital.recursos.uoc.edu\/gestio-identitat-digital-centre-primaria\/wp-json\/wp\/v2\/comments?post=109"}],"version-history":[{"count":8,"href":"https:\/\/casos-practics-identitat-digital.recursos.uoc.edu\/gestio-identitat-digital-centre-primaria\/wp-json\/wp\/v2\/pages\/109\/revisions"}],"predecessor-version":[{"id":177,"href":"https:\/\/casos-practics-identitat-digital.recursos.uoc.edu\/gestio-identitat-digital-centre-primaria\/wp-json\/wp\/v2\/pages\/109\/revisions\/177"}],"wp:attachment":[{"href":"https:\/\/casos-practics-identitat-digital.recursos.uoc.edu\/gestio-identitat-digital-centre-primaria\/wp-json\/wp\/v2\/media?parent=109"}],"curies":[{"name":"wp","href":"https:\/\/api.w.org\/{rel}","templated":true}]}}