{"id":114,"date":"2024-11-20T14:13:03","date_gmt":"2024-11-20T12:13:03","guid":{"rendered":"https:\/\/casos-practics-identitat-digital.recursos.uoc.edu\/gestio-identitat-digital-centre-primaria\/?page_id=114"},"modified":"2024-11-21T14:38:04","modified_gmt":"2024-11-21T12:38:04","slug":"3-4-analisi-del-cas","status":"publish","type":"page","link":"https:\/\/casos-practics-identitat-digital.recursos.uoc.edu\/gestio-identitat-digital-centre-primaria\/3-4-analisi-del-cas\/","title":{"rendered":"3.4. An\u00e0lisi del cas"},"content":{"rendered":"<p>Tenint en compte la successi\u00f3 de fets, podem determinar el seg\u00fcent:<\/p>\n<h3><strong>Gesti\u00f3 de la identitat digital<\/strong><\/h3>\n<ul>\n<li><strong>Coneixement insuficient<\/strong>. En Jon i la seva fam\u00edlia no estaven completament informats sobre els riscos de compartir informaci\u00f3 personal en l\u00ednia. Aquest cas destaca la necessitat d\u2019una educaci\u00f3 m\u00e9s efectiva sobre la identitat digital i les seves implicacions.<\/li>\n<li><strong>Mesures de seguretat<\/strong>. No es van implementar controls parentals ni es va educar en Jon sobre les pol\u00edtiques de privacitat i la import\u00e0ncia de mantenir la informaci\u00f3 personal segura.<\/li>\n<\/ul>\n<h3><strong>Ciberseguretat<\/strong><\/h3>\n<ul>\n<li><strong>Protecci\u00f3 de dades<\/strong>. La manca de coneixement sobre la import\u00e0ncia de protegir les dades personals va facilitar que el desconegut acced\u00eds a la informaci\u00f3 d\u2019en Jon i els seus pares i que la utilitz\u00e9s.<\/li>\n<li><strong>Conseq\u00fc\u00e8ncies legals<\/strong>. Tot i que en aquest cas no es van prendre accions legals perqu\u00e8 les dades banc\u00e0ries de la mare d\u2019en Jon no van ser utilitzades, la gravetat de l\u2019incident podria haver portat a den\u00fancies per ciberassetjament i suplantaci\u00f3 d\u2019identitat.<\/li>\n<\/ul>\n<h3><strong>Educaci\u00f3 i prevenci\u00f3<\/strong><\/h3>\n<ul>\n<li><strong>Rol del centre educatiu<\/strong>. L\u2019Escola l\u2019Albarzer ha de refor\u00e7ar els seus programes educatius sobre identitat digital, incloent-hi activitats pr\u00e0ctiques que ensenyin els alumnes a recon\u00e8ixer i evitar situacions perilloses en l\u00ednia.<\/li>\n<li><strong>Rol de la professora<\/strong>. Despr\u00e9s de l\u2019incident, ella es va sentir responsable i es va q\u00fcestionar si podria haver fet m\u00e9s per protegir els infants dels perills en l\u00ednia. A principi de curs va fer una sessi\u00f3 sobre les xarxes socials amb uns materials que va trobar a <a href=\"https:\/\/xtec.gencat.cat\/ca\/recursos\/tecinformacio\/internet_segura\/recursos\/\" target=\"_blank\" rel=\"noopener\">Internet Segura<\/a>, per\u00f2, despr\u00e9s de l\u2019incident, es va adonar que hi podria haver dedicat m\u00e9s temps. Ara est\u00e0 m\u00e9s decidida a educar els seus alumnes sobre la seguretat digital i la privacitat a internet.<\/li>\n<li><strong>Participaci\u00f3 de la fam\u00edlia<\/strong>. \u00c9s crucial que els pares siguin conscients dels riscos i les mesures de protecci\u00f3 necess\u00e0ries en l\u2019entorn digital i que hi estiguin involucrats. Seria necessari fomentar la participaci\u00f3 de les fam\u00edlies en els tallers que es fan a principi de curs per fomentar la digitalitzaci\u00f3 de les fam\u00edlies i la conscienciaci\u00f3 sobre la import\u00e0ncia de garantir una bona gesti\u00f3 de la identitat digital de la comunitat educativa.<\/li>\n<\/ul>\n","protected":false},"excerpt":{"rendered":"<p>Tenint en compte la successi\u00f3 de fets, podem determinar el seg\u00fcent: Gesti\u00f3 de la identitat digital Coneixement insuficient. En Jon i la seva fam\u00edlia no estaven completament informats sobre els riscos de compartir informaci\u00f3 personal en l\u00ednia. Aquest cas destaca la necessitat d\u2019una educaci\u00f3 m\u00e9s efectiva sobre la identitat digital i les seves implicacions. Mesures [&hellip;]<\/p>\n","protected":false},"author":1,"featured_media":0,"parent":0,"menu_order":0,"comment_status":"closed","ping_status":"closed","template":"","meta":{"_acf_changed":false,"footnotes":""},"class_list":["post-114","page","type-page","status-publish","hentry"],"acf":[],"_links":{"self":[{"href":"https:\/\/casos-practics-identitat-digital.recursos.uoc.edu\/gestio-identitat-digital-centre-primaria\/wp-json\/wp\/v2\/pages\/114"}],"collection":[{"href":"https:\/\/casos-practics-identitat-digital.recursos.uoc.edu\/gestio-identitat-digital-centre-primaria\/wp-json\/wp\/v2\/pages"}],"about":[{"href":"https:\/\/casos-practics-identitat-digital.recursos.uoc.edu\/gestio-identitat-digital-centre-primaria\/wp-json\/wp\/v2\/types\/page"}],"author":[{"embeddable":true,"href":"https:\/\/casos-practics-identitat-digital.recursos.uoc.edu\/gestio-identitat-digital-centre-primaria\/wp-json\/wp\/v2\/users\/1"}],"replies":[{"embeddable":true,"href":"https:\/\/casos-practics-identitat-digital.recursos.uoc.edu\/gestio-identitat-digital-centre-primaria\/wp-json\/wp\/v2\/comments?post=114"}],"version-history":[{"count":5,"href":"https:\/\/casos-practics-identitat-digital.recursos.uoc.edu\/gestio-identitat-digital-centre-primaria\/wp-json\/wp\/v2\/pages\/114\/revisions"}],"predecessor-version":[{"id":155,"href":"https:\/\/casos-practics-identitat-digital.recursos.uoc.edu\/gestio-identitat-digital-centre-primaria\/wp-json\/wp\/v2\/pages\/114\/revisions\/155"}],"wp:attachment":[{"href":"https:\/\/casos-practics-identitat-digital.recursos.uoc.edu\/gestio-identitat-digital-centre-primaria\/wp-json\/wp\/v2\/media?parent=114"}],"curies":[{"name":"wp","href":"https:\/\/api.w.org\/{rel}","templated":true}]}}