{"id":122,"date":"2024-11-20T14:19:36","date_gmt":"2024-11-20T12:19:36","guid":{"rendered":"https:\/\/casos-practics-identitat-digital.recursos.uoc.edu\/gestio-identitat-digital-centre-primaria\/?page_id=122"},"modified":"2024-12-03T13:01:08","modified_gmt":"2024-12-03T11:01:08","slug":"3-6-alternatives","status":"publish","type":"page","link":"https:\/\/casos-practics-identitat-digital.recursos.uoc.edu\/gestio-identitat-digital-centre-primaria\/3-6-alternatives\/","title":{"rendered":"3.6. Alternatives"},"content":{"rendered":"<p>Per afrontar els reptes de la seguretat digital al centre educatiu, es proposen diverses alternatives:<\/p>\n<ul>\n<li><strong>Formaci\u00f3 cont\u00ednua<\/strong>. El claustre de professors podria rebre formaci\u00f3 cont\u00ednua sobre identitat digital i ciberseguretat per poder guiar adequadament els alumnes i les seves fam\u00edlies.<\/li>\n<li><strong>Programes educatius<\/strong>. Es podria implementar un programa integral d\u2019educaci\u00f3 digital que inclogui la creaci\u00f3 d\u2019identitats digitals segures, la gesti\u00f3 de la privacitat i el reconeixement de comportaments sospitosos en l\u00ednia. Aquests programes es podrien fer, per exemple, des d\u2019\u00e0rees espec\u00edfiques, amb projectes interdisciplinaris o amb experi\u00e8ncies pr\u00e0ctiques.<\/li>\n<li><strong>Pol\u00edtiques de seguretat als documents de centre<\/strong>. S\u2019hauria d\u2019establir clarament quines s\u00f3n les pol\u00edtiques d\u2019\u00fas de dispositius i xarxes socials al centre educatiu i a casa, i comunicar-les. Adaptar els documents de centre (tant les normes d\u2019organitzaci\u00f3 i funcionament del centre com la carta de comprom\u00eds) donaria l\u2019espai necessari per regular les actuacions que el centre duu a terme pel que fa a seguretat digital.<\/li>\n<li><strong>Suport psicol\u00f2gic<\/strong>. Caldria proveir de suport psicol\u00f2gic els alumnes afectats per l\u2019incident, amb tutories i orientadors de centre, per ajudar-los a superar el trauma i restaurar la seva confian\u00e7a en l\u2019\u00fas de la tecnologia de manera segura.<\/li>\n<\/ul>\n","protected":false},"excerpt":{"rendered":"<p>Per afrontar els reptes de la seguretat digital al centre educatiu, es proposen diverses alternatives: Formaci\u00f3 cont\u00ednua. El claustre de professors podria rebre formaci\u00f3 cont\u00ednua sobre identitat digital i ciberseguretat per poder guiar adequadament els alumnes i les seves fam\u00edlies. Programes educatius. Es podria implementar un programa integral d\u2019educaci\u00f3 digital que inclogui la creaci\u00f3 d\u2019identitats [&hellip;]<\/p>\n","protected":false},"author":1,"featured_media":0,"parent":0,"menu_order":0,"comment_status":"closed","ping_status":"closed","template":"","meta":{"_acf_changed":false,"footnotes":""},"class_list":["post-122","page","type-page","status-publish","hentry"],"acf":[],"_links":{"self":[{"href":"https:\/\/casos-practics-identitat-digital.recursos.uoc.edu\/gestio-identitat-digital-centre-primaria\/wp-json\/wp\/v2\/pages\/122"}],"collection":[{"href":"https:\/\/casos-practics-identitat-digital.recursos.uoc.edu\/gestio-identitat-digital-centre-primaria\/wp-json\/wp\/v2\/pages"}],"about":[{"href":"https:\/\/casos-practics-identitat-digital.recursos.uoc.edu\/gestio-identitat-digital-centre-primaria\/wp-json\/wp\/v2\/types\/page"}],"author":[{"embeddable":true,"href":"https:\/\/casos-practics-identitat-digital.recursos.uoc.edu\/gestio-identitat-digital-centre-primaria\/wp-json\/wp\/v2\/users\/1"}],"replies":[{"embeddable":true,"href":"https:\/\/casos-practics-identitat-digital.recursos.uoc.edu\/gestio-identitat-digital-centre-primaria\/wp-json\/wp\/v2\/comments?post=122"}],"version-history":[{"count":3,"href":"https:\/\/casos-practics-identitat-digital.recursos.uoc.edu\/gestio-identitat-digital-centre-primaria\/wp-json\/wp\/v2\/pages\/122\/revisions"}],"predecessor-version":[{"id":180,"href":"https:\/\/casos-practics-identitat-digital.recursos.uoc.edu\/gestio-identitat-digital-centre-primaria\/wp-json\/wp\/v2\/pages\/122\/revisions\/180"}],"wp:attachment":[{"href":"https:\/\/casos-practics-identitat-digital.recursos.uoc.edu\/gestio-identitat-digital-centre-primaria\/wp-json\/wp\/v2\/media?parent=122"}],"curies":[{"name":"wp","href":"https:\/\/api.w.org\/{rel}","templated":true}]}}