{"id":127,"date":"2024-11-20T14:22:00","date_gmt":"2024-11-20T12:22:00","guid":{"rendered":"https:\/\/casos-practics-identitat-digital.recursos.uoc.edu\/gestio-identitat-digital-centre-primaria\/?page_id=127"},"modified":"2025-01-02T14:14:53","modified_gmt":"2025-01-02T12:14:53","slug":"4-reflexions","status":"publish","type":"page","link":"https:\/\/casos-practics-identitat-digital.recursos.uoc.edu\/gestio-identitat-digital-centre-primaria\/4-reflexions\/","title":{"rendered":"4. Reflexions"},"content":{"rendered":"<div class='content-column four_fifth'>A continuaci\u00f3, es plantegen una s\u00e8rie de preguntes per ajudar a prendre consci\u00e8ncia de la import\u00e0ncia d\u2019una bona gesti\u00f3 de la identitat digital en els centres educatius.<\/div>\n<div class='content-column one_fifth last_column'><img loading=\"lazy\" decoding=\"async\" class=\"wp-image-182 alignright\" src=\"\/wp-content\/uploads\/sites\/5\/2024\/12\/interrogant.jpg\" alt=\"\" width=\"103\" height=\"100\" \/><\/div><div class='clear_column'><\/div>\n<p>L\u2019educaci\u00f3 digital \u00e9s crucial perqu\u00e8 els alumnes adquireixin eines per gestionar la seva identitat en l\u00ednia de manera segura i responsable, per evitar riscos com el ciberassetjament i la suplantaci\u00f3 d\u2019identitat. Una bona gesti\u00f3 d\u2019aquesta identitat pot influir en les seves oportunitats futures acad\u00e8miques i professionals, a m\u00e9s de fomentar un \u00fas \u00e8tic i conscient de les tecnologies. Reflexiona sobre les preguntes seg\u00fcents:<\/p>\n<ul>\n<li>Quins s\u00f3n els riscos principals que esmenta el cas pr\u00e0ctic i que estan associats a una mala gesti\u00f3 de la identitat digital?<\/li>\n<li>Com pot afectar una identitat digital mal gestionada a les oportunitats acad\u00e8miques i professionals futures dels alumnes?<\/li>\n<li>Per qu\u00e8 \u00e9s important ensenyar als nens sobre la privacitat en l\u00ednia des d\u2019una edat primerenca?<\/li>\n<li>Quins rols tenen els docents i els pares en la supervisi\u00f3 i orientaci\u00f3 dels alumnes en l\u2019\u00fas de les tecnologies digitals?<\/li>\n<li>Com pot la formaci\u00f3 en identitat digital ajudar a prevenir el ciberassetjament entre els alumnes?<\/li>\n<li>Quines s\u00f3n les mesures de seguretat en l\u00ednia que es poden prendre per protegir els alumnes?<\/li>\n<li>Com es pot integrar el concepte d\u2019identitat digital en el curr\u00edculum escolar de manera efectiva?<\/li>\n<li>Quins s\u00f3n els valors essencials que els alumnes han d\u2019aprendre per construir una identitat digital responsable?<\/li>\n<li>Com pot l\u2019alfabetitzaci\u00f3 digital millorar els resultats acad\u00e8mics i les oportunitats laborals futures dels alumnes?<\/li>\n<li>Quins s\u00f3n els impactes a llarg termini de les accions i paraules que els alumnes publiquen en l\u00ednia?<\/li>\n<li>Com pot l\u2019exposici\u00f3 a xarxes socials afectar la reputaci\u00f3 en l\u00ednia dels alumnes?<\/li>\n<li>Qu\u00e8 \u00e9s la crian\u00e7a compartida (<em>sharenting<\/em>) i quins riscos comporta per a la identitat digital dels nens?<\/li>\n<li>Com pot l\u2019educaci\u00f3 en identitat digital empoderar els alumnes per tenir converses informades amb els seus pares sobre la seva pres\u00e8ncia en l\u00ednia?<\/li>\n<li>Quins s\u00f3n els comportaments \u00e8tics que els alumnes han d\u2019adoptar a l\u2019hora de construir la seva identitat digital?<\/li>\n<li>Com es pot fomentar la col\u00b7laboraci\u00f3 entre docents, fam\u00edlies i comunitat per crear un entorn educatiu conscient de la import\u00e0ncia de la identitat digital?<\/li>\n<li>Com pot la formaci\u00f3 en identitat digital ajudar a desenvolupar empatia i respecte entre els alumnes?<\/li>\n<li>Quines eines i estrat\u00e8gies es poden proporcionar als alumnes per gestionar situacions de ciberassetjament?<\/li>\n<li>Quines s\u00f3n les implicacions a llarg termini de tenir una empremta digital positiva per als alumnes?<\/li>\n<\/ul>\n","protected":false},"excerpt":{"rendered":"<p>L\u2019educaci\u00f3 digital \u00e9s crucial perqu\u00e8 els alumnes adquireixin eines per gestionar la seva identitat en l\u00ednia de manera segura i responsable, per evitar riscos com el ciberassetjament i la suplantaci\u00f3 d\u2019identitat. Una bona gesti\u00f3 d\u2019aquesta identitat pot influir en les seves oportunitats futures acad\u00e8miques i professionals, a m\u00e9s de fomentar un \u00fas \u00e8tic i conscient [&hellip;]<\/p>\n","protected":false},"author":1,"featured_media":0,"parent":0,"menu_order":0,"comment_status":"closed","ping_status":"closed","template":"","meta":{"_acf_changed":false,"footnotes":""},"class_list":["post-127","page","type-page","status-publish","hentry"],"acf":[],"_links":{"self":[{"href":"https:\/\/casos-practics-identitat-digital.recursos.uoc.edu\/gestio-identitat-digital-centre-primaria\/wp-json\/wp\/v2\/pages\/127"}],"collection":[{"href":"https:\/\/casos-practics-identitat-digital.recursos.uoc.edu\/gestio-identitat-digital-centre-primaria\/wp-json\/wp\/v2\/pages"}],"about":[{"href":"https:\/\/casos-practics-identitat-digital.recursos.uoc.edu\/gestio-identitat-digital-centre-primaria\/wp-json\/wp\/v2\/types\/page"}],"author":[{"embeddable":true,"href":"https:\/\/casos-practics-identitat-digital.recursos.uoc.edu\/gestio-identitat-digital-centre-primaria\/wp-json\/wp\/v2\/users\/1"}],"replies":[{"embeddable":true,"href":"https:\/\/casos-practics-identitat-digital.recursos.uoc.edu\/gestio-identitat-digital-centre-primaria\/wp-json\/wp\/v2\/comments?post=127"}],"version-history":[{"count":8,"href":"https:\/\/casos-practics-identitat-digital.recursos.uoc.edu\/gestio-identitat-digital-centre-primaria\/wp-json\/wp\/v2\/pages\/127\/revisions"}],"predecessor-version":[{"id":192,"href":"https:\/\/casos-practics-identitat-digital.recursos.uoc.edu\/gestio-identitat-digital-centre-primaria\/wp-json\/wp\/v2\/pages\/127\/revisions\/192"}],"wp:attachment":[{"href":"https:\/\/casos-practics-identitat-digital.recursos.uoc.edu\/gestio-identitat-digital-centre-primaria\/wp-json\/wp\/v2\/media?parent=127"}],"curies":[{"name":"wp","href":"https:\/\/api.w.org\/{rel}","templated":true}]}}