{"id":137,"date":"2024-11-20T14:26:09","date_gmt":"2024-11-20T12:26:09","guid":{"rendered":"https:\/\/casos-practics-identitat-digital.recursos.uoc.edu\/gestio-identitat-digital-centre-primaria\/?page_id=137"},"modified":"2025-01-27T14:39:19","modified_gmt":"2025-01-27T12:39:19","slug":"bibliografia","status":"publish","type":"page","link":"https:\/\/casos-practics-identitat-digital.recursos.uoc.edu\/gestio-identitat-digital-centre-primaria\/bibliografia\/","title":{"rendered":"Bibliografia"},"content":{"rendered":"<p>CareerBuilder. (2018). <em>More than half of employers have found content on social media that caused them NOT to hire a candidate, according to recent CareerBuilder survey<\/em>. CareerBuilder. <a href=\"https:\/\/press.careerbuilder.com\/2018-08-09-More-Than-Half-of-Employers-Have-Found-Content-on-Social-Media-That-Caused-Them-NOT-to-Hire-a-Candidate-According-to-Recent-CareerBuilder-Survey\" target=\"_blank\" rel=\"noopener\">https:\/\/press.careerbuilder.com\/2018-08-09-More-Than-Half-of-Employers-Have-Found-Content-on-Social-Media-That-Caused-Them-NOT-to-Hire-a-Candidate-According-to-Recent-CareerBuilder-Survey<\/a><\/p>\n<p>Eurostat. (2022). <em>Internet use by individuals.<\/em> Eurostat. <a href=\"https:\/\/ec.europa.eu\/eurostat\/statistics-explained\/index.php?title=Internet_use_by_individuals\" target=\"_blank\" rel=\"noopener\">https:\/\/ec.europa.eu\/eurostat\/statistics-explained\/index.php?title=Internet_use_by_individuals<\/a><\/p>\n<p>Ferrari, A. (2013). <em>DIGCOMP: <\/em><em>A framework for developing and understanding digital competence in Europe<\/em>. Publications Office of the European Union.<\/p>\n<p>Hasebrink, U., \u00d3lafsson, K., Van Deursen, A., Vandoninck, S. i Kirwil, L. (2020). <em>EU Kids Online 2020: Survey results from 19 countries<\/em>. EU Kids Online. <a href=\"https:\/\/www.lse.ac.uk\/media-and-communications\/research\/research-projects\/eu-kids-online\/eu-kids-online-2020%20\" target=\"_blank\" rel=\"noopener\">https:\/\/www.lse.ac.uk\/media-and-communications\/research\/research-projects\/eu-kids-online\/eu-kids-online-2020<\/a><\/p>\n<p>Jones, L. M. i Mitchell, K. J. (2016). Defining and measuring youth digital citizenship. <em>New Media &amp; Society,<\/em><em> 18<\/em>(9), 2067-2079. <a href=\"https:\/\/doi.org\/10.1177\/1461444815577797\" target=\"_blank\" rel=\"noopener\">https:\/\/doi.org\/10.1177\/1461444815577797<\/a><\/p>\n<p>Livingstone, S., Haddon, L., G\u00f6rzig, A. i \u00d3lafsson, K. (2012). <em>Risks and safety on the Internet: The perspective of European children: Full findings and policy implications from the EU Kids Online survey of 9-16 year olds and their parents in 25 countries<\/em>. EU Kids Online. <a href=\"https:\/\/eprints.lse.ac.uk\/33731\/1\/Risks%20and%20safety%20on%20the%20internet%28lsero%29.pdf\" target=\"_blank\" rel=\"noopener\">https:\/\/eprints.lse.ac.uk\/33731\/1\/Risks%20and%20safety%20on%20the%20internet%28lsero%29.pdf<\/a><\/p>\n<p>Livingstone, S., Mascheroni, G. i Staksrud, E. (2017). European research on children\u2019s Internet use: Assessing the past and anticipating the future. <em>New Media &amp; Society<\/em><em>, 20<\/em>(3), 1103-1122. <a href=\"https:\/\/doi.org\/10.1177\/1461444816685930\" target=\"_blank\" rel=\"noopener\">https:\/\/doi.org\/10.1177\/1461444816685930<\/a><\/p>\n<p>Organitzaci\u00f3 de Cooperaci\u00f3 i Desenvolupament Econ\u00f2mic (OCDE). (2023). <em>From transition to transformation: Insights from the 2023 Digital Education Outlook<\/em>. OCDE. Education and Skills Today. <a href=\"https:\/\/oecdedutoday.com\/from-transition-to-transformation-insights-from-the-2023-digital-education-outlook\/\" target=\"_blank\" rel=\"noopener\">https:\/\/oecdedutoday.com\/from-transition-to-transformation-insights-from-the-2023-digital-education-outlook\/<\/a><\/p>\n<p>Organitzaci\u00f3 Mundial de la Salut (OMS). (2024). <em>One in six school-aged children experiences cyberbullying, finds new WHO\/Europe study<\/em>. OMS. <a href=\"https:\/\/www.who.int\/azerbaijan\/news\/item\/27-03-2024-one-in-six-school-aged-children-experiences-cyberbullying--finds-new-who-europe-study\" target=\"_blank\" rel=\"noopener\">https:\/\/www.who.int\/azerbaijan\/news\/item\/27-03-2024-one-in-six-school-aged-children-experiences-cyberbullying&#8211;finds-new-who-europe-study<\/a><\/p>\n<p>Ribble, M. (2015). <em>Digital citizenship in schools: Nine elements all students should know<\/em>. International Society for Technology in Education.<\/p>\n","protected":false},"excerpt":{"rendered":"<p>CareerBuilder. (2018). More than half of employers have found content on social media that caused them NOT to hire a candidate, according to recent CareerBuilder survey. CareerBuilder. https:\/\/press.careerbuilder.com\/2018-08-09-More-Than-Half-of-Employers-Have-Found-Content-on-Social-Media-That-Caused-Them-NOT-to-Hire-a-Candidate-According-to-Recent-CareerBuilder-Survey Eurostat. (2022). Internet use by individuals. Eurostat. https:\/\/ec.europa.eu\/eurostat\/statistics-explained\/index.php?title=Internet_use_by_individuals Ferrari, A. (2013). DIGCOMP: A framework for developing and understanding digital competence in Europe. Publications Office of the European [&hellip;]<\/p>\n","protected":false},"author":1,"featured_media":0,"parent":0,"menu_order":0,"comment_status":"closed","ping_status":"closed","template":"","meta":{"_acf_changed":false,"footnotes":""},"class_list":["post-137","page","type-page","status-publish","hentry"],"acf":[],"_links":{"self":[{"href":"https:\/\/casos-practics-identitat-digital.recursos.uoc.edu\/gestio-identitat-digital-centre-primaria\/wp-json\/wp\/v2\/pages\/137"}],"collection":[{"href":"https:\/\/casos-practics-identitat-digital.recursos.uoc.edu\/gestio-identitat-digital-centre-primaria\/wp-json\/wp\/v2\/pages"}],"about":[{"href":"https:\/\/casos-practics-identitat-digital.recursos.uoc.edu\/gestio-identitat-digital-centre-primaria\/wp-json\/wp\/v2\/types\/page"}],"author":[{"embeddable":true,"href":"https:\/\/casos-practics-identitat-digital.recursos.uoc.edu\/gestio-identitat-digital-centre-primaria\/wp-json\/wp\/v2\/users\/1"}],"replies":[{"embeddable":true,"href":"https:\/\/casos-practics-identitat-digital.recursos.uoc.edu\/gestio-identitat-digital-centre-primaria\/wp-json\/wp\/v2\/comments?post=137"}],"version-history":[{"count":3,"href":"https:\/\/casos-practics-identitat-digital.recursos.uoc.edu\/gestio-identitat-digital-centre-primaria\/wp-json\/wp\/v2\/pages\/137\/revisions"}],"predecessor-version":[{"id":285,"href":"https:\/\/casos-practics-identitat-digital.recursos.uoc.edu\/gestio-identitat-digital-centre-primaria\/wp-json\/wp\/v2\/pages\/137\/revisions\/285"}],"wp:attachment":[{"href":"https:\/\/casos-practics-identitat-digital.recursos.uoc.edu\/gestio-identitat-digital-centre-primaria\/wp-json\/wp\/v2\/media?parent=137"}],"curies":[{"name":"wp","href":"https:\/\/api.w.org\/{rel}","templated":true}]}}