{"id":33,"date":"2024-11-20T12:54:28","date_gmt":"2024-11-20T10:54:28","guid":{"rendered":"https:\/\/casos-practics-identitat-digital.recursos.uoc.edu\/gestio-identitat-digital-centre-primaria\/?page_id=33"},"modified":"2024-12-03T12:32:29","modified_gmt":"2024-12-03T10:32:29","slug":"1-1-introduccio","status":"publish","type":"page","link":"https:\/\/casos-practics-identitat-digital.recursos.uoc.edu\/gestio-identitat-digital-centre-primaria\/1-1-introduccio\/","title":{"rendered":"1.1. Introducci\u00f3"},"content":{"rendered":"<p>En un m\u00f3n cada vegada m\u00e9s interconnectat, la comprensi\u00f3 i la gesti\u00f3 de la nostra identitat digital no nom\u00e9s s\u00f3n crucials per al nostre desenvolupament personal, sin\u00f3 tamb\u00e9 per a l\u2019educaci\u00f3 i el benestar dels nostres futurs alumnes. La identitat digital \u00e9s el conjunt d\u2019informacions que una persona comparteix en l\u00ednia, sigui conscientment o inconscientment. Aquesta identitat inclou els nostres perfils a les xarxes socials, els correus electr\u00f2nics, els blogs, les fotos, els comentaris i qualsevol altra informaci\u00f3 publicada a internet. Es tracta d\u2019una extensi\u00f3 de la nostra identitat f\u00edsica, per\u00f2 amb la peculiaritat que pot ser accessible a un p\u00fablic molt ampli i, sovint, permanent.<\/p>\n<p>Per entendre els motius pels quals la identitat digital ha de ser un tema essencial en la formaci\u00f3 dels infants, a continuaci\u00f3 s\u2019exposaran les principals raons per les quals aquest concepte hauria d\u2019estar present en el curr\u00edculum de l\u2019educaci\u00f3 prim\u00e0ria.<\/p>\n","protected":false},"excerpt":{"rendered":"<p>En un m\u00f3n cada vegada m\u00e9s interconnectat, la comprensi\u00f3 i la gesti\u00f3 de la nostra identitat digital no nom\u00e9s s\u00f3n crucials per al nostre desenvolupament personal, sin\u00f3 tamb\u00e9 per a l\u2019educaci\u00f3 i el benestar dels nostres futurs alumnes. La identitat digital \u00e9s el conjunt d\u2019informacions que una persona comparteix en l\u00ednia, sigui conscientment o inconscientment. [&hellip;]<\/p>\n","protected":false},"author":1,"featured_media":0,"parent":0,"menu_order":0,"comment_status":"closed","ping_status":"closed","template":"","meta":{"_acf_changed":false,"footnotes":""},"class_list":["post-33","page","type-page","status-publish","hentry"],"acf":[],"_links":{"self":[{"href":"https:\/\/casos-practics-identitat-digital.recursos.uoc.edu\/gestio-identitat-digital-centre-primaria\/wp-json\/wp\/v2\/pages\/33"}],"collection":[{"href":"https:\/\/casos-practics-identitat-digital.recursos.uoc.edu\/gestio-identitat-digital-centre-primaria\/wp-json\/wp\/v2\/pages"}],"about":[{"href":"https:\/\/casos-practics-identitat-digital.recursos.uoc.edu\/gestio-identitat-digital-centre-primaria\/wp-json\/wp\/v2\/types\/page"}],"author":[{"embeddable":true,"href":"https:\/\/casos-practics-identitat-digital.recursos.uoc.edu\/gestio-identitat-digital-centre-primaria\/wp-json\/wp\/v2\/users\/1"}],"replies":[{"embeddable":true,"href":"https:\/\/casos-practics-identitat-digital.recursos.uoc.edu\/gestio-identitat-digital-centre-primaria\/wp-json\/wp\/v2\/comments?post=33"}],"version-history":[{"count":2,"href":"https:\/\/casos-practics-identitat-digital.recursos.uoc.edu\/gestio-identitat-digital-centre-primaria\/wp-json\/wp\/v2\/pages\/33\/revisions"}],"predecessor-version":[{"id":162,"href":"https:\/\/casos-practics-identitat-digital.recursos.uoc.edu\/gestio-identitat-digital-centre-primaria\/wp-json\/wp\/v2\/pages\/33\/revisions\/162"}],"wp:attachment":[{"href":"https:\/\/casos-practics-identitat-digital.recursos.uoc.edu\/gestio-identitat-digital-centre-primaria\/wp-json\/wp\/v2\/media?parent=33"}],"curies":[{"name":"wp","href":"https:\/\/api.w.org\/{rel}","templated":true}]}}