{"id":49,"date":"2024-11-20T13:04:16","date_gmt":"2024-11-20T11:04:16","guid":{"rendered":"https:\/\/casos-practics-identitat-digital.recursos.uoc.edu\/gestio-identitat-digital-centre-primaria\/?page_id=49"},"modified":"2024-12-03T12:35:36","modified_gmt":"2024-12-03T10:35:36","slug":"1-4-el-ciberassetjament","status":"publish","type":"page","link":"https:\/\/casos-practics-identitat-digital.recursos.uoc.edu\/gestio-identitat-digital-centre-primaria\/1-4-el-ciberassetjament\/","title":{"rendered":"1.4. El ciberassetjament"},"content":{"rendered":"<p>El ciberassetjament \u00e9s un problema creixent que afecta un gran nombre d\u2019estudiants. Segons dades de l\u2019Organitzaci\u00f3 Mundial de la Salut (OMS, 2024), l\u2019Organitzaci\u00f3 de Cooperaci\u00f3 i Desenvolupament Econ\u00f2mic (OCDE, 2023) i l\u2019ONG Bullying Sin Fronteras, s\u2019han detectat m\u00e9s de 9.524.000 casos anuals de ciberassetjament entre els anys 2023 i 2024 a infants d\u2019Am\u00e8rica, Europa, \u00c0frica, Oceania i \u00c0sia. El 70 % de les v\u00edctimes s\u00f3n nenes. Ensenyar els infants com protegir-se en l\u00ednia i fomentar un comportament respectu\u00f3s a la xarxa pot reduir significativament aquest problema.<\/p>\n<div class=\"featured featured-blue\"><p>La formaci\u00f3 en identitat digital pot reduir significativament l\u2019impacte del ciberassetjament entre els infants de prim\u00e0ria, ensenyant-los els efectes de les seves accions en l\u00ednia, promovent comportaments responsables i \u00e8tics, i millorant les seves habilitats de seguretat digital. Aquesta formaci\u00f3 tamb\u00e9 els empodera per recon\u00e8ixer i denunciar el ciberassetjament, de manera que es fomenta una cultura escolar de suport i intervenci\u00f3 r\u00e0pida. A m\u00e9s, promoure una ciutadania digital responsable contribueix a crear una comunitat escolar m\u00e9s respectuosa i solid\u00e0ria. Prepara millor l&#8217;estudiantat per navegar per l\u2019entorn digital de manera segura i respectuosa.<\/p>\n<\/div>\n<p>A continuaci\u00f3, es detallen les quatre raons principals per les quals la formaci\u00f3 en identitat digital pot ajudar a reduir les dades presentades:<\/p>\n<ul>\n<li><strong>Conscienciaci\u00f3 i prevenci\u00f3<\/strong>. Una formaci\u00f3 adequada en identitat digital pot ajudar els nens a ser m\u00e9s conscients dels riscos i conseq\u00fc\u00e8ncies del ciberassetjament. En comprendre qu\u00e8 \u00e9s el ciberassetjament i com es manifesta, els alumnes poden identificar comportaments inapropiats tant en ells mateixos com en els altres i prendre mesures per evitar-los. Aquesta conscienciaci\u00f3 \u00e9s el primer pas per prevenir situacions d\u2019assetjament en l\u00ednia.<\/li>\n<li><strong>Desenvolupament d\u2019empatia i respecte<\/strong>. L\u2019educaci\u00f3 en identitat digital pot incloure activitats que fomentin l\u2019empatia i el respecte cap als altres. Quan els infants comprenen l\u2019impacte emocional que el ciberassetjament pot tenir en les v\u00edctimes, \u00e9s menys probable que participin en aquests comportaments. Aprendre a respectar la privacitat i els sentiments dels altres en l\u00ednia \u00e9s essencial per crear un entorn digital m\u00e9s segur i respectu\u00f3s.<\/li>\n<li><strong>Eines i estrat\u00e8gies per fer front al ciberassetjament<\/strong>. Proporcionar als alumnes eines i estrat\u00e8gies per gestionar situacions de ciberassetjament \u00e9s fonamental. Aix\u00f2 inclou ensenyar-los a utilitzar les configuracions de privacitat, denunciar continguts inapropiats i bloquejar assetjadors. A m\u00e9s, con\u00e8ixer com buscar suport, sigui de pares, mestres o altres figures d\u2019autoritat, pot empoderar els infants per afrontar i superar situacions d\u2019assetjament.<\/li>\n<li><strong>Promoci\u00f3 d\u2019una empremta digital positiva<\/strong>. La formaci\u00f3 en identitat digital tamb\u00e9 inclou ensenyar els infants a construir i mantenir una empremta digital positiva. Aix\u00f2 implica ser conscient del que publiquen en l\u00ednia i com pot afectar la seva reputaci\u00f3. En comprendre la import\u00e0ncia d\u2019actuar de manera responsable en l\u00ednia, l\u2019alumnat pot evitar comportaments que podrien derivar en ciberassetjament i, aix\u00ed, contribuir a una comunitat digital m\u00e9s segura i positiva.<\/li>\n<\/ul>\n","protected":false},"excerpt":{"rendered":"<p>El ciberassetjament \u00e9s un problema creixent que afecta un gran nombre d\u2019estudiants. Segons dades de l\u2019Organitzaci\u00f3 Mundial de la Salut (OMS, 2024), l\u2019Organitzaci\u00f3 de Cooperaci\u00f3 i Desenvolupament Econ\u00f2mic (OCDE, 2023) i l\u2019ONG Bullying Sin Fronteras, s\u2019han detectat m\u00e9s de 9.524.000 casos anuals de ciberassetjament entre els anys 2023 i 2024 a infants d\u2019Am\u00e8rica, Europa, \u00c0frica, [&hellip;]<\/p>\n","protected":false},"author":1,"featured_media":0,"parent":0,"menu_order":0,"comment_status":"closed","ping_status":"closed","template":"","meta":{"_acf_changed":false,"footnotes":""},"class_list":["post-49","page","type-page","status-publish","hentry"],"acf":[],"_links":{"self":[{"href":"https:\/\/casos-practics-identitat-digital.recursos.uoc.edu\/gestio-identitat-digital-centre-primaria\/wp-json\/wp\/v2\/pages\/49"}],"collection":[{"href":"https:\/\/casos-practics-identitat-digital.recursos.uoc.edu\/gestio-identitat-digital-centre-primaria\/wp-json\/wp\/v2\/pages"}],"about":[{"href":"https:\/\/casos-practics-identitat-digital.recursos.uoc.edu\/gestio-identitat-digital-centre-primaria\/wp-json\/wp\/v2\/types\/page"}],"author":[{"embeddable":true,"href":"https:\/\/casos-practics-identitat-digital.recursos.uoc.edu\/gestio-identitat-digital-centre-primaria\/wp-json\/wp\/v2\/users\/1"}],"replies":[{"embeddable":true,"href":"https:\/\/casos-practics-identitat-digital.recursos.uoc.edu\/gestio-identitat-digital-centre-primaria\/wp-json\/wp\/v2\/comments?post=49"}],"version-history":[{"count":4,"href":"https:\/\/casos-practics-identitat-digital.recursos.uoc.edu\/gestio-identitat-digital-centre-primaria\/wp-json\/wp\/v2\/pages\/49\/revisions"}],"predecessor-version":[{"id":166,"href":"https:\/\/casos-practics-identitat-digital.recursos.uoc.edu\/gestio-identitat-digital-centre-primaria\/wp-json\/wp\/v2\/pages\/49\/revisions\/166"}],"wp:attachment":[{"href":"https:\/\/casos-practics-identitat-digital.recursos.uoc.edu\/gestio-identitat-digital-centre-primaria\/wp-json\/wp\/v2\/media?parent=49"}],"curies":[{"name":"wp","href":"https:\/\/api.w.org\/{rel}","templated":true}]}}