{"id":54,"date":"2024-11-20T13:07:22","date_gmt":"2024-11-20T11:07:22","guid":{"rendered":"https:\/\/casos-practics-identitat-digital.recursos.uoc.edu\/gestio-identitat-digital-centre-primaria\/?page_id=54"},"modified":"2024-11-20T13:07:22","modified_gmt":"2024-11-20T11:07:22","slug":"1-5-la-importancia-de-la-reputacio-digital","status":"publish","type":"page","link":"https:\/\/casos-practics-identitat-digital.recursos.uoc.edu\/gestio-identitat-digital-centre-primaria\/1-5-la-importancia-de-la-reputacio-digital\/","title":{"rendered":"1.5. La import\u00e0ncia de la reputaci\u00f3 digital"},"content":{"rendered":"<p>Quan es parla de reputaci\u00f3 en l\u00ednia i de mantenir una empremta digital positiva, cal tenir present que les accions i les paraules publicades en l\u00ednia poden tenir repercussions a llarg termini en la vida dels infants. Un estudi realitzat per CareerBuilder (2018) va trobar que el 70 % dels empresaris revisen les xarxes socials dels candidats durant el proc\u00e9s de contractaci\u00f3, i el 54 % han decidit no contractar un candidat basant-se en el contingut dels seus perfils en l\u00ednia. Aquesta dada subratlla la import\u00e0ncia de gestionar adequadament la identitat digital des de ben jove, ja que pot tenir un impacte significatiu en les oportunitats laborals futures.<\/p>\n<p>Per als infants, <strong>una empremta digital positiva pot influir en les seves oportunitats futures<\/strong>, incloent-hi l\u2019admissi\u00f3 a institucions educatives i oportunitats laborals. Formar els nens i nenes en identitat digital els ajuda a comprendre la import\u00e0ncia de pensar abans de publicar i a ser conscients de com les seves accions en l\u00ednia poden afectar la seva vida a llarg termini. Aquesta formaci\u00f3 tamb\u00e9 els proporciona les habilitats necess\u00e0ries per gestionar la seva pres\u00e8ncia en l\u00ednia de manera segura i responsable, i crear un entorn digital m\u00e9s segur per a ells mateixos i per als altres.<\/p>\n<p>El concepte de crian\u00e7a compartida (<em>sharenting<\/em>), que implica que els pares comparteixen de manera excessiva la vida dels seus fills a les xarxes socials, afegeix una capa addicional de complexitat a la identitat digital dels nens. <strong>Aquesta pr\u00e0ctica pot exposar els infants a riscos com la p\u00e8rdua de privacitat i l\u2019\u00fas inadequat de la seva imatge.<\/strong> \u00c9s crucial que els pares siguin conscients dels possibles impactes negatius de l\u2019exposici\u00f3 excessiva i que prenguin mesures per protegir la identitat digital dels seus fills. En aquest context, la formaci\u00f3 en identitat digital no nom\u00e9s \u00e9s important per als nens, sin\u00f3 tamb\u00e9 per als pares, perqu\u00e8 entenguin la necessitat de respectar la privacitat dels seus fills i contribuir a construir una empremta digital positiva des de la inf\u00e0ncia. Ensenyar els nens sobre identitat digital tamb\u00e9 els pot empoderar per tenir converses informades amb els seus pares sobre com volen que es comparteixi la seva vida en l\u00ednia.<\/p>\n","protected":false},"excerpt":{"rendered":"<p>Quan es parla de reputaci\u00f3 en l\u00ednia i de mantenir una empremta digital positiva, cal tenir present que les accions i les paraules publicades en l\u00ednia poden tenir repercussions a llarg termini en la vida dels infants. Un estudi realitzat per CareerBuilder (2018) va trobar que el 70 % dels empresaris revisen les xarxes socials [&hellip;]<\/p>\n","protected":false},"author":1,"featured_media":0,"parent":0,"menu_order":0,"comment_status":"closed","ping_status":"closed","template":"","meta":{"_acf_changed":false,"footnotes":""},"class_list":["post-54","page","type-page","status-publish","hentry"],"acf":[],"_links":{"self":[{"href":"https:\/\/casos-practics-identitat-digital.recursos.uoc.edu\/gestio-identitat-digital-centre-primaria\/wp-json\/wp\/v2\/pages\/54"}],"collection":[{"href":"https:\/\/casos-practics-identitat-digital.recursos.uoc.edu\/gestio-identitat-digital-centre-primaria\/wp-json\/wp\/v2\/pages"}],"about":[{"href":"https:\/\/casos-practics-identitat-digital.recursos.uoc.edu\/gestio-identitat-digital-centre-primaria\/wp-json\/wp\/v2\/types\/page"}],"author":[{"embeddable":true,"href":"https:\/\/casos-practics-identitat-digital.recursos.uoc.edu\/gestio-identitat-digital-centre-primaria\/wp-json\/wp\/v2\/users\/1"}],"replies":[{"embeddable":true,"href":"https:\/\/casos-practics-identitat-digital.recursos.uoc.edu\/gestio-identitat-digital-centre-primaria\/wp-json\/wp\/v2\/comments?post=54"}],"version-history":[{"count":2,"href":"https:\/\/casos-practics-identitat-digital.recursos.uoc.edu\/gestio-identitat-digital-centre-primaria\/wp-json\/wp\/v2\/pages\/54\/revisions"}],"predecessor-version":[{"id":168,"href":"https:\/\/casos-practics-identitat-digital.recursos.uoc.edu\/gestio-identitat-digital-centre-primaria\/wp-json\/wp\/v2\/pages\/54\/revisions\/168"}],"wp:attachment":[{"href":"https:\/\/casos-practics-identitat-digital.recursos.uoc.edu\/gestio-identitat-digital-centre-primaria\/wp-json\/wp\/v2\/media?parent=54"}],"curies":[{"name":"wp","href":"https:\/\/api.w.org\/{rel}","templated":true}]}}