{"id":65,"date":"2024-11-20T13:15:45","date_gmt":"2024-11-20T11:15:45","guid":{"rendered":"https:\/\/casos-practics-identitat-digital.recursos.uoc.edu\/gestio-identitat-digital-centre-primaria\/?page_id=65"},"modified":"2025-01-16T15:00:31","modified_gmt":"2025-01-16T13:00:31","slug":"2-1-caracteristiques-del-centre-i-lentorn","status":"publish","type":"page","link":"https:\/\/casos-practics-identitat-digital.recursos.uoc.edu\/gestio-identitat-digital-centre-primaria\/2-1-caracteristiques-del-centre-i-lentorn\/","title":{"rendered":"2.1. Caracter\u00edstiques del centre i l\u2019entorn"},"content":{"rendered":"<p>L\u2019<strong>Escola l\u2019Albarzer<\/strong> \u00e9s una escola de prim\u00e0ria situada al barri del Poblenou, a Barcelona. El barri \u00e9s al districte de Sant Mart\u00ed, al nord-est de Barcelona, i s\u2019est\u00e9n des de la Gran Via de les Corts Catalanes fins a la costa mediterr\u00e0nia. Hist\u00f2ricament, Poblenou va ser una \u00e0rea industrial amb nombroses f\u00e0briques i tallers que van prosperar durant el segle <span class=\"roman\">xix<\/span>. Amb el pas dels anys, el barri ha experimentat una transformaci\u00f3 significativa i s\u2019ha convertit en un dels epicentres de la innovaci\u00f3 i la tecnologia a Barcelona.<\/p>\n<p>L\u2019Escola l\u2019Albarzer \u00e9s una escola de prim\u00e0ria moderna i innovadora, situada al cor del barri del Poblenou. El centre destaca per la seva integraci\u00f3 de tecnologies avan\u00e7ades en l\u2019ensenyament, el seu comprom\u00eds amb el medi ambient i la seva atenci\u00f3 a la diversitat i la inclusi\u00f3. Compta amb un total de 350 alumnes, distribu\u00efts des d\u2019I3 fins a sis\u00e8 de prim\u00e0ria. L&#8217;estudiantat reflecteix la diversitat cultural del barri, amb estudiants de nacionalitats i entorns socioecon\u00f2mics diferents. Aquesta diversitat enriqueix la comunitat escolar i fomenta un ambient inclusiu i respectu\u00f3s.<\/p>\n<figure id=\"attachment_67\" aria-describedby=\"caption-attachment-67\" style=\"width: 736px\" class=\"wp-caption alignnone\"><img loading=\"lazy\" decoding=\"async\" class=\"size-full wp-image-67\" src=\"\/wp-content\/uploads\/sites\/5\/2024\/11\/PID_00305193_02.png\" alt=\"\" width=\"736\" height=\"414\" srcset=\"\/wp-content\/uploads\/sites\/5\/2024\/11\/PID_00305193_02.png 736w, \/wp-content\/uploads\/sites\/5\/2024\/11\/PID_00305193_02-300x169.png 300w\" sizes=\"(max-width: 736px) 100vw, 736px\" \/><figcaption id=\"caption-attachment-67\" class=\"wp-caption-text\">Figura 2. Simulaci\u00f3 de l\u2019Escola Albarzer<br \/>Font: elaboraci\u00f3 pr\u00f2pia a partir de l\u2019edifici Alan Turing de l\u2019Escuela Polit\u00e9cnica Superior (Universidad Aut\u00f3noma de Madrid).<\/figcaption><\/figure>\n","protected":false},"excerpt":{"rendered":"<p>L\u2019Escola l\u2019Albarzer \u00e9s una escola de prim\u00e0ria situada al barri del Poblenou, a Barcelona. El barri \u00e9s al districte de Sant Mart\u00ed, al nord-est de Barcelona, i s\u2019est\u00e9n des de la Gran Via de les Corts Catalanes fins a la costa mediterr\u00e0nia. Hist\u00f2ricament, Poblenou va ser una \u00e0rea industrial amb nombroses f\u00e0briques i tallers que [&hellip;]<\/p>\n","protected":false},"author":1,"featured_media":0,"parent":0,"menu_order":0,"comment_status":"closed","ping_status":"closed","template":"","meta":{"_acf_changed":false,"footnotes":""},"class_list":["post-65","page","type-page","status-publish","hentry"],"acf":[],"_links":{"self":[{"href":"https:\/\/casos-practics-identitat-digital.recursos.uoc.edu\/gestio-identitat-digital-centre-primaria\/wp-json\/wp\/v2\/pages\/65"}],"collection":[{"href":"https:\/\/casos-practics-identitat-digital.recursos.uoc.edu\/gestio-identitat-digital-centre-primaria\/wp-json\/wp\/v2\/pages"}],"about":[{"href":"https:\/\/casos-practics-identitat-digital.recursos.uoc.edu\/gestio-identitat-digital-centre-primaria\/wp-json\/wp\/v2\/types\/page"}],"author":[{"embeddable":true,"href":"https:\/\/casos-practics-identitat-digital.recursos.uoc.edu\/gestio-identitat-digital-centre-primaria\/wp-json\/wp\/v2\/users\/1"}],"replies":[{"embeddable":true,"href":"https:\/\/casos-practics-identitat-digital.recursos.uoc.edu\/gestio-identitat-digital-centre-primaria\/wp-json\/wp\/v2\/comments?post=65"}],"version-history":[{"count":6,"href":"https:\/\/casos-practics-identitat-digital.recursos.uoc.edu\/gestio-identitat-digital-centre-primaria\/wp-json\/wp\/v2\/pages\/65\/revisions"}],"predecessor-version":[{"id":278,"href":"https:\/\/casos-practics-identitat-digital.recursos.uoc.edu\/gestio-identitat-digital-centre-primaria\/wp-json\/wp\/v2\/pages\/65\/revisions\/278"}],"wp:attachment":[{"href":"https:\/\/casos-practics-identitat-digital.recursos.uoc.edu\/gestio-identitat-digital-centre-primaria\/wp-json\/wp\/v2\/media?parent=65"}],"curies":[{"name":"wp","href":"https:\/\/api.w.org\/{rel}","templated":true}]}}