{"id":73,"date":"2024-11-20T13:22:26","date_gmt":"2024-11-20T11:22:26","guid":{"rendered":"https:\/\/casos-practics-identitat-digital.recursos.uoc.edu\/gestio-identitat-digital-centre-primaria\/?page_id=73"},"modified":"2024-11-21T14:36:15","modified_gmt":"2024-11-21T12:36:15","slug":"2-2-recursos-humans-i-de-gestio-del-centre","status":"publish","type":"page","link":"https:\/\/casos-practics-identitat-digital.recursos.uoc.edu\/gestio-identitat-digital-centre-primaria\/2-2-recursos-humans-i-de-gestio-del-centre\/","title":{"rendered":"2.2. Recursos humans i de gesti\u00f3 del centre"},"content":{"rendered":"<p>Els <strong>recursos humans<\/strong> del centre estan compostos per:<\/p>\n<table>\n<tbody>\n<tr>\n<th scope=\"row\"><strong>Personal docent<\/strong><\/th>\n<td>Mestres de prim\u00e0ria<br \/>\nMestres especialistes de m\u00fasica, educaci\u00f3 f\u00edsica, angl\u00e8s, etc.<\/td>\n<\/tr>\n<tr>\n<th scope=\"row\"><strong>Personal administratiu<\/strong><\/th>\n<td>Administratiu del centre<\/td>\n<\/tr>\n<tr>\n<th scope=\"row\"><strong>Personal de suport<\/strong><\/th>\n<td>Orientador escolar<br \/>\nLogopeda<br \/>\nVetlladora<\/td>\n<\/tr>\n<tr>\n<th scope=\"row\"><strong>Personal de serveis<\/strong><\/th>\n<td>Conserge<br \/>\nPersonal de neteja<br \/>\nCuiners\/es<br \/>\nMonitors\/es de menjador<\/td>\n<\/tr>\n<\/tbody>\n<\/table>\n<p>Per la bona gesti\u00f3 i organitzaci\u00f3 del centre, el centre t\u00e9 els seg\u00fcents <strong>c\u00e0rrecs de coordinaci\u00f3 i direcci\u00f3<\/strong> en el centre:<\/p>\n<ul>\n<li><strong>Director<\/strong>. \u00c9s el responsable de la gesti\u00f3 general del centre.<\/li>\n<li><strong>Cap d\u2019estudis<\/strong>. Coordina l\u2019activitat acad\u00e8mica i organitza els horaris i les substitucions.<\/li>\n<li><strong>Coordinadors de cicle<\/strong>. Coordinen les activitats i la programaci\u00f3 del seu cicle (inicial, mitj\u00e0 i superior).<\/li>\n<li><strong>Coordinador pedag\u00f2gic<\/strong>. Planifica, implementa i supervisa el proc\u00e9s d\u2019ensenyament-aprenentatge. La seva feina est\u00e0 orientada a millorar la qualitat educativa i a assegurar-se que es compleixin els objectius acad\u00e8mics i pedag\u00f2gics del centre.<\/li>\n<li><strong>Coordinador de tutories<\/strong>. Coordina els tutors i tutores del centre i s\u2019encarrega d\u2019aplicar el Pla d\u2019acci\u00f3 tutorial del centre.<\/li>\n<li><strong>Coordinador COCOBE<\/strong>. El coordinador de coeducaci\u00f3, conviv\u00e8ncia i benestar de l\u2019alumnat (COCOBE) \u00e9s la persona referent en aquestes mat\u00e8ries per a l\u2019alumnat i el professorat del centre.<\/li>\n<li><strong>Coordinador digital<\/strong>. Dinamitza les actuacions que determini la comissi\u00f3 digital dintre de la seva estrat\u00e8gia digital de centre (EDC) i resol incid\u00e8ncies t\u00e8cniques.<\/li>\n<li><strong>Caps de departament<\/strong>. Lideren, coordinen i supervisen les activitats acad\u00e8miques i administratives del seu departament espec\u00edfic.<\/li>\n<li><strong>Coordinador ling\u00fc\u00edstic<\/strong>. Assessora l\u2019equip directiu en l\u2019elaboraci\u00f3 del projecte ling\u00fc\u00edstic i en el tractament de les lleng\u00fces en l\u2019elaboraci\u00f3 del projecte curricular del centre, d\u2019acord amb els criteris establerts en el projecte ling\u00fc\u00edstic.<\/li>\n<li><strong>Coordinador d&#8217;Erasmus<\/strong>. T\u00e9 la responsabilitat de gestionar i supervisar les activitats relacionades amb el programa Erasmus+ de la Uni\u00f3 Europea. Aquest programa promou la mobilitat i la cooperaci\u00f3 educativa entre institucions de diferents pa\u00efsos europeus.<\/li>\n<\/ul>\n","protected":false},"excerpt":{"rendered":"<p>Els recursos humans del centre estan compostos per: Personal docent Mestres de prim\u00e0ria Mestres especialistes de m\u00fasica, educaci\u00f3 f\u00edsica, angl\u00e8s, etc. Personal administratiu Administratiu del centre Personal de suport Orientador escolar Logopeda Vetlladora Personal de serveis Conserge Personal de neteja Cuiners\/es Monitors\/es de menjador Per la bona gesti\u00f3 i organitzaci\u00f3 del centre, el centre t\u00e9 [&hellip;]<\/p>\n","protected":false},"author":1,"featured_media":0,"parent":0,"menu_order":0,"comment_status":"closed","ping_status":"closed","template":"","meta":{"_acf_changed":false,"footnotes":""},"class_list":["post-73","page","type-page","status-publish","hentry"],"acf":[],"_links":{"self":[{"href":"https:\/\/casos-practics-identitat-digital.recursos.uoc.edu\/gestio-identitat-digital-centre-primaria\/wp-json\/wp\/v2\/pages\/73"}],"collection":[{"href":"https:\/\/casos-practics-identitat-digital.recursos.uoc.edu\/gestio-identitat-digital-centre-primaria\/wp-json\/wp\/v2\/pages"}],"about":[{"href":"https:\/\/casos-practics-identitat-digital.recursos.uoc.edu\/gestio-identitat-digital-centre-primaria\/wp-json\/wp\/v2\/types\/page"}],"author":[{"embeddable":true,"href":"https:\/\/casos-practics-identitat-digital.recursos.uoc.edu\/gestio-identitat-digital-centre-primaria\/wp-json\/wp\/v2\/users\/1"}],"replies":[{"embeddable":true,"href":"https:\/\/casos-practics-identitat-digital.recursos.uoc.edu\/gestio-identitat-digital-centre-primaria\/wp-json\/wp\/v2\/comments?post=73"}],"version-history":[{"count":9,"href":"https:\/\/casos-practics-identitat-digital.recursos.uoc.edu\/gestio-identitat-digital-centre-primaria\/wp-json\/wp\/v2\/pages\/73\/revisions"}],"predecessor-version":[{"id":149,"href":"https:\/\/casos-practics-identitat-digital.recursos.uoc.edu\/gestio-identitat-digital-centre-primaria\/wp-json\/wp\/v2\/pages\/73\/revisions\/149"}],"wp:attachment":[{"href":"https:\/\/casos-practics-identitat-digital.recursos.uoc.edu\/gestio-identitat-digital-centre-primaria\/wp-json\/wp\/v2\/media?parent=73"}],"curies":[{"name":"wp","href":"https:\/\/api.w.org\/{rel}","templated":true}]}}