{"id":78,"date":"2024-11-20T13:26:59","date_gmt":"2024-11-20T11:26:59","guid":{"rendered":"https:\/\/casos-practics-identitat-digital.recursos.uoc.edu\/gestio-identitat-digital-centre-primaria\/?page_id=78"},"modified":"2024-11-21T14:36:27","modified_gmt":"2024-11-21T12:36:27","slug":"2-3-principis-metodologics-del-centre","status":"publish","type":"page","link":"https:\/\/casos-practics-identitat-digital.recursos.uoc.edu\/gestio-identitat-digital-centre-primaria\/2-3-principis-metodologics-del-centre\/","title":{"rendered":"2.3. Principis metodol\u00f2gics del centre"},"content":{"rendered":"<p>L\u2019<strong>Escola l\u2019Albarzer <\/strong>segueix una metodologia educativa basada en l\u2019aprenentatge actiu i cooperatiu, i integra les noves tecnologies com a eina fonamental. Alguns dels projectes educatius destacats s\u00f3n els seg\u00fcents:<\/p>\n<ul>\n<li><strong>Projecte de tecnologies digitals<\/strong>. \u00c9s un programa que introdueix els alumnes en el m\u00f3n de la programaci\u00f3, la rob\u00f2tica i la seguretat en l\u00ednia. Aquest projecte inclou tallers setmanals i competicions internes de rob\u00f2tica.<\/li>\n<li><strong>Programa d\u2019educaci\u00f3 ambiental<\/strong>. Es tracta d\u2019un conjunt d\u2019activitats orientades a conscienciar els alumnes sobre la import\u00e0ncia del medi ambient i la sostenibilitat. Inclou l\u2019hort escolar, el reciclatge i projectes de conservaci\u00f3.<\/li>\n<li><strong>Tallers art\u00edstics i creatius<\/strong>. A m\u00e9s de les classes regulars, el centre ofereix extraescolars d\u2019art, m\u00fasica i teatre per fomentar la creativitat i l\u2019expressi\u00f3 art\u00edstica dels alumnes.<\/li>\n<li><strong>Projecte Erasmus<\/strong>. L\u2019Escola l\u2019Albarzer t\u00e9 un projecte internacional que fa en col\u00b7laboraci\u00f3 amb una altra escola d\u2019Alemanya, en qu\u00e8 tracta el tema de la digitalitzaci\u00f3 de les activitats de lectoescriptura i amb el qual es fan intercanvis escolars entre els dos pa\u00efsos regularment.<\/li>\n<\/ul>\n","protected":false},"excerpt":{"rendered":"<p>L\u2019Escola l\u2019Albarzer segueix una metodologia educativa basada en l\u2019aprenentatge actiu i cooperatiu, i integra les noves tecnologies com a eina fonamental. Alguns dels projectes educatius destacats s\u00f3n els seg\u00fcents: Projecte de tecnologies digitals. \u00c9s un programa que introdueix els alumnes en el m\u00f3n de la programaci\u00f3, la rob\u00f2tica i la seguretat en l\u00ednia. Aquest projecte [&hellip;]<\/p>\n","protected":false},"author":1,"featured_media":0,"parent":0,"menu_order":0,"comment_status":"closed","ping_status":"closed","template":"","meta":{"_acf_changed":false,"footnotes":""},"class_list":["post-78","page","type-page","status-publish","hentry"],"acf":[],"_links":{"self":[{"href":"https:\/\/casos-practics-identitat-digital.recursos.uoc.edu\/gestio-identitat-digital-centre-primaria\/wp-json\/wp\/v2\/pages\/78"}],"collection":[{"href":"https:\/\/casos-practics-identitat-digital.recursos.uoc.edu\/gestio-identitat-digital-centre-primaria\/wp-json\/wp\/v2\/pages"}],"about":[{"href":"https:\/\/casos-practics-identitat-digital.recursos.uoc.edu\/gestio-identitat-digital-centre-primaria\/wp-json\/wp\/v2\/types\/page"}],"author":[{"embeddable":true,"href":"https:\/\/casos-practics-identitat-digital.recursos.uoc.edu\/gestio-identitat-digital-centre-primaria\/wp-json\/wp\/v2\/users\/1"}],"replies":[{"embeddable":true,"href":"https:\/\/casos-practics-identitat-digital.recursos.uoc.edu\/gestio-identitat-digital-centre-primaria\/wp-json\/wp\/v2\/comments?post=78"}],"version-history":[{"count":3,"href":"https:\/\/casos-practics-identitat-digital.recursos.uoc.edu\/gestio-identitat-digital-centre-primaria\/wp-json\/wp\/v2\/pages\/78\/revisions"}],"predecessor-version":[{"id":150,"href":"https:\/\/casos-practics-identitat-digital.recursos.uoc.edu\/gestio-identitat-digital-centre-primaria\/wp-json\/wp\/v2\/pages\/78\/revisions\/150"}],"wp:attachment":[{"href":"https:\/\/casos-practics-identitat-digital.recursos.uoc.edu\/gestio-identitat-digital-centre-primaria\/wp-json\/wp\/v2\/media?parent=78"}],"curies":[{"name":"wp","href":"https:\/\/api.w.org\/{rel}","templated":true}]}}